{"id":13524,"date":"2016-10-03T05:00:00","date_gmt":"2016-10-03T05:00:00","guid":{"rendered":"http:\/\/www.fivecontinentseditions.com\/prodotto\/graines-2\/"},"modified":"2018-01-02T10:20:29","modified_gmt":"2018-01-02T10:20:29","slug":"graines-2","status":"publish","type":"product","link":"https:\/\/www.fivecontinentseditions.com\/fr\/p\/graines-2\/","title":{"rendered":"Graines"},"content":{"rendered":"<p>Graines est un voyage dans l&rsquo;intimit\u00e9 d&rsquo;une nature \u00e9tonnante de beaut\u00e9.<\/p>\n<p>Paul Starosta, photographe naturaliste fran\u00e7ais, est c\u00e9l\u00e8bre pour avoir d\u00e9busqu\u00e9 et mis en lumi\u00e8re le caract\u00e8re artistique de la nature. Au fil des 200 superbes photographies de ce livre, il nous ouvre \u00e0 la beaut\u00e9 et \u00e0 la complexit\u00e9 recel\u00e9es m\u00eame par les plus petites des graines. Pour r\u00e9aliser ses photographies, il a pu s&rsquo;appuyer sur les collections de Jean Laty et celles de l&rsquo;association La Voie des fleurs \u00e0Draveil, en France.<br \/>\nLes formes et les couleurs qu&rsquo;il nous donne \u00e0voir sont infinies et les d\u00e9tails stup\u00e9fiants. Certaines graines \u00e9voquent des fleurs, d&rsquo;autres des pierres ou des sculptures, d&rsquo;autres encore des bijoux cr\u00e9\u00e9s par un orf\u00e8vre imaginaire. Les jeux d&rsquo;ombre et de lumi\u00e8re font ressortir la beaut\u00e9 presque magique de ces petits chefs-d&rsquo;oeuvre qui contiennent le myst\u00e8re de la vie, concentr\u00e9 \u00e0 la fois dans le minuscule et l&rsquo;infiniment grand.<br \/>\nChacune de ces petites merveilles en \u00e9voquant d&rsquo;autres, on pense en les voyant \u00e0des oeuvres d&rsquo;art ou \u00e0des d\u00e9tails architecturaux. L&rsquo;homme lui-m\u00eame est nature, et il a toujours \u00e9t\u00e9 inspir\u00e9 par elle &ndash; quoique parfois indirectement, voire en s&rsquo;en d\u00e9fendant &ndash; pour produire des cr\u00e9ations curieuses ou audacieuses.<br \/>\nApr\u00e8s avoir feuillet\u00e9 ce livre, vous ne regarderez plus la nature de la m\u00eame fa\u00e7on.<\/p>\n<p><strong>Paul Starosta<\/strong> est biologiste et photographe. Associant ses deux passions &ndash; la nature et la photographie &ndash;, il a publi\u00e9 plus de 40 livres sur les plantes et les animaux, qui lui ont valu plusieurs r\u00e9compenses. Le num\u00e9ro 129 (2010) de la collection Photo Poche lui est consacr\u00e9, collection cr\u00e9\u00e9e par Robert Delpire et publi\u00e9e par Actes Sud, qui fait r\u00e9f\u00e9rence dans le monde entier.<br \/>\n<strong>Michel Butor<\/strong>, romancier et essayiste fran\u00e7ais, a \u00e9t\u00e9 l&rsquo;une des figures de proue du Nouveau Roman dans les ann\u00e9es 1950. Il a \u00e9tudi\u00e9 la philosophie \u00e0 la Sorbonne, dont il est sorti dipl\u00f4m\u00e9 en 1947, et il a enseign\u00e9 en &Eacute;gypte, \u00e0Manchester, \u00e0Salonique, aux &Eacute;tats-Unis et \u00e0Gen\u00e8ve. Il a remport\u00e9 de nombreux prix, dont le prix Apollo, le prix F\u00e9n\u00e9on et le prix Renaudot.<br \/>\n<strong>Elke Zippel<\/strong> a \u00e9tudi\u00e9 la biologie \u00e0 la Freie Universit\u00e4t de Berlin, et plus particuli\u00e8rement la botanique syst\u00e9matique et la zoologie, la g\u00e9obotanique et l&rsquo;\u00e9cologie. Elle a consacr\u00e9 sa th\u00e8se de doctorat aux mousses des for\u00eats de lauriers des \u00eeles Canaries. Depuis 2009, elle travaille surtout sur des projets nationaux et internationaux dans la banque de graines de Dahlem, au Jardin botanique et Mus\u00e9e botanique de Berlin-Dahlem.<br \/>\n<strong>Thomas D&uuml;rbye<\/strong> travaille au Jardin botanique et Mus\u00e9e botanique de Berlin-Dahlem depuis 1989. Il dirige la banque de graines de plantes sauvages de Dahlem, qu&rsquo;il enrichit depuis 1994. Il a particip\u00e9 \u00e0de nombreuses missions botaniques en Allemagne et \u00e0l&rsquo;\u00e9tranger.<br \/>\n<strong>Agnes Kirchhoff<\/strong> est biologiste et sp\u00e9cialiste de botanique. Apr\u00e8s ses \u00e9tudes, elle a travaill\u00e9 pour divers consultants dans le domaine de la planification environnementale. Employ\u00e9e au Jardin botanique et Mus\u00e9e botanique de Berlin-Dahlem depuis 1998, elle participe \u00e0des projets de recherche nationaux et internationaux.<\/p>\n","protected":false},"excerpt":{"rendered":"<p>Graines est un voyage dans l&rsquo;intimit\u00e9 d&rsquo;une nature \u00e9tonnante de beaut\u00e9. Paul Starosta, photographe naturaliste fran\u00e7ais, est c\u00e9l\u00e8bre pour avoir d\u00e9busqu\u00e9 et mis en lumi\u00e8re le caract\u00e8re artistique de la nature. Au fil des 200 superbes photographies de ce livre, il nous ouvre \u00e0 la beaut\u00e9 et \u00e0 la complexit\u00e9 recel\u00e9es m\u00eame par les plus&hellip;<\/p>\n","protected":false},"featured_media":15883,"template":"","meta":{"_acf_changed":false,"inline_featured_image":false},"product_brand":[],"product_cat":[73],"product_tag":[],"class_list":{"0":"post-13524","1":"product","2":"type-product","3":"status-publish","4":"has-post-thumbnail","6":"product_cat-photographie","7":"disponibilita-no","8":"description-off","10":"first","11":"outofstock","12":"shipping-taxable","13":"purchasable","14":"product-type-simple"},"acf":[],"_links":{"self":[{"href":"https:\/\/www.fivecontinentseditions.com\/fr\/wp-json\/wp\/v2\/product\/13524","targetHints":{"allow":["GET"]}}],"collection":[{"href":"https:\/\/www.fivecontinentseditions.com\/fr\/wp-json\/wp\/v2\/product"}],"about":[{"href":"https:\/\/www.fivecontinentseditions.com\/fr\/wp-json\/wp\/v2\/types\/product"}],"wp:featuredmedia":[{"embeddable":true,"href":"https:\/\/www.fivecontinentseditions.com\/fr\/wp-json\/wp\/v2\/media\/15883"}],"wp:attachment":[{"href":"https:\/\/www.fivecontinentseditions.com\/fr\/wp-json\/wp\/v2\/media?parent=13524"}],"wp:term":[{"taxonomy":"product_brand","embeddable":true,"href":"https:\/\/www.fivecontinentseditions.com\/fr\/wp-json\/wp\/v2\/product_brand?post=13524"},{"taxonomy":"product_cat","embeddable":true,"href":"https:\/\/www.fivecontinentseditions.com\/fr\/wp-json\/wp\/v2\/product_cat?post=13524"},{"taxonomy":"product_tag","embeddable":true,"href":"https:\/\/www.fivecontinentseditions.com\/fr\/wp-json\/wp\/v2\/product_tag?post=13524"}],"curies":[{"name":"wp","href":"https:\/\/api.w.org\/{rel}","templated":true}]}}