{"id":13488,"date":"2016-09-29T05:00:00","date_gmt":"2016-09-29T05:00:00","guid":{"rendered":"http:\/\/www.fivecontinentseditions.com\/prodotto\/karl-blossfeldt-2\/"},"modified":"2022-03-15T13:37:57","modified_gmt":"2022-03-15T13:37:57","slug":"karl-blossfeldt-2","status":"publish","type":"product","link":"https:\/\/www.fivecontinentseditions.com\/fr\/p\/karl-blossfeldt-2\/","title":{"rendered":"Karl Blossfeldt"},"content":{"rendered":"<p>Karl Blossfeldt (1865-1932), grand pionnier de la photographie de plantes, n\u2019\u00e9tait ni un photographe, ni un botaniste. Professeur au mus\u00e9e des Arts d\u00e9coratifs \u00e0 Berlin, l\u2019int\u00e9r\u00eat qu\u2019il portait au monde des plantes \u00e9tait d\u2019ordre artistique et didactique: passionn\u00e9 par la structure des v\u00e9g\u00e9taux \u2013\u00abqui constitue leur plus haute forme artistique n\u00e9e de leur fonction\u00bb\u2013, il a voulu la rendre visible, notamment \u00e0 des fins comparatives, par le moyen de la photographie. Blossfeldt s\u2019est lui-m\u00eame fabriqu\u00e9 un appareil \u00e0 plaque avec lequel il a photographi\u00e9 les plantes \u2013qu\u2019il avait g\u00e9n\u00e9ralement collect\u00e9es et diss\u00e9qu\u00e9es en personne\u2013 avec un grossissement de deux \u00e0 huit fois. \u00c0 partir de 1898, il va r\u00e9unir un total de pr\u00e8s de 6000 photographies, qui ont essentiellement un usage p\u00e9dagogique. \u00c0 la fin des ann\u00e9es 1920 et au d\u00e9but des ann\u00e9es 1930, il publie deux livres, <em>Les Formes originelles de l\u2019art<\/em> (1928) et <em>Le Jardin merveilleux de la nature<\/em> (1932), qui auront une profonde influence sur les artistes de son \u00e9poque, enthousiasmant les surr\u00e9alistes comme les tenants de la Nouvelle Objectivit\u00e9. Ces ouvrages ont assur\u00e9 la c\u00e9l\u00e9brit\u00e9 de leur auteur et sont rest\u00e9s dans l\u2019histoire de l\u2019art et de la photographie comme des classiques du genre. <em>Les Essentielles<\/em> rassemblent les plus beaux \u00abportraits de plantes\u00bb \u2013\u00e0 la fois rigoureusement objectifs et pleinement po\u00e9tiques\u2013 de Karl Blossfeldt.<\/p>\n<p><strong>Hansj\u00f6rg K\u00fcster<\/strong>, n\u00e9 en 1956, a \u00e9tudi\u00e9 la biologie \u00e0 l\u2019universit\u00e9 de Stuttgart-Hohenheim en Allemagne. En 1998, il est nomm\u00e9 professeur d\u2019\u00e9cologie v\u00e9g\u00e9tale \u00e0 l\u2019Institut de g\u00e9obotanique de l\u2019universit\u00e9 Leibniz \u00e0Hanovre. Ses recherches et ses publications portent plus particuli\u00e8rement sur les principes de l\u2019\u00e9cologie et sur l\u2019histoire de la v\u00e9g\u00e9tation et des paysages en Europe centrale.<\/p>\n","protected":false},"excerpt":{"rendered":"<p>Karl Blossfeldt (1865-1932), grand pionnier de la photographie de plantes, n\u2019\u00e9tait ni un photographe, ni un botaniste. Professeur au mus\u00e9e des Arts d\u00e9coratifs \u00e0 Berlin, l\u2019int\u00e9r\u00eat qu\u2019il portait au monde des plantes \u00e9tait d\u2019ordre artistique et didactique: passionn\u00e9 par la structure des v\u00e9g\u00e9taux \u2013\u00abqui constitue leur plus haute forme artistique n\u00e9e de leur fonction\u00bb\u2013, il&hellip;<\/p>\n","protected":false},"featured_media":15913,"template":"","meta":{"_acf_changed":false,"inline_featured_image":false},"product_brand":[],"product_cat":[73],"product_tag":[],"class_list":{"0":"post-13488","1":"product","2":"type-product","3":"status-publish","4":"has-post-thumbnail","6":"product_cat-photographie","7":"disponibilita-no","8":"description-off","10":"first","11":"outofstock","12":"shipping-taxable","13":"purchasable","14":"product-type-simple"},"acf":[],"_links":{"self":[{"href":"https:\/\/www.fivecontinentseditions.com\/fr\/wp-json\/wp\/v2\/product\/13488","targetHints":{"allow":["GET"]}}],"collection":[{"href":"https:\/\/www.fivecontinentseditions.com\/fr\/wp-json\/wp\/v2\/product"}],"about":[{"href":"https:\/\/www.fivecontinentseditions.com\/fr\/wp-json\/wp\/v2\/types\/product"}],"wp:featuredmedia":[{"embeddable":true,"href":"https:\/\/www.fivecontinentseditions.com\/fr\/wp-json\/wp\/v2\/media\/15913"}],"wp:attachment":[{"href":"https:\/\/www.fivecontinentseditions.com\/fr\/wp-json\/wp\/v2\/media?parent=13488"}],"wp:term":[{"taxonomy":"product_brand","embeddable":true,"href":"https:\/\/www.fivecontinentseditions.com\/fr\/wp-json\/wp\/v2\/product_brand?post=13488"},{"taxonomy":"product_cat","embeddable":true,"href":"https:\/\/www.fivecontinentseditions.com\/fr\/wp-json\/wp\/v2\/product_cat?post=13488"},{"taxonomy":"product_tag","embeddable":true,"href":"https:\/\/www.fivecontinentseditions.com\/fr\/wp-json\/wp\/v2\/product_tag?post=13488"}],"curies":[{"name":"wp","href":"https:\/\/api.w.org\/{rel}","templated":true}]}}