{"id":12276,"date":"2017-10-06T05:00:00","date_gmt":"2017-10-06T05:00:00","guid":{"rendered":"http:\/\/www.fivecontinentseditions.com\/prodotto\/pretiosa-vitrea-2\/"},"modified":"2017-12-21T19:02:57","modified_gmt":"2017-12-21T19:02:57","slug":"pretiosa-vitrea-2","status":"publish","type":"product","link":"https:\/\/www.fivecontinentseditions.com\/fr\/p\/pretiosa-vitrea-2\/","title":{"rendered":"Pretiosa Vitrea"},"content":{"rendered":"<p>Le volume <em>Pretiosa Vitrea<\/em>, dont le titre s&rsquo;inspire de la d\u00e9finition du verre dans l&rsquo;&oelig;uvre latine <em>Satyricon<\/em> \u00e9crite au i<sup>er<\/sup>si\u00e8cle par P\u00e9trone, vise \u00e0mettre en valeur le patrimoine verrier conserv\u00e9 dans les mus\u00e9es nationaux de Toscane et quelques collections priv\u00e9es majeures de la r\u00e9gion. La qualit\u00e9 des plus de cent antiquit\u00e9s pr\u00e9sent\u00e9es est inestimable et comparable \u00e0l&rsquo;excellence des ouvrages en verre que l&rsquo;on trouve dans les plus importants mus\u00e9es internationaux.<br \/>\nY sont r\u00e9unies des &oelig;uvres embl\u00e9matiques de l&rsquo;art du verre romain en Toscane, comme le verre-cam\u00e9e de Torrita di Siena ou la chrysographie d&rsquo;Arezzo.<br \/>\nOutre des productions verri\u00e8res de premier plan, une vaste diversit\u00e9 de pi\u00e8ces illustrant l&rsquo;\u00e9volution des techniques de production en s\u00e9rie, l&rsquo;usage des moules et jusqu&rsquo;\u00e0l&rsquo;affirmation du verre souffl\u00e9 au milieu du i<sup>er<\/sup> si\u00e8cle avant notre \u00e8re est \u00e9galement pr\u00e9sent\u00e9e. Cette derni\u00e8re technique en particulier a d&rsquo;embl\u00e9e d\u00e9montr\u00e9 ses avantages par rapport \u00e0 la traditionnelle production c\u00e9ramique, non seulement en termes de co\u00fbts moindres, mais en outre de pr\u00e9servation inalt\u00e9r\u00e9e du go\u00fbt des liquides et des aliments.<\/p>\n<p><strong>Fabrizio Paolucci<\/strong> est conservateur de la collection d&rsquo;art classique de la Galerie des Offices. Ses domaines de recherche vont des productions verri\u00e8res renomm\u00e9es de l&rsquo;antiquit\u00e9 tardive aux collections historiques de pi\u00e8ces antiques en passant par des th\u00e8mes li\u00e9s \u00e0 la chromie sur marbre dans le monde romain. Il a \u00e9t\u00e9 le conservateur de nombreuses expositions consacr\u00e9es tant au verre antique qu&rsquo;\u00e0l&rsquo;art du portrait romain sans oublier une longue activit\u00e9 de vulgarisation de l&rsquo;arch\u00e9ologie en recherche scientifique.<br \/>\n<strong>Giandomenico De Tommaso<\/strong> est professeur agr\u00e9g\u00e9 d&rsquo;Arch\u00e9ologie et d&rsquo;Histoire de l&rsquo;art grec et romain \u00e0l&rsquo;universit\u00e9 de Florence et chercheur au d\u00e9partement SAGAS du m\u00eame Ath\u00e9n\u00e9e o\u00f9 il est responsable scientifique de projets de recherche et de valorisation, notamment l&rsquo;\u00e9tude du site arch\u00e9ologique romain de Poggio del Molino (Populonia, Toscane) et la conservation des Archives de Enrico Paribeni \u00e0 la Biblioth\u00e8que humaniste de l&rsquo;universit\u00e9 de Florence. Il a dirig\u00e9 de nombreuses fouilles en Italie et en Cr\u00e8te, et a collabor\u00e9 \u00e0 la cr\u00e9ation d&rsquo;expositions et de mus\u00e9es (Piombino, G\u00eanes, Florence, etc.) qu&rsquo;il a coordonn\u00e9s. Ses centres d&rsquo;int\u00e9r\u00eat vont des aspects de la production verri\u00e8re aux probl\u00e8mes de celle de c\u00e9ramique grecque et romaine, et \u00e0 la topographie d&rsquo;Ath\u00e8nes.<\/p>\n","protected":false},"excerpt":{"rendered":"<p>Le volume Pretiosa Vitrea, dont le titre s&rsquo;inspire de la d\u00e9finition du verre dans l&rsquo;&oelig;uvre latine Satyricon \u00e9crite au iersi\u00e8cle par P\u00e9trone, vise \u00e0mettre en valeur le patrimoine verrier conserv\u00e9 dans les mus\u00e9es nationaux de Toscane et quelques collections priv\u00e9es majeures de la r\u00e9gion. La qualit\u00e9 des plus de cent antiquit\u00e9s pr\u00e9sent\u00e9es est inestimable et&hellip;<\/p>\n","protected":false},"featured_media":12250,"template":"","meta":{"_acf_changed":false,"inline_featured_image":false},"product_brand":[],"product_cat":[47],"product_tag":[],"class_list":{"0":"post-12276","1":"product","2":"type-product","3":"status-publish","4":"has-post-thumbnail","6":"product_cat-archeologie","7":"disponibilita-si","8":"description-off","10":"first","11":"instock","12":"shipping-taxable","13":"purchasable","14":"product-type-simple"},"acf":[],"_links":{"self":[{"href":"https:\/\/www.fivecontinentseditions.com\/fr\/wp-json\/wp\/v2\/product\/12276","targetHints":{"allow":["GET"]}}],"collection":[{"href":"https:\/\/www.fivecontinentseditions.com\/fr\/wp-json\/wp\/v2\/product"}],"about":[{"href":"https:\/\/www.fivecontinentseditions.com\/fr\/wp-json\/wp\/v2\/types\/product"}],"wp:featuredmedia":[{"embeddable":true,"href":"https:\/\/www.fivecontinentseditions.com\/fr\/wp-json\/wp\/v2\/media\/12250"}],"wp:attachment":[{"href":"https:\/\/www.fivecontinentseditions.com\/fr\/wp-json\/wp\/v2\/media?parent=12276"}],"wp:term":[{"taxonomy":"product_brand","embeddable":true,"href":"https:\/\/www.fivecontinentseditions.com\/fr\/wp-json\/wp\/v2\/product_brand?post=12276"},{"taxonomy":"product_cat","embeddable":true,"href":"https:\/\/www.fivecontinentseditions.com\/fr\/wp-json\/wp\/v2\/product_cat?post=12276"},{"taxonomy":"product_tag","embeddable":true,"href":"https:\/\/www.fivecontinentseditions.com\/fr\/wp-json\/wp\/v2\/product_tag?post=12276"}],"curies":[{"name":"wp","href":"https:\/\/api.w.org\/{rel}","templated":true}]}}