{"id":12246,"date":"2017-08-21T05:00:00","date_gmt":"2017-08-21T05:00:00","guid":{"rendered":"http:\/\/www.fivecontinentseditions.com\/prodotto\/hemba-2\/"},"modified":"2026-03-08T14:46:52","modified_gmt":"2026-03-08T14:46:52","slug":"hemba-2","status":"publish","type":"product","link":"https:\/\/www.fivecontinentseditions.com\/fr\/p\/hemba-2\/","title":{"rendered":"Hemba"},"content":{"rendered":"<p>Exprimant l\u2019un des nombreux sous-styles luba, les hautes figures \u00e9rig\u00e9es masculines, cr\u00e9\u00e9es par des ma\u00eetres-sculpteurs de la culture hemba dans le sud-est du Congo depuis au moins le milieu du XIX<sup>e<\/sup> si\u00e8cle, comptent ind\u00e9niablement parmi les repr\u00e9sentations sculpturales les plus nobles de la statuaire humaine en Afrique subsaharienne.<br \/>\nAvec leur regard serein et leur expression m\u00e9ditative, il \u00e9mane d\u2019elles une paix et une dignit\u00e9 qui si\u00e9ent \u00e0ces portraits id\u00e9alis\u00e9s comm\u00e9morant des chefs estim\u00e9s du pass\u00e9.<br \/>\nP\u00e9n\u00e9tr\u00e9s d\u2019une force ou \u00e9nergie vitale, ces objets investis par un esprit \u00e9taient capables de communiquer entre les vivants et les morts. Gr\u00e2ce \u00e0leur pouvoir, ils agissaient sur la sph\u00e8re mat\u00e9rielle en permettant aux anc\u00eatres d\u2019influencer positivement le bien-\u00eatre de leurs proches en vie.<br \/>\nDans cette publication, la sensibilit\u00e9 de l\u2019objectif et l\u2019acuit\u00e9 du regard du photographe d\u2019art Luigi Spina nous permettent de d\u00e9couvrir neuf des cr\u00e9ations hemba les plus accomplies, leur style classique ayant entra\u00een\u00e9 des comparaisons avec quelques sculptures <em>kouro\u00ef<\/em> de la Gr\u00e8ce antique. Les interpr\u00e9tations photographiques de Luigi Spina nous aident \u00e0comprendre pourquoi ces statues d\u2019anc\u00eatres aux proportions \u00e9quilibr\u00e9es, de conception sym\u00e9trique, suscitent l\u2019admiration des passionn\u00e9s d\u2019art africain du monde entier.<br \/>\nCes lectures personnelles de ces portraits v\u00e9n\u00e9r\u00e9s d\u2019anc\u00eatres hemba confirment \u00e9galement pourquoi ces factures si sensibles de l\u2019anatomie humaine m\u00e9ritent de figurer dans l\u2019histoire universelle de la cr\u00e9ativit\u00e9 artistique, et une place dans le \u00ab Mus\u00e9e imaginaire \u00bb d\u2019Andr\u00e9 Malraux.<\/p>\n<p>&nbsp;<\/p>\n<p><strong>Constantin (Costa) Petridis<\/strong>, apr\u00e8s avoir \u00e9t\u00e9 plus de quatorze ans conservateur au Cleveland Museum of Art, a rejoint le Art Institute of Chicago en novembre 2016 en tant que conservateur pour l\u2019art africain et directeur du d\u00e9partement des Arts d\u2019Afrique et des Am\u00e9riques. R\u00e9dacteur et \u00e9crivain prolifique sp\u00e9cialis\u00e9 dans les arts d\u2019Afrique centrale, Petridis a r\u00e9cemment contribu\u00e9 \u00e0l\u2019ouvrage de Frank Herreman <em>Mumuye. Sculptures du Nig\u00e9ria : La Figure humaine r\u00e9invent\u00e9e<\/em>, publi\u00e9 chez 5 Continents Editions en 2016.<br \/>\n<strong>Luigi Spina<\/strong> (n\u00e9 en 1966) est un photographe. Il a particip\u00e9 au IX<sup>e<\/sup> Festival international de photographie de Rome et au MIA Fair 2013 avec son livre-projet <em>The Buchner Boxes<\/em>. Il a publi\u00e9 chez 5 Continents Editions : <em>The Buchner Boxes<\/em>, <em>Les Danseuses de la villa des Papyrus<\/em>, <em>Memorie del Vaso Blu<\/em>, <em>Amazzonomachia <\/em>et <em>Centauri<\/em>. Il a d\u00e9but\u00e9 en 2002 sa pr\u00e9sentation photographique des sculptures classiques de la collection Farn\u00e8se pour le Museo Archeologico Nazionale di Napoli.<\/p>\n","protected":false},"excerpt":{"rendered":"<p>Exprimant l\u2019un des nombreux sous-styles luba, les hautes figures \u00e9rig\u00e9es masculines, cr\u00e9\u00e9es par des ma\u00eetres-sculpteurs de la culture hemba dans le sud-est du Congo depuis au moins le milieu du XIXe si\u00e8cle, comptent ind\u00e9niablement parmi les repr\u00e9sentations sculpturales les plus nobles de la statuaire humaine en Afrique subsaharienne. Avec leur regard serein et leur expression&hellip;<\/p>\n","protected":false},"featured_media":12223,"template":"","meta":{"_acf_changed":false,"inline_featured_image":false},"product_brand":[],"product_cat":[54],"product_tag":[],"class_list":{"0":"post-12246","1":"product","2":"type-product","3":"status-publish","4":"has-post-thumbnail","6":"product_cat-art-africain","7":"disponibilita-si","8":"description-off","10":"first","11":"instock","12":"shipping-taxable","13":"purchasable","14":"product-type-simple"},"acf":[],"_links":{"self":[{"href":"https:\/\/www.fivecontinentseditions.com\/fr\/wp-json\/wp\/v2\/product\/12246","targetHints":{"allow":["GET"]}}],"collection":[{"href":"https:\/\/www.fivecontinentseditions.com\/fr\/wp-json\/wp\/v2\/product"}],"about":[{"href":"https:\/\/www.fivecontinentseditions.com\/fr\/wp-json\/wp\/v2\/types\/product"}],"wp:featuredmedia":[{"embeddable":true,"href":"https:\/\/www.fivecontinentseditions.com\/fr\/wp-json\/wp\/v2\/media\/12223"}],"wp:attachment":[{"href":"https:\/\/www.fivecontinentseditions.com\/fr\/wp-json\/wp\/v2\/media?parent=12246"}],"wp:term":[{"taxonomy":"product_brand","embeddable":true,"href":"https:\/\/www.fivecontinentseditions.com\/fr\/wp-json\/wp\/v2\/product_brand?post=12246"},{"taxonomy":"product_cat","embeddable":true,"href":"https:\/\/www.fivecontinentseditions.com\/fr\/wp-json\/wp\/v2\/product_cat?post=12246"},{"taxonomy":"product_tag","embeddable":true,"href":"https:\/\/www.fivecontinentseditions.com\/fr\/wp-json\/wp\/v2\/product_tag?post=12246"}],"curies":[{"name":"wp","href":"https:\/\/api.w.org\/{rel}","templated":true}]}}