{"id":12192,"date":"2017-05-05T05:00:00","date_gmt":"2017-05-05T05:00:00","guid":{"rendered":"http:\/\/www.fivecontinentseditions.com\/prodotto\/artico-2\/"},"modified":"2018-08-30T09:16:39","modified_gmt":"2018-08-30T09:16:39","slug":"artico-2","status":"publish","type":"product","link":"https:\/\/www.fivecontinentseditions.com\/fr\/p\/artico-2\/","title":{"rendered":"Artico"},"content":{"rendered":"<p>Le photographe aventurier Vincent Munier nous pr\u00e9sente ses plus belles images de l\u2019Arctique, r\u00e9alis\u00e9es au cours des six derni\u00e8res ann\u00e9es lors d\u2019exp\u00e9ditions hivernales, souvent en solitaire et sans assistance. Pour nous offrir ces photographies, il a parcouru des centaines de kilom\u00e8tres en tirant son tra\u00eeneau dans des conditions extr\u00eames, sur le territoire du loup blanc, le \u00ab\u00a0fant\u00f4me de la toundra\u00a0\u00bb, comme le surnomment les Inuit.<\/p>\n<p>De la Scandinavie aux \u00eeles les plus septentrionales du Nunavut (Canada), nous sommes invit\u00e9s \u00e0 d\u00e9couvrir un monde animal fascinant de beaut\u00e9, o\u00f9 l\u2019on croise ours et renards polaires, caribous, b\u0153ufs musqu\u00e9s et harfangs des neiges\u2026 Jusqu\u2019\u00e0 cette rencontre inoubliable, o\u00f9 une meute de neuf loups a encercl\u00e9 le photographe\u00a0!<\/p>\n<p>Des images uniques, dont l\u2019apparente douceur fait presque oublier la rudesse de ce d\u00e9sert du bout du monde. Baign\u00e9es d\u2019un blanc envo\u00fbtant, elles nous transportent dans un long et myst\u00e9rieux voyage \u00e0 travers les immensit\u00e9s du Grand Nord.<\/p>\n<p>En\ufb01n, Vincent Munier partage des extraits de carnets d\u2019exp\u00e9dition dans un livret \u00e0 part, pour nous convier dans l\u2019aventure arctique.<\/p>\n<p>&nbsp;<\/p>\n<p><strong>Vincent Munier<\/strong> est un photographe fran\u00e7ais, n\u00e9 \u00e0 \u00c9pinal en 1976. Il se passionne tr\u00e8s t\u00f4t pour la nature et d\u00e9couvre la photographie animali\u00e8re aux c\u00f4t\u00e9s de son p\u00e8re, naturaliste et d\u00e9fenseur des for\u00eats vosgiennes. Depuis 2002, Vincent Munier a r\u00e9alis\u00e9 de nombreux reportages \u00e0 travers le monde \u2013\u00a0en particulier dans l&rsquo;h\u00e9misph\u00e8re nord\u00a0\u2013, dans sa qu\u00eate de montrer la beaut\u00e9 de la nature sauvage et de mettre en lumi\u00e8re des esp\u00e8ces animales menac\u00e9e. Ses photographies ont \u00e9t\u00e9 publi\u00e9es dans la presse sp\u00e9cialis\u00e9e internationale et sous forme de livres.<\/p>\n","protected":false},"excerpt":{"rendered":"<p>Le photographe aventurier Vincent Munier nous pr\u00e9sente ses plus belles images de l\u2019Arctique, r\u00e9alis\u00e9es au cours des six derni\u00e8res ann\u00e9es lors d\u2019exp\u00e9ditions hivernales, souvent en solitaire et sans assistance. Pour nous offrir ces photographies, il a parcouru des centaines de kilom\u00e8tres en tirant son tra\u00eeneau dans des conditions extr\u00eames, sur le territoire du loup blanc,&hellip;<\/p>\n","protected":false},"featured_media":12169,"template":"","meta":{"_acf_changed":false,"inline_featured_image":false},"product_brand":[],"product_cat":[73],"product_tag":[],"class_list":{"0":"post-12192","1":"product","2":"type-product","3":"status-publish","4":"has-post-thumbnail","6":"product_cat-photographie","7":"disponibilita-no","8":"description-off","10":"first","11":"outofstock","12":"shipping-taxable","13":"purchasable","14":"product-type-simple"},"acf":[],"_links":{"self":[{"href":"https:\/\/www.fivecontinentseditions.com\/fr\/wp-json\/wp\/v2\/product\/12192","targetHints":{"allow":["GET"]}}],"collection":[{"href":"https:\/\/www.fivecontinentseditions.com\/fr\/wp-json\/wp\/v2\/product"}],"about":[{"href":"https:\/\/www.fivecontinentseditions.com\/fr\/wp-json\/wp\/v2\/types\/product"}],"wp:featuredmedia":[{"embeddable":true,"href":"https:\/\/www.fivecontinentseditions.com\/fr\/wp-json\/wp\/v2\/media\/12169"}],"wp:attachment":[{"href":"https:\/\/www.fivecontinentseditions.com\/fr\/wp-json\/wp\/v2\/media?parent=12192"}],"wp:term":[{"taxonomy":"product_brand","embeddable":true,"href":"https:\/\/www.fivecontinentseditions.com\/fr\/wp-json\/wp\/v2\/product_brand?post=12192"},{"taxonomy":"product_cat","embeddable":true,"href":"https:\/\/www.fivecontinentseditions.com\/fr\/wp-json\/wp\/v2\/product_cat?post=12192"},{"taxonomy":"product_tag","embeddable":true,"href":"https:\/\/www.fivecontinentseditions.com\/fr\/wp-json\/wp\/v2\/product_tag?post=12192"}],"curies":[{"name":"wp","href":"https:\/\/api.w.org\/{rel}","templated":true}]}}