{"id":12165,"date":"2017-07-12T05:00:00","date_gmt":"2017-07-12T05:00:00","guid":{"rendered":"http:\/\/www.fivecontinentseditions.com\/prodotto\/the-photograph-albums-of-jean-dubuffet-2\/"},"modified":"2017-12-21T19:01:40","modified_gmt":"2017-12-21T19:01:40","slug":"the-photograph-albums-of-jean-dubuffet-2","status":"publish","type":"product","link":"https:\/\/www.fivecontinentseditions.com\/fr\/p\/the-photograph-albums-of-jean-dubuffet-2\/","title":{"rendered":"The photograph Albums of Jean Dubuffet"},"content":{"rendered":"<p>Entre 1945 et 1963, Jean Dubuffet entreprend de documenter sa collection d&rsquo;oeuvres d&rsquo;Art Brut en la faisant photographier. Il fait appel \u00e0des professionnels de la photographie d&rsquo;art, reconnus dans le cercle parisien, comme Henry Bonhotal ou Emile Savitry. Mais il fait \u00e9galement photographier des travaux qui ne figurent pas dans ses collections, ainsi que des productions qui l&rsquo;int\u00e9ressent au plus haut point, car elles se situent en marge du champ officel de l&rsquo;art, au m\u00eame titre que l&rsquo;Art Brut. Citons notamment des oeuvres d&rsquo;art populaire ou d&rsquo;art na\u00eff, des dessins d&rsquo;enfants, des tatouages, des graffitis photographi\u00e9s par Brassa\u00ef, ou encore des travaux grahiques provenant des \u00eeles Salomon.<br \/>\nDubuffet r\u00e9unira ces photographies d&rsquo;oeuvres de plus d&rsquo;une centaine de cr\u00e9ateurs, y compris des anonymes &ndash; notamment Gaston Chaissac, Alo\u00efse Corbaz, Joseph Cr\u00e9pin, Auguste Forestier, Somuk ou Adolf W\u00f6lfli &ndash; en une suite de s\u00e9quences \u00e9tonnantes dans 14 albums (755 pages au total) qui sont conserv\u00e9s depuis 1976 dans les archives de la Collection de l&rsquo;Art Brut, \u00e0Lausanne.<br \/>\nClass\u00e9es par auteur, ces images documentent aussi bien des peintures, des dessins, des broderies, des sculptures que des collages. En constituant cette banque d&rsquo;images entre 1945 et 1963, Dubuffet r\u00e9unit et fait dialoguer des formes d&rsquo;expression tr\u00e8s diverses de son \u00e9poque, qui ont comme point commun de &laquo; fleurir &raquo; en dehors des sentiers battus de l&rsquo;histoire de l&rsquo;art et de la culture artistique.<\/p>\n<p>&Eacute;dition en fac-simil\u00e9 des Albums photographiques de Jean Dubuffet accompagn\u00e9 d&rsquo;un cahier introductif rassemblant des textes de sp\u00e9cialistes : une pr\u00e9face de Sarah Lombardi, directrice de la Collection de l&rsquo;Art Brut, et des textes de Baptiste Brun, Nicolas Garnier, Karoline Lewandowska, Jean-Hubert Martin, J\u00e9r\u00f4me Pierrat et Michel Th\u00e9voz.<\/p>\n<p><strong>Sarah Lombardi<\/strong>, historienne de l&rsquo;art, dirige de la Collection de l&rsquo;Art Brut depuis 2013. D\u00e8s 2004, elle coordonne de nombreuses expositions au sein de cette institution.<br \/>\n<strong>Baptiste Brun<\/strong> est ma\u00eetre de conf\u00e9rences en histoire de l&rsquo;art contemporain \u00e0l&rsquo;universit\u00e9 Rennes 2 et l&rsquo;auteur d&rsquo;une th\u00e8se sur Jean Dubuffet et l&rsquo;Art Brut.<br \/>\n<strong>Nicolas Garnier<\/strong>, anthropologue, chercheur l&rsquo;universit\u00e9 de Papouasie-Nouvelle-Guin\u00e9e de 2003 \u00e02016. Aujourd&rsquo;hui charg\u00e9 des collections Oc\u00e9anie au mus\u00e9e du quai Branly-Jacques Chirac \u00e0 Paris.<br \/>\n<strong>Karolina Ziebinska-Lewandowska<\/strong> est conservatrice au Cabinet de la photographie de MNAM Centre Pompidou. Dans les ann\u00e9es 1999-2010 conservatrice \u00e0Zacheta Galerie National d&rsquo;Art Contemporain, Varsovie. Co-fondatrice de la Fondation de l&rsquo;Arch\u00e9ologie de Photographie et sa pr\u00e9sidente jusqu&rsquo;\u00e02014.<br \/>\n<strong>Jean-Hubert Martin<\/strong> est historien d&rsquo;art, conservateur, directeur d&rsquo;institution et commissaire d&rsquo;exposition fran\u00e7ais. Au travers de son parcours professionnel, il a oeuvr\u00e9 \u00e0l&rsquo;\u00e9largissement du regard pos\u00e9 sur l&rsquo;art contemporain et \u00e0l&rsquo;instauration d&rsquo;un dialogue entre les cultures.<br \/>\n<strong>J\u00e9r\u00f4me Pierrat<\/strong>, historien de formation, est journaliste pour la presse \u00e9crite et la t\u00e9l\u00e9vision, et sp\u00e9cialiste du crime organis\u00e9. Il est par ailleurs r\u00e9dacteur en chef de Tatouage magazine et l&rsquo;auteur notamment de : Mauvais gar\u00e7ons, portraits de tatou\u00e9s, 1890-1930, aux \u00e9ditions La Manufacture de livres.<br \/>\n<strong>Michel Th\u00e9voz<\/strong>, professeur honoraire \u00e0l&rsquo;universit\u00e9 de Lausanne, a \u00e9t\u00e9 conservateur au Mus\u00e9e cantonal des beaux-arts de Lausanne de 1960 \u00e01975, puis conservateur de la Collection de l&rsquo;Art Brut depuis sa fondation en 1976. Il a consacr\u00e9 un vingtaine d&rsquo;ouvrages \u00e0des ph\u00e9nom\u00e8nes borderline tels que l&rsquo;acad\u00e9misme, l&rsquo;art des fous, le spiritisme, le reflet des miroirs, le syndrome vaudois, l&rsquo;infamie, le suicide.<\/p>\n","protected":false},"excerpt":{"rendered":"<p>Entre 1945 et 1963, Jean Dubuffet entreprend de documenter sa collection d&rsquo;oeuvres d&rsquo;Art Brut en la faisant photographier. Il fait appel \u00e0des professionnels de la photographie d&rsquo;art, reconnus dans le cercle parisien, comme Henry Bonhotal ou Emile Savitry. Mais il fait \u00e9galement photographier des travaux qui ne figurent pas dans ses collections, ainsi que des&hellip;<\/p>\n","protected":false},"featured_media":12140,"template":"","meta":{"_acf_changed":false,"inline_featured_image":false},"product_brand":[],"product_cat":[49],"product_tag":[],"class_list":{"0":"post-12165","1":"product","2":"type-product","3":"status-publish","4":"has-post-thumbnail","6":"product_cat-art-brut-fr","7":"disponibilita-si","8":"description-off","10":"first","11":"instock","12":"shipping-taxable","13":"purchasable","14":"product-type-simple"},"acf":[],"_links":{"self":[{"href":"https:\/\/www.fivecontinentseditions.com\/fr\/wp-json\/wp\/v2\/product\/12165","targetHints":{"allow":["GET"]}}],"collection":[{"href":"https:\/\/www.fivecontinentseditions.com\/fr\/wp-json\/wp\/v2\/product"}],"about":[{"href":"https:\/\/www.fivecontinentseditions.com\/fr\/wp-json\/wp\/v2\/types\/product"}],"wp:featuredmedia":[{"embeddable":true,"href":"https:\/\/www.fivecontinentseditions.com\/fr\/wp-json\/wp\/v2\/media\/12140"}],"wp:attachment":[{"href":"https:\/\/www.fivecontinentseditions.com\/fr\/wp-json\/wp\/v2\/media?parent=12165"}],"wp:term":[{"taxonomy":"product_brand","embeddable":true,"href":"https:\/\/www.fivecontinentseditions.com\/fr\/wp-json\/wp\/v2\/product_brand?post=12165"},{"taxonomy":"product_cat","embeddable":true,"href":"https:\/\/www.fivecontinentseditions.com\/fr\/wp-json\/wp\/v2\/product_cat?post=12165"},{"taxonomy":"product_tag","embeddable":true,"href":"https:\/\/www.fivecontinentseditions.com\/fr\/wp-json\/wp\/v2\/product_tag?post=12165"}],"curies":[{"name":"wp","href":"https:\/\/api.w.org\/{rel}","templated":true}]}}