{"id":12138,"date":"2017-05-16T05:00:00","date_gmt":"2017-05-16T05:00:00","guid":{"rendered":"http:\/\/www.fivecontinentseditions.com\/prodotto\/centauri-2\/"},"modified":"2018-04-09T15:18:24","modified_gmt":"2018-04-09T15:18:24","slug":"centauri-2","status":"publish","type":"product","link":"https:\/\/www.fivecontinentseditions.com\/fr\/p\/centauri-2\/","title":{"rendered":"Centauri"},"content":{"rendered":"<p>La collection \u00ab Oggetti rari e preziosi \u00bb du Mus\u00e9e arch\u00e9ologique de Naples s\u2019enrichit de nouveaux chefs-d\u2019\u0153uvre r\u00e9unis par hasard depuis l\u2019ann\u00e9e de leur d\u00e9couverte, en 1835, et qui, pour des raisons diverses, n\u2019ont jamais \u00e9t\u00e9 expos\u00e9s. La paire de canthares en argent a \u00e9t\u00e9 d\u00e9couverte \u00e0Pomp\u00e9i avec douze autres objets du m\u00eame m\u00e9tal dans la maison VI 7,23 qui aurait \u00e9t\u00e9 appel\u00e9e \u00ab de l\u2019argenterie \u00bb. Ce sont les exemplaires les mieux conserv\u00e9s des r\u00e9cipients travaill\u00e9s dans la m\u00eame technique en repouss\u00e9 conserv\u00e9s dans le mus\u00e9e. Les sc\u00e8nes avec des centaures, centauresses et des  Cupidons, dans un cadre dionysiaque \u00e9voqu\u00e9 par des platanes et la m\u00eame statue du dieu, ont un caract\u00e8re purement d\u00e9coratif. Chaque d\u00e9tail, m\u00eame le plus infime, est r\u00e9alis\u00e9 avec un soin absolu que l\u2019agrandissement photographique permet d\u2019appr\u00e9cier nettement plus qu\u2019avec une vision directe. En raison de leur fragilit\u00e9 \u2014 la feuille d\u2019argent est m\u00eame sensible aux variations de temp\u00e9rature entre le jour et la nuit \u2014, ces pi\u00e8ces sont conserv\u00e9es dans une atmosph\u00e8re climatis\u00e9e. C\u2019est la raison pour laquelle ce volume est le moyen de les montrer au public tant qu\u2019il n\u2019existera pas des pr\u00e9sentoirs appropri\u00e9s capables d\u2019en assurer les meilleures conditions de conservation.<\/p>\n<p><strong>Valeria Sampaolo<\/strong> est conservatrice en chef des collections du Mus\u00e9e arch\u00e9ologique national de Naples. Auteur de nombreuses publications, elle m\u00e8ne notamment des recherches sur les premi\u00e8res fouilles effectu\u00e9es dans la r\u00e9gion du V\u00e9suve et s\u2019int\u00e9resse \u00e0 la reconstitution du contexte d\u2019origine des fresques du mus\u00e9e, th\u00e8me sur lequel elle a r\u00e9cemment organis\u00e9 une exposition.<br \/>\n<strong>Luigi Spina<\/strong> est photographe. Ses th\u00e8mes de pr\u00e9dilection sont les amphith\u00e9\u00e2tres et le sens civique du sacr\u00e9, les liens entre les arts et la foi, la qu\u00eate des identit\u00e9s culturelles de l\u2019Antiquit\u00e9, la confrontation physique avec la sculpture classique, la mer, lieu de recherches infinies, et les r\u00eaveries des arch\u00e9ologues. Il a publi\u00e9 <em>L\u2019Ora Incerta<\/em> (2014), <em>The Buchner Boxes<\/em> (2014), <em>Memorie del Vaso blu<\/em> (2016) et, r\u00e9cemment, <em>Les Danseuses de la villa des papyrus <\/em>: ce dernier ouvrage a paru dans la collection \u00ab Tailormade \u00bb de 5 Continents Editions.<\/p>\n","protected":false},"excerpt":{"rendered":"<p>La collection \u00ab Oggetti rari e preziosi \u00bb du Mus\u00e9e arch\u00e9ologique de Naples s\u2019enrichit de nouveaux chefs-d\u2019\u0153uvre r\u00e9unis par hasard depuis l\u2019ann\u00e9e de leur d\u00e9couverte, en 1835, et qui, pour des raisons diverses, n\u2019ont jamais \u00e9t\u00e9 expos\u00e9s. La paire de canthares en argent a \u00e9t\u00e9 d\u00e9couverte \u00e0Pomp\u00e9i avec douze autres objets du m\u00eame m\u00e9tal dans&hellip;<\/p>\n","protected":false},"featured_media":12109,"template":"","meta":{"_acf_changed":false,"inline_featured_image":false},"product_brand":[],"product_cat":[47],"product_tag":[],"class_list":{"0":"post-12138","1":"product","2":"type-product","3":"status-publish","4":"has-post-thumbnail","6":"product_cat-archeologie","7":"collana-oggetti-rari-e-preziosi-al-mann-fr","8":"disponibilita-si","9":"description-off","11":"first","12":"instock","13":"shipping-taxable","14":"purchasable","15":"product-type-simple"},"acf":[],"_links":{"self":[{"href":"https:\/\/www.fivecontinentseditions.com\/fr\/wp-json\/wp\/v2\/product\/12138","targetHints":{"allow":["GET"]}}],"collection":[{"href":"https:\/\/www.fivecontinentseditions.com\/fr\/wp-json\/wp\/v2\/product"}],"about":[{"href":"https:\/\/www.fivecontinentseditions.com\/fr\/wp-json\/wp\/v2\/types\/product"}],"wp:featuredmedia":[{"embeddable":true,"href":"https:\/\/www.fivecontinentseditions.com\/fr\/wp-json\/wp\/v2\/media\/12109"}],"wp:attachment":[{"href":"https:\/\/www.fivecontinentseditions.com\/fr\/wp-json\/wp\/v2\/media?parent=12138"}],"wp:term":[{"taxonomy":"product_brand","embeddable":true,"href":"https:\/\/www.fivecontinentseditions.com\/fr\/wp-json\/wp\/v2\/product_brand?post=12138"},{"taxonomy":"product_cat","embeddable":true,"href":"https:\/\/www.fivecontinentseditions.com\/fr\/wp-json\/wp\/v2\/product_cat?post=12138"},{"taxonomy":"product_tag","embeddable":true,"href":"https:\/\/www.fivecontinentseditions.com\/fr\/wp-json\/wp\/v2\/product_tag?post=12138"}],"curies":[{"name":"wp","href":"https:\/\/api.w.org\/{rel}","templated":true}]}}