{"id":12072,"date":"2017-08-21T05:00:00","date_gmt":"2017-08-21T05:00:00","guid":{"rendered":"http:\/\/www.fivecontinentseditions.com\/prodotto\/atget-2\/"},"modified":"2017-12-21T19:00:38","modified_gmt":"2017-12-21T19:00:38","slug":"atget-2","status":"publish","type":"product","link":"https:\/\/www.fivecontinentseditions.com\/fr\/p\/atget-2\/","title":{"rendered":"Atget"},"content":{"rendered":"<p>Le photographe Eug\u00e8ne Atget est surtout connu pour sa chronique en images d&rsquo;un Paris romantique, bien qu&rsquo;en voie de disparition, au tournant du xx<sup>e<\/sup>si\u00e8cle. Ce livre explore un autre aspect de son &oelig;uvre en pr\u00e9sentant une s\u00e9rie de cartes postales sur les petits m\u00e9tiers parisiens.<br \/>\nCes images, qui furent \u00e0peu pr\u00e8s les seules publi\u00e9es du vivant de l&rsquo;artiste, refl\u00e8tent la nature \u00e9ph\u00e9m\u00e8re de la vie de la rue et s&rsquo;inscrivent dans une longue tradition de repr\u00e9sentation de marchands et d&rsquo;artisans au travail. Atget immortalise les \u00e9tals des march\u00e9s, les petits m\u00e9tiers, les \u00e9ventaires de bric et de broc et les divertissements bon enfant qui donnaient \u00e0 Paris tout son piquant et renouvelaient sans cesse l&rsquo;animation de ses rues.<\/p>\n<p><strong>Benjamin Weiss<\/strong> est directeur des collections et conservateur de la culture visuelle Leonard A. Lauder au Museum of Fine Arts de Boston.<\/p>\n","protected":false},"excerpt":{"rendered":"<p>Le photographe Eug\u00e8ne Atget est surtout connu pour sa chronique en images d&rsquo;un Paris romantique, bien qu&rsquo;en voie de disparition, au tournant du xxesi\u00e8cle. Ce livre explore un autre aspect de son &oelig;uvre en pr\u00e9sentant une s\u00e9rie de cartes postales sur les petits m\u00e9tiers parisiens. Ces images, qui furent \u00e0peu pr\u00e8s les seules publi\u00e9es du&hellip;<\/p>\n","protected":false},"featured_media":12040,"template":"","meta":{"_acf_changed":false,"inline_featured_image":false},"product_brand":[],"product_cat":[73],"product_tag":[],"class_list":{"0":"post-12072","1":"product","2":"type-product","3":"status-publish","4":"has-post-thumbnail","6":"product_cat-photographie","7":"disponibilita-no","8":"description-off","10":"first","11":"outofstock","12":"shipping-taxable","13":"purchasable","14":"product-type-simple"},"acf":[],"_links":{"self":[{"href":"https:\/\/www.fivecontinentseditions.com\/fr\/wp-json\/wp\/v2\/product\/12072","targetHints":{"allow":["GET"]}}],"collection":[{"href":"https:\/\/www.fivecontinentseditions.com\/fr\/wp-json\/wp\/v2\/product"}],"about":[{"href":"https:\/\/www.fivecontinentseditions.com\/fr\/wp-json\/wp\/v2\/types\/product"}],"wp:featuredmedia":[{"embeddable":true,"href":"https:\/\/www.fivecontinentseditions.com\/fr\/wp-json\/wp\/v2\/media\/12040"}],"wp:attachment":[{"href":"https:\/\/www.fivecontinentseditions.com\/fr\/wp-json\/wp\/v2\/media?parent=12072"}],"wp:term":[{"taxonomy":"product_brand","embeddable":true,"href":"https:\/\/www.fivecontinentseditions.com\/fr\/wp-json\/wp\/v2\/product_brand?post=12072"},{"taxonomy":"product_cat","embeddable":true,"href":"https:\/\/www.fivecontinentseditions.com\/fr\/wp-json\/wp\/v2\/product_cat?post=12072"},{"taxonomy":"product_tag","embeddable":true,"href":"https:\/\/www.fivecontinentseditions.com\/fr\/wp-json\/wp\/v2\/product_tag?post=12072"}],"curies":[{"name":"wp","href":"https:\/\/api.w.org\/{rel}","templated":true}]}}