{"id":12036,"date":"2017-10-01T05:00:00","date_gmt":"2017-10-01T05:00:00","guid":{"rendered":"http:\/\/www.fivecontinentseditions.com\/prodotto\/mitchell-riopelle-2\/"},"modified":"2017-12-21T19:00:06","modified_gmt":"2017-12-21T19:00:06","slug":"mitchell-riopelle-2","status":"publish","type":"product","link":"https:\/\/www.fivecontinentseditions.com\/fr\/p\/mitchell-riopelle-2\/","title":{"rendered":"Mitchell | Riopelle"},"content":{"rendered":"<p>Le peintre canadien Jean-Paul Riopelle (1923-2002) et la peintre am\u00e9ricaine Joan Mitchell(1925-1992) figurent, aux c\u00f4t\u00e9s d&rsquo;Auguste Rodin et Camille Claudel, de Man Ray et Lee Miller, de Diego Rivera et Frida Kahlo, de Jackson Pollock et Lee Krasner, dans la constellation des mythologies sentimentales et artistiques, aussi tumultueuses que prosp\u00e8res, entre respect et d\u00e9testation, \u00e9mulation et jalousie, solitude et accomplissement.<br \/>\nCe catalogue d&rsquo;envergure constituera un ouvrage de r\u00e9f\u00e9rence et fera la synth\u00e8se d&rsquo;une relation cr\u00e9atrice qui unit les deux artistes durant quelque 25 ann\u00e9es de production. R\u00e9dig\u00e9 par des sp\u00e9cialistes de la p\u00e9riode et de l&rsquo;&oelig;uvre, le catalogue fournira aux lecteurs un outil d&rsquo;approfondissement de deux corpus majeurs de l&rsquo;art de la seconde moiti\u00e9 du XX<sup>e<\/sup> si\u00e8cle, en plus de mettre en lumi\u00e8re les liens formels, esth\u00e9tiques et biographiques qui nourrirent chacune de leur d\u00e9marche cr\u00e9atrice.<br \/>\nPour la toute premi\u00e8re fois, un ouvrage propose de se pencher, sur leur relation, \u00e0compter de leur rencontre en 1955 jusqu&rsquo;\u00e0leur s\u00e9paration en 1979. Rassemblant quelque 60 &oelig;uvres magistrales, principalement des tableaux de grand format, quelques &oelig;uvres sur papier et des documents d&rsquo;archives, <em>Riopelle Mitchell<\/em> explorera comment ces deux artistes, qui ont partag\u00e9 leurs vies pendant pr\u00e8s de 25 ans, \u00e0 Paris puis \u00e0V\u00e9theuil (dans la vall\u00e9e de la Seine), ont d\u00e9velopp\u00e9 une pratique d&rsquo;atelier et un corpus bien distinctifs tout en engageant un dialogue nourri autour de l&rsquo;abstraction. Leurs go\u00fbts pour l&rsquo;h\u00e9ritage impressionniste, la nature et une forme de provocation les ont certainement rapproch\u00e9s. Leur conception de la peinture et leurs m\u00e9thodes de travail se sont affirm\u00e9es comme profond\u00e9ment identitaires, \u00e9troitement li\u00e9es au pouls de leur relation sentimentale et de leur relation \u00e0leur environnement.<br \/>\nConfrontations et r\u00e9sonnances entre des &oelig;uvres aux sujets communs ou aux motifs et sources d&rsquo;inspiration propres \u00e0chacun (en particulier la musique, la po\u00e9sie et la campagne autour de V\u00e9theuil pour Mitchell, notamment, l&rsquo;exploration de diverses techniques dont la gravure et la sculpture pour Riopelle), ce volume dressera un splendide portait de deux grandes figures de l&rsquo;abstraction internationale.<br \/>\nCette publication constitue une r\u00e9v\u00e9lation tant pour le public que pour les sp\u00e9cialistes.<\/p>\n<p><strong>Michel Martin<\/strong>, commissaire de l&rsquo;exposition, anciennement conservateur de l&rsquo;art contemporain au MNBAQ (1978 \u00e02008).<br \/>\n<strong>Kenneth Brummel<\/strong>, conservateur adjoint de l&rsquo;art moderne \u00e0l&rsquo;AGO, sp\u00e9cialiste de l&rsquo;art am\u00e9ricain et europ\u00e9en de la fin du XIX<sup>e<\/sup> et du XX<sup>e<\/sup> si\u00e8cles.<br \/>\n<strong>Yves Michaud<\/strong>, philosophe fran\u00e7ais, essayiste et critique d&rsquo;art qui a notamment occup\u00e9 les postes de Directeur de l&rsquo;&Eacute;cole nationale sup\u00e9rieure des beaux-arts (1989-1997), de r\u00e9dacteur en chef des Cahiers du Mus\u00e9e National d&rsquo;Art Moderne du Centre Georges-Pompidou(1986-1990), avant d&rsquo;\u00eatre le concepteur et l&rsquo;organisateur de l&rsquo;Universit\u00e9 de tous les savoirs(UTLS) \u00e0partir de 1998. Auteur de nombreux essais consacr\u00e9s l&rsquo;art contemporain, YvesMichaud a \u00e9crit sur le travail de Joan Mitchell avec qui il a entretenu une profonde relation d&rsquo;amiti\u00e9, ainsi que sur l&rsquo;&oelig;uvre de Jean-Paul Riopelle.<\/p>\n","protected":false},"excerpt":{"rendered":"<p>Le peintre canadien Jean-Paul Riopelle (1923-2002) et la peintre am\u00e9ricaine Joan Mitchell(1925-1992) figurent, aux c\u00f4t\u00e9s d&rsquo;Auguste Rodin et Camille Claudel, de Man Ray et Lee Miller, de Diego Rivera et Frida Kahlo, de Jackson Pollock et Lee Krasner, dans la constellation des mythologies sentimentales et artistiques, aussi tumultueuses que prosp\u00e8res, entre respect et d\u00e9testation, \u00e9mulation&hellip;<\/p>\n","protected":false},"featured_media":12002,"template":"","meta":{"_acf_changed":false,"inline_featured_image":false},"product_brand":[],"product_cat":[57],"product_tag":[],"class_list":{"0":"post-12036","1":"product","2":"type-product","3":"status-publish","4":"has-post-thumbnail","6":"product_cat-art-contemporain","7":"disponibilita-no","8":"description-off","10":"first","11":"outofstock","12":"shipping-taxable","13":"purchasable","14":"product-type-simple"},"acf":[],"_links":{"self":[{"href":"https:\/\/www.fivecontinentseditions.com\/fr\/wp-json\/wp\/v2\/product\/12036","targetHints":{"allow":["GET"]}}],"collection":[{"href":"https:\/\/www.fivecontinentseditions.com\/fr\/wp-json\/wp\/v2\/product"}],"about":[{"href":"https:\/\/www.fivecontinentseditions.com\/fr\/wp-json\/wp\/v2\/types\/product"}],"wp:featuredmedia":[{"embeddable":true,"href":"https:\/\/www.fivecontinentseditions.com\/fr\/wp-json\/wp\/v2\/media\/12002"}],"wp:attachment":[{"href":"https:\/\/www.fivecontinentseditions.com\/fr\/wp-json\/wp\/v2\/media?parent=12036"}],"wp:term":[{"taxonomy":"product_brand","embeddable":true,"href":"https:\/\/www.fivecontinentseditions.com\/fr\/wp-json\/wp\/v2\/product_brand?post=12036"},{"taxonomy":"product_cat","embeddable":true,"href":"https:\/\/www.fivecontinentseditions.com\/fr\/wp-json\/wp\/v2\/product_cat?post=12036"},{"taxonomy":"product_tag","embeddable":true,"href":"https:\/\/www.fivecontinentseditions.com\/fr\/wp-json\/wp\/v2\/product_tag?post=12036"}],"curies":[{"name":"wp","href":"https:\/\/api.w.org\/{rel}","templated":true}]}}