{"id":11946,"date":"2017-11-14T05:00:00","date_gmt":"2017-11-14T05:00:00","guid":{"rendered":"http:\/\/www.fivecontinentseditions.com\/prodotto\/body-2\/"},"modified":"2024-09-16T12:56:39","modified_gmt":"2024-09-16T12:56:39","slug":"body-2","status":"publish","type":"product","link":"https:\/\/www.fivecontinentseditions.com\/fr\/p\/body-2\/","title":{"rendered":"Body"},"content":{"rendered":"<p>Consacr\u00e9e au corps, ce troisi\u00e8me volume (apr\u00e8s <em>V\u00e9hicules<\/em> et <em>Architectures<\/em>) de la s\u00e9rie Art Brut La Collection qui accompagne les Biennales de L\u2019art Brut, propose exclusivement des \u0153uvres issues des collections du mus\u00e9e lausannois \u2013 dont certaines rarement expos\u00e9es.Le livre r\u00e9unit un grand nombre de dessins, peintures, photographies et sculptures et refl\u00e8te les multiples repr\u00e9sentations du corps dans les productions d\u2019Art Brut, sans perdre de vue la dimension du dialogue intime que les auteurs entretiennent avec leurs cr\u00e9ations. Ces \u0153uvres rel\u00e8vent d\u2019un corps \u00e0corps ; elles constituent des \u00ab batailles \u00bb sans m\u00e9diation ni concession que le cr\u00e9ateur m\u00e8ne avec sa propre image et son v\u00e9cu singulier. Pour certains d\u2019entre eux, le corps est le refuge d\u2019une intimit\u00e9 complexe ; pour d\u2019autres, une prison \u00e0fuir, ou encore le centre d\u2019\u00e9nergies \u00e0lib\u00e9rer et \u00e0transformer.Rarement expos\u00e9s et publi\u00e9s, les tatouages de prisonniers attestent de l\u2019int\u00e9r\u00eat de Jean Dubuffet, fondateur du concept d\u2019Art Brut, et \u00e0l\u2019origine du mus\u00e9e lausannois, pour des cr\u00e9ations se situant en marge du milieu de l\u2019art. Les grands \u00ab classiques \u00bb de l\u2019Art Brut, telle Alo\u00efse Corbaz, c\u00f4toient des d\u00e9couvertes plus r\u00e9centes, comme les corps-visages d\u2019Eric Derkenne, ou la toute puissante \u00ab transsexualit\u00e9 nucl\u00e9aire \u00bb de Giovanni Galli. D\u00e9doublement de soi et jeux de miroir t\u00e9moignent d\u2019une qu\u00eate identitaire instinctive, comme chez Josef Hofer et Robert Gie. Morcel\u00e9 et fragment\u00e9, avec Giovanni Bosco, ou rassembl\u00e9 dans une unit\u00e9 cosmique, avec Guo Fengyi, le corps mat\u00e9rialise un flux perp\u00e9tuel dont l\u2019art peut s\u2019emparer pour en faire un t\u00e9moignage existentiel.<\/p>\n<p><strong>Gustavo Giacosa<\/strong> est acteur, metteur en sc\u00e8ne, chor\u00e9graphe et commissaire d\u2019expositions. Il d\u00e9bute son parcours de formation professionnelle en 1991 avec Pippo Delbono. En 2005, il cr\u00e9e \u00e0G\u00eanes l\u2019Association Culturelle ContemporArt, et d\u00e9veloppe une recherche sur le rapport entre l\u2019art et la folie au sein de diff\u00e9rentes formes artistiques en devenant commissaire de plusieurs expositions sur cette th\u00e9matique comme \u00abBanditi dell\u2019Arte\u00bb \u00e0 la Halle Saint Pierre de Paris ou \u00abEric Derkenne. Champs de bataille\u00bb \u00e0 la Collection de l\u2019Art Brut. A partir de 2012 il s\u2019\u00e9tabli en France o\u00f9 il fonde sa compagnie de th\u00e9\u00e2tre: SIC.12.<\/p>\n<p><strong>David Le Breton<\/strong>est professeur de sociologie \u00e0l\u2019universit\u00e9 de Strasbourg. Membre de l\u2019Institut Universitaire de France. Auteur notamment de <em>Disparaitre de soi. Une tentation contemporaine<\/em>, <em>La sociologie du corps<\/em>, <em>Exp\u00e9riences de la douleur. Entre destruction et renaissance<\/em>,<em> Anthropologie du corps et modernit\u00e9<\/em>, <em>Tenir. Douleur chronique et r\u00e9invention de soi<\/em>.<\/p>\n","protected":false},"excerpt":{"rendered":"<p>Consacr\u00e9e au corps, ce troisi\u00e8me volume (apr\u00e8s V\u00e9hicules et Architectures) de la s\u00e9rie Art Brut La Collection qui accompagne les Biennales de L\u2019art Brut, propose exclusivement des \u0153uvres issues des collections du mus\u00e9e lausannois \u2013 dont certaines rarement expos\u00e9es.Le livre r\u00e9unit un grand nombre de dessins, peintures, photographies et sculptures et refl\u00e8te les multiples repr\u00e9sentations&hellip;<\/p>\n","protected":false},"featured_media":11891,"template":"","meta":{"_acf_changed":false,"inline_featured_image":false},"product_brand":[],"product_cat":[49],"product_tag":[],"class_list":{"0":"post-11946","1":"product","2":"type-product","3":"status-publish","4":"has-post-thumbnail","6":"product_cat-art-brut-fr","7":"collana-art-brut-la-collection","8":"disponibilita-no","9":"description-off","11":"first","12":"outofstock","13":"shipping-taxable","14":"purchasable","15":"product-type-simple"},"acf":[],"_links":{"self":[{"href":"https:\/\/www.fivecontinentseditions.com\/fr\/wp-json\/wp\/v2\/product\/11946","targetHints":{"allow":["GET"]}}],"collection":[{"href":"https:\/\/www.fivecontinentseditions.com\/fr\/wp-json\/wp\/v2\/product"}],"about":[{"href":"https:\/\/www.fivecontinentseditions.com\/fr\/wp-json\/wp\/v2\/types\/product"}],"wp:featuredmedia":[{"embeddable":true,"href":"https:\/\/www.fivecontinentseditions.com\/fr\/wp-json\/wp\/v2\/media\/11891"}],"wp:attachment":[{"href":"https:\/\/www.fivecontinentseditions.com\/fr\/wp-json\/wp\/v2\/media?parent=11946"}],"wp:term":[{"taxonomy":"product_brand","embeddable":true,"href":"https:\/\/www.fivecontinentseditions.com\/fr\/wp-json\/wp\/v2\/product_brand?post=11946"},{"taxonomy":"product_cat","embeddable":true,"href":"https:\/\/www.fivecontinentseditions.com\/fr\/wp-json\/wp\/v2\/product_cat?post=11946"},{"taxonomy":"product_tag","embeddable":true,"href":"https:\/\/www.fivecontinentseditions.com\/fr\/wp-json\/wp\/v2\/product_tag?post=11946"}],"curies":[{"name":"wp","href":"https:\/\/api.w.org\/{rel}","templated":true}]}}