{"id":11826,"date":"2017-08-21T05:00:00","date_gmt":"2017-08-21T05:00:00","guid":{"rendered":"http:\/\/www.fivecontinentseditions.com\/prodotto\/les-figurines-des-kulango-2\/"},"modified":"2017-12-21T18:57:54","modified_gmt":"2017-12-21T18:57:54","slug":"les-figurines-des-kulango-2","status":"publish","type":"product","link":"https:\/\/www.fivecontinentseditions.com\/fr\/p\/les-figurines-des-kulango-2\/","title":{"rendered":"Les figurines Kulango"},"content":{"rendered":"<p><em>Les figurines<\/em> <em>des Kulango<\/em> se propose de faire conna\u00eetre les oeuvres miniatures cr\u00e9\u00e9es par les Kulango, au nord-est de la C\u00f4te d&rsquo;Ivoire, jadis les vassaux des deux royaumes que le pays a compt\u00e9s (Bouna et Gyaman). Peu connu, leur art, \u00e9tonnamment vari\u00e9, intrigue et d\u00e9concerte. Leurs cr\u00e9ations en m\u00e9tal surtout, d&rsquo;une saisissante libert\u00e9 d&rsquo;expression, rompent avec les codes iconographiques qui r\u00e9gissent leur statuaire en bois. D\u00e9livr\u00e9s du hi\u00e9ratisme, les corps semblent r\u00e9inventer le mouvement en adoptant parfois une gestuelle presque chor\u00e9graphique, une gr\u00e2ce a\u00e9rienne, des lignes sinueuses. Ou bien, dans une tension fr\u00e9missante, ils exhibent des torsions inattendues, de provocantes cambrures, ou ils s&rsquo;allongent jusqu&rsquo;au paroxysme, avec des raccourcis virtuoses, des volumes stylis\u00e9s. D&rsquo;autres sont plus \u00e9tranges encore, comme ces siamois, ces tripl\u00e9s indissolubles, ces cr\u00e9atures sans t\u00eate ou dot\u00e9es d&rsquo;une t\u00eate unique sur deux torses, d&rsquo;une seule jambe, de quatre jambes, de pieds palm\u00e9s, de bras-ailerons, de corps annel\u00e9s. Qui sont ces \u00eatres \u00e9nigmatiques dont les yeux globuleux scrutent l&rsquo;invisible ? Les choix plastiques se limitent-ils \u00e0ces quelques exemples ? L&rsquo;\u00e9ventail stylistique est stup\u00e9fiant, les formes les plus impr\u00e9vues.<br \/>\nAussi l&rsquo;ouvrage pr\u00e9sente- t-il plus de 100 figurines, dont aucune ne d\u00e9passe 10 centim\u00e8tres de hauteur : pendentifs, talismans, statuettes de divination, poids \u00e0peser l&rsquo;or. Introduites dans notre univers par la m\u00e9tamorphose que leur impose la photographie, transfigur\u00e9es par l&rsquo;\u00e9clairage, le cadrage, ces oeuvres ainsi ressuscit\u00e9es ressurgissent, telles des apparitions d&rsquo;un autre monde.<\/p>\n<p><strong>Alain-Michel Boyer<\/strong> est agr\u00e9g\u00e9 de l&rsquo;Universit\u00e9 et dipl\u00f4m\u00e9 de l&rsquo;Institut d&rsquo;\u00e9tudes politiques. Titulaire d&rsquo;un doctorat de la Sorbonne et d&rsquo;une Fulbright Scholarship, il a enseign\u00e9 dans plusieurs universit\u00e9s am\u00e9ricaines. Ancien membre du Conseil national des universit\u00e9s \u00e0 Paris, il est maintenant professeur \u00e9m\u00e9rite d&rsquo;art africain. Alain-Michel Boyer a v\u00e9cu deux ans dans un village de C\u00f4te d&rsquo;Ivoire et retourne fr\u00e9quemment dans ce pays. Il a effectu\u00e9 de nombreux s\u00e9jours de recherche au Mali, au Ghana, au Zimbabwe, etc.<br \/>\n<strong>Pierluigi Peroni<\/strong> est n\u00e9 en Italie en 1955. Il a obtenu un master en Business et &Eacute;conomie \u00e0l&rsquo;universit\u00e9 Bocconi de Milan et dirige actuellement une multinationale. Il a toujours aim\u00e9 \u00e9norm\u00e9ment l&rsquo;Afrique et l&rsquo;art africain qu&rsquo;il \u00e9tudie et collectionne avec une grande attention et passion. Il voyage souvent en Afrique et s&rsquo;est sp\u00e9cialis\u00e9 dans les miniatures et les bronzes africains. Il a \u00e9crit plusieurs articles et publi\u00e9 cinq livres sur sa collection d&rsquo;art africain. Il a expos\u00e9 sa collection de bronzes kotoko \u00e0Milan en 2011 et \u00e0Belgrade de 2013 \u00e02014, et sa collection de miniatures africaines \u00e0Cracovie en 2016.<\/p>\n","protected":false},"excerpt":{"rendered":"<p>Les figurines des Kulango se propose de faire conna\u00eetre les oeuvres miniatures cr\u00e9\u00e9es par les Kulango, au nord-est de la C\u00f4te d&rsquo;Ivoire, jadis les vassaux des deux royaumes que le pays a compt\u00e9s (Bouna et Gyaman). Peu connu, leur art, \u00e9tonnamment vari\u00e9, intrigue et d\u00e9concerte. Leurs cr\u00e9ations en m\u00e9tal surtout, d&rsquo;une saisissante libert\u00e9 d&rsquo;expression, rompent&hellip;<\/p>\n","protected":false},"featured_media":11821,"template":"","meta":{"_acf_changed":false,"inline_featured_image":false},"product_brand":[],"product_cat":[54],"product_tag":[],"class_list":{"0":"post-11826","1":"product","2":"type-product","3":"status-publish","4":"has-post-thumbnail","6":"product_cat-art-africain","7":"disponibilita-si","8":"description-off","10":"first","11":"instock","12":"shipping-taxable","13":"purchasable","14":"product-type-simple"},"acf":[],"_links":{"self":[{"href":"https:\/\/www.fivecontinentseditions.com\/fr\/wp-json\/wp\/v2\/product\/11826","targetHints":{"allow":["GET"]}}],"collection":[{"href":"https:\/\/www.fivecontinentseditions.com\/fr\/wp-json\/wp\/v2\/product"}],"about":[{"href":"https:\/\/www.fivecontinentseditions.com\/fr\/wp-json\/wp\/v2\/types\/product"}],"wp:featuredmedia":[{"embeddable":true,"href":"https:\/\/www.fivecontinentseditions.com\/fr\/wp-json\/wp\/v2\/media\/11821"}],"wp:attachment":[{"href":"https:\/\/www.fivecontinentseditions.com\/fr\/wp-json\/wp\/v2\/media?parent=11826"}],"wp:term":[{"taxonomy":"product_brand","embeddable":true,"href":"https:\/\/www.fivecontinentseditions.com\/fr\/wp-json\/wp\/v2\/product_brand?post=11826"},{"taxonomy":"product_cat","embeddable":true,"href":"https:\/\/www.fivecontinentseditions.com\/fr\/wp-json\/wp\/v2\/product_cat?post=11826"},{"taxonomy":"product_tag","embeddable":true,"href":"https:\/\/www.fivecontinentseditions.com\/fr\/wp-json\/wp\/v2\/product_tag?post=11826"}],"curies":[{"name":"wp","href":"https:\/\/api.w.org\/{rel}","templated":true}]}}