{"id":11673,"date":"2017-08-21T05:00:00","date_gmt":"2017-08-21T05:00:00","guid":{"rendered":"http:\/\/www.fivecontinentseditions.com\/prodotto\/khajuraho-2\/"},"modified":"2024-05-01T09:03:09","modified_gmt":"2024-05-01T09:03:09","slug":"khajuraho-2","status":"publish","type":"product","link":"https:\/\/www.fivecontinentseditions.com\/fr\/p\/khajuraho-2\/","title":{"rendered":"Khajuraho"},"content":{"rendered":"<p>Khajur\u00c4\u0081ho, situ\u00e9 dans le nord de l&rsquo;Inde dans l&rsquo;&Eacute;tat du Madhya Pradesh, est l&rsquo;un des sites les plus prestigieux du patrimoine monumental indien, fameux tant par l&rsquo;harmonie de ses architectures que par la sensualit\u00e9 de ses sculptures. Aujourd&rsquo;hui \u00e9tape obligatoire de tout voyageur en Inde, Khajur\u00c4\u0081ho doit sa renomm\u00e9e internationale \u00e0 la splendeur de ses sanctuaires hindous. Autrefois important centre politique et religieux, il comptait pense-t-on quelque quatre-vingt-cinq temples, comme en t\u00e9moignent les nombreuses ruines, enfouies sous des monticules de terre, r\u00e9parties \u00e7\u00e0et l\u00e0dans la vall\u00e9e. Vingt-cinq sanctuaires subsistent. La plus ancienne mention de Khajur\u00c4\u0081ho remonte au VII<sup>e<\/sup>si\u00e8cle. Apr\u00e8s l&rsquo;effondrement du royaume de la dynastie Candella, le site connu plus de quatre si\u00e8cles d&rsquo;oubli et l&rsquo;orgueilleuse cit\u00e9 devint une pauvre bourgade au milieu d&rsquo;une steppe aride plusieurs mois par an. Elle fut red\u00e9couverte par hasard par des chasseurs britanniques au d\u00e9but du XIX<sup>e<\/sup>si\u00e8cle. D\u00e8s lors, des travaux travaux de restauration se succ\u00e9d\u00e8rent jusqu&rsquo;\u00e0nos jours sur ce site majeur du patrimoine mondial. L&rsquo;iconographie si particuli\u00e8re de ses reliefs lui conf\u00e9ra longtemps une r\u00e9putation sulfureuse et au fil des ans ces sculptures originales re\u00e7urent les explications les plus farfelues.<br \/>\nGr\u00e2ce aux splendides photographies de Iago Corazza, Gilles B\u00e9guin pr\u00e9sente les temples du site, illustre les diff\u00e9rentes figures et introduit le lecteur aux merveilles monumentales de l&rsquo;Inde.<br \/>\nUne monographie du site d\u00e9sormais indispensable \u00e0tous les amoureux de l&rsquo;art indien.<\/p>\n<p><strong>Gilles B\u00e9guin<\/strong>, conservateur g\u00e9n\u00e9ral honoraire du patrimoine, fut charg\u00e9 des collections du N\u00e9pal et du bouddhisme lama\u00efque au mus\u00e9e national des Arts asiatiques &ndash; Guimet de 1971 \u00e01994. Il deviendra ensuite directeur du mus\u00e9e Cernuschi, mus\u00e9e des Arts de l&rsquo;Asie de la Ville de Paris. Il a organis\u00e9 de nombreuses expositions et il a pr\u00e9sid\u00e9 \u00e0 la r\u00e9novation totale du mus\u00e9e Cernuschi de 2001 \u00e02005. Il a publi\u00e9 un nombre important d&rsquo;articles scientifiques, brochures p\u00e9dagogiques, catalogues d&rsquo;exposition et livres d&rsquo;art. Citons <em>Les Cimes de l&rsquo;&Eacute;veil: monast\u00e8res bouddhiques du Ladakh<\/em>, 1990; <em>Polonnaruva: renaissance \u00e0 Ceylan<\/em>, 1991; <em>Mus\u00e9e national des arts asiatiques &ndash; Guimet. Les peintures du bouddhisme tib\u00e9tain (catalogue raisonn\u00e9)<\/em>, 1995; <em>N\u00e9pal, vision d&rsquo;un art sacr\u00e9<\/em>, 1996; <em>L&rsquo;Art bouddhique<\/em>, 2009.<br \/>\n<strong>Iago Corazza, <\/strong>photographe, a r\u00e9alis\u00e9 des reportages notamment pour les \u00e9ditions du <em>National Geographic<\/em>, pour les \u00e9ditions White Staret pour le magazine italien<em> Oasis<\/em>. Il a aussi r\u00e9alis\u00e9 des documentaires pour d&rsquo;importantes cha\u00eenes de t\u00e9l\u00e9vision en Italie et dans le monde. Il collabore avec l&rsquo;Unicef.<\/p>\n","protected":false},"excerpt":{"rendered":"<p>Khajur\u00c4\u0081ho, situ\u00e9 dans le nord de l&rsquo;Inde dans l&rsquo;&Eacute;tat du Madhya Pradesh, est l&rsquo;un des sites les plus prestigieux du patrimoine monumental indien, fameux tant par l&rsquo;harmonie de ses architectures que par la sensualit\u00e9 de ses sculptures. Aujourd&rsquo;hui \u00e9tape obligatoire de tout voyageur en Inde, Khajur\u00c4\u0081ho doit sa renomm\u00e9e internationale \u00e0 la splendeur de ses&hellip;<\/p>\n","protected":false},"featured_media":11644,"template":"","meta":{"_acf_changed":false,"inline_featured_image":false},"product_brand":[],"product_cat":[56],"product_tag":[],"class_list":{"0":"post-11673","1":"product","2":"type-product","3":"status-publish","4":"has-post-thumbnail","6":"product_cat-art-asiatique","7":"disponibilita-no","8":"description-off","10":"first","11":"outofstock","12":"shipping-taxable","13":"purchasable","14":"product-type-simple"},"acf":[],"_links":{"self":[{"href":"https:\/\/www.fivecontinentseditions.com\/fr\/wp-json\/wp\/v2\/product\/11673","targetHints":{"allow":["GET"]}}],"collection":[{"href":"https:\/\/www.fivecontinentseditions.com\/fr\/wp-json\/wp\/v2\/product"}],"about":[{"href":"https:\/\/www.fivecontinentseditions.com\/fr\/wp-json\/wp\/v2\/types\/product"}],"wp:featuredmedia":[{"embeddable":true,"href":"https:\/\/www.fivecontinentseditions.com\/fr\/wp-json\/wp\/v2\/media\/11644"}],"wp:attachment":[{"href":"https:\/\/www.fivecontinentseditions.com\/fr\/wp-json\/wp\/v2\/media?parent=11673"}],"wp:term":[{"taxonomy":"product_brand","embeddable":true,"href":"https:\/\/www.fivecontinentseditions.com\/fr\/wp-json\/wp\/v2\/product_brand?post=11673"},{"taxonomy":"product_cat","embeddable":true,"href":"https:\/\/www.fivecontinentseditions.com\/fr\/wp-json\/wp\/v2\/product_cat?post=11673"},{"taxonomy":"product_tag","embeddable":true,"href":"https:\/\/www.fivecontinentseditions.com\/fr\/wp-json\/wp\/v2\/product_tag?post=11673"}],"curies":[{"name":"wp","href":"https:\/\/api.w.org\/{rel}","templated":true}]}}