{"id":11640,"date":"2017-11-22T05:00:00","date_gmt":"2017-11-22T05:00:00","guid":{"rendered":"http:\/\/www.fivecontinentseditions.com\/prodotto\/the-figuration-narrative-2\/"},"modified":"2018-03-27T09:25:27","modified_gmt":"2018-03-27T09:25:27","slug":"the-figuration-narrative-2","status":"publish","type":"product","link":"https:\/\/www.fivecontinentseditions.com\/fr\/p\/the-figuration-narrative-2\/","title":{"rendered":"The Narrative Figuration"},"content":{"rendered":"<p>Au cours des ann\u00e9es 1960, une nouvelle figuration appara\u00eet aux \u00e9tats-Unis et en Europe. Tandis qu\u2019\u00e0New York, le pop art offre un regard neuf sur une Am\u00e9rique en plein bouleversement, \u00e0 Paris, des peintres venus de France, d\u2019Italie, d\u2019Espagne, du Portugal, d\u2019Allemagne ou d\u2019Islande prennent, eux aussi, appui sur les images issues de la publicit\u00e9, du cin\u00e9ma et de la presse \u00e0grand tirage. Regroup\u00e9s dans le mouvement de la figuration narrative, ils se font les critiques sans complaisance de cette nouvelle soci\u00e9t\u00e9 marqu\u00e9e par le r\u00e8gne de la consommation. T\u00e9moins engag\u00e9s, plusieurs d\u2019entre eux participeront d\u2019ailleurs \u00e0 la contestation politique qui aboutit aux \u00e9v\u00e9nements de Mai 68 en France.<br \/>\nDevenus figures de r\u00e9f\u00e9rence, les artistes de la figuration narrative sont aujourd\u2019hui red\u00e9couverts par les mus\u00e9es qui, comme le Centre Pompidou, leur consacrent un nombre croissant d\u2019expositions. Gr\u00e2ce \u00e0des acquisitions d\u2019\u0153uvres majeures, la collection de la Fondation Gandur pour l\u2019Art de Gen\u00e8ve offre sans doute l\u2019un des panoramas les plus complets sur les \u0153uvres d\u2019Adami, Aillaud, Arroyo, Err\u00f3, Fromanger, Jacquet, Klasen, Monory, Rancillac, Schlosser, St\u00e4mpfli, T\u00e9l\u00e9maque ou Voss notamment.<br \/>\nDirig\u00e9 par Jean-Paul Ameline, commissaire de l\u2019exposition \u00ab Figuration narrative, Paris, 1960-1972 \u00bb en 2008 au Grand Palais, ce catalogue en pr\u00e9sente les \u0153uvres essentielles, \u00e9tudi\u00e9es et analys\u00e9es par des notices r\u00e9dig\u00e9es par des conservateurs et des historiens d\u2019art sp\u00e9cialistes de ce mouvement marquant des ann\u00e9es 1960 en Europe.<\/p>\n<p><strong>Jean-Paul Ameline<\/strong> a \u00e9t\u00e9 conservateur au Mus\u00e9e national d\u2019art moderne de Paris (Centre Pompidou) de 1986 \u00e02013, conservateur g\u00e9n\u00e9ral du patrimoine, et responsable de nombreuses expositions en France et \u00e0 l\u2019\u00e9tranger.<br \/>\n<strong>Yan Schubert<\/strong> est conservateur de la collection beaux-arts au sein de la Fondation Gandur pour l&rsquo;Art depuis 2011. Historien de formation, il a enseign\u00e9 aux universit\u00e9s de Gen\u00e8ve et de Lausanne (2003-2011) et a \u00e9t\u00e9 chercheur associ\u00e9 \u00e0 la Haute \u00e9cole d\u2019art et de design (HEAD) de Gen\u00e8ve (2012-2014).<\/p>\n","protected":false},"excerpt":{"rendered":"<p>Au cours des ann\u00e9es 1960, une nouvelle figuration appara\u00eet aux \u00e9tats-Unis et en Europe. Tandis qu\u2019\u00e0New York, le pop art offre un regard neuf sur une Am\u00e9rique en plein bouleversement, \u00e0 Paris, des peintres venus de France, d\u2019Italie, d\u2019Espagne, du Portugal, d\u2019Allemagne ou d\u2019Islande prennent, eux aussi, appui sur les images issues de la publicit\u00e9,&hellip;<\/p>\n","protected":false},"featured_media":11617,"template":"","meta":{"_acf_changed":false,"inline_featured_image":false},"product_brand":[],"product_cat":[57],"product_tag":[],"class_list":{"0":"post-11640","1":"product","2":"type-product","3":"status-publish","4":"has-post-thumbnail","6":"product_cat-art-contemporain","7":"disponibilita-si","8":"description-off","10":"first","11":"instock","12":"shipping-taxable","13":"purchasable","14":"product-type-simple"},"acf":[],"_links":{"self":[{"href":"https:\/\/www.fivecontinentseditions.com\/fr\/wp-json\/wp\/v2\/product\/11640","targetHints":{"allow":["GET"]}}],"collection":[{"href":"https:\/\/www.fivecontinentseditions.com\/fr\/wp-json\/wp\/v2\/product"}],"about":[{"href":"https:\/\/www.fivecontinentseditions.com\/fr\/wp-json\/wp\/v2\/types\/product"}],"wp:featuredmedia":[{"embeddable":true,"href":"https:\/\/www.fivecontinentseditions.com\/fr\/wp-json\/wp\/v2\/media\/11617"}],"wp:attachment":[{"href":"https:\/\/www.fivecontinentseditions.com\/fr\/wp-json\/wp\/v2\/media?parent=11640"}],"wp:term":[{"taxonomy":"product_brand","embeddable":true,"href":"https:\/\/www.fivecontinentseditions.com\/fr\/wp-json\/wp\/v2\/product_brand?post=11640"},{"taxonomy":"product_cat","embeddable":true,"href":"https:\/\/www.fivecontinentseditions.com\/fr\/wp-json\/wp\/v2\/product_cat?post=11640"},{"taxonomy":"product_tag","embeddable":true,"href":"https:\/\/www.fivecontinentseditions.com\/fr\/wp-json\/wp\/v2\/product_tag?post=11640"}],"curies":[{"name":"wp","href":"https:\/\/api.w.org\/{rel}","templated":true}]}}