{"id":11556,"date":"2017-08-21T05:00:00","date_gmt":"2017-08-21T05:00:00","guid":{"rendered":"http:\/\/www.fivecontinentseditions.com\/prodotto\/conversations-intimes-2\/"},"modified":"2017-12-21T18:55:12","modified_gmt":"2017-12-21T18:55:12","slug":"conversations-intimes-2","status":"publish","type":"product","link":"https:\/\/www.fivecontinentseditions.com\/fr\/p\/conversations-intimes-2\/","title":{"rendered":"Conversations intimes"},"content":{"rendered":"<p>Le ma\u00eetre-mot de la c\u00e9l\u00e8bre collection de Nicole et John Dintenfass, dont les pi\u00e8ces ont \u00e9t\u00e9 reproduites dans de nombreuses publications, est l&rsquo;esth\u00e9tique. Ils ont r\u00e9uni avec passion, diligence et rigueur des sculptures monumentales et des miniatures en bois de la plupart des r\u00e9gions d&rsquo;Afrique.<br \/>\nMettant l&rsquo;accent sur des pi\u00e8ces de qualit\u00e9 artistique majeure, cet ouvrage pr\u00e9sente le point de vue personnel des collectionneurs sur cette passion et offre des anecdotes qui r\u00e9v\u00e8lent un aper\u00e7u suppl\u00e9mentaire de leur univers aux collectionneurs actuels et futurs dans leur qu\u00eate d&rsquo;art africain.<br \/>\nCollectionner est une passion qui entra\u00eene souvent d&rsquo;intimes conversations int\u00e9rieures ou des exp\u00e9riences \u00e9motionnelles provoqu\u00e9es par les objets eux-m\u00eames. En outre, bien des collectionneurs partagent des suggestions, tout comme les artistes du XX<sup>e<\/sup> si\u00e8cle qui se sont int\u00e9ress\u00e9s eux aussi \u00e0l&rsquo;art africain et ont prodigu\u00e9 g\u00e9n\u00e9reusement des conseils, et apportent leur soutien \u00e0cet enthousiasme, une exp\u00e9rience unique de plaisir et d&rsquo;appr\u00e9ciation.<br \/>\nGr\u00e2ce aux nombreuses photographies, magnifiques et sensibles, de chaque pi\u00e8ce, l&rsquo;observateur a le privil\u00e8ge d&rsquo;\u00e9tablir une conversation intime avec ces ma\u00eetres sculpteurs africains qui ont fortement influenc\u00e9 le r\u00e9alisme moderne, le cubisme et l&rsquo;expressionnisme.<\/p>\n<p><strong>John Dintenfass<\/strong> est un grand nom des expositions d&rsquo;art africain et un collectionneur de longue date qui a donn\u00e9 des conf\u00e9rences sur l&rsquo;esth\u00e9tique de l&rsquo;art africain et la psychologie qui s&rsquo;y rapporte. Il est professeur assistant de psychiatrie au Mount Sinai Hospital, facult\u00e9 de m\u00e9decine \u00e0New York.<br \/>\n<strong>Nicole Dintenfass<\/strong>, dipl\u00f4m\u00e9e de la facult\u00e9 de m\u00e9decine du Mount Sinai, est docteur en psychologie et ancienne directrice de la formation au Karen Horney Institute.<br \/>\n<strong>Heinrich Schweizer<\/strong> a \u00e9t\u00e9 \u00e0 la t\u00eate du d\u00e9partement des arts d&rsquo;Afrique et d&rsquo;Oc\u00e9anie chez Sotheby&rsquo;s, o\u00f9 il a introduit de nouvelles normes de catalogage pour l&rsquo;art africain.<br \/>\nDipl\u00f4m\u00e9e des \u00e9tudes sup\u00e9rieures de l&rsquo;&Eacute;cole du Louvre et titulaire d&rsquo;une ma\u00eetrise de grec ancien \u00e0 la Sorbonne, <strong>B\u00e9r\u00e9nice Geoffroy-Schneiter<\/strong> est journaliste et critique d&rsquo;art. Elle a publi\u00e9 de nombreux ouvrages sur les arts premiers et la parure non occidentale et a \u00e9t\u00e9 co-commissaire en 2010 de l&rsquo;exposition &laquo; Voyage dans ma t\u00eate, la collection de coiffes d&rsquo;Antoine de Galbert &raquo; \u00e0 la Maison rouge, \u00e0 Paris.<\/p>\n","protected":false},"excerpt":{"rendered":"<p>Le ma\u00eetre-mot de la c\u00e9l\u00e8bre collection de Nicole et John Dintenfass, dont les pi\u00e8ces ont \u00e9t\u00e9 reproduites dans de nombreuses publications, est l&rsquo;esth\u00e9tique. Ils ont r\u00e9uni avec passion, diligence et rigueur des sculptures monumentales et des miniatures en bois de la plupart des r\u00e9gions d&rsquo;Afrique. Mettant l&rsquo;accent sur des pi\u00e8ces de qualit\u00e9 artistique majeure, cet&hellip;<\/p>\n","protected":false},"featured_media":11524,"template":"","meta":{"_acf_changed":false,"inline_featured_image":false},"product_brand":[],"product_cat":[54],"product_tag":[],"class_list":{"0":"post-11556","1":"product","2":"type-product","3":"status-publish","4":"has-post-thumbnail","6":"product_cat-art-africain","7":"disponibilita-no","8":"description-off","10":"first","11":"instock","12":"shipping-taxable","13":"purchasable","14":"product-type-simple"},"acf":[],"_links":{"self":[{"href":"https:\/\/www.fivecontinentseditions.com\/fr\/wp-json\/wp\/v2\/product\/11556","targetHints":{"allow":["GET"]}}],"collection":[{"href":"https:\/\/www.fivecontinentseditions.com\/fr\/wp-json\/wp\/v2\/product"}],"about":[{"href":"https:\/\/www.fivecontinentseditions.com\/fr\/wp-json\/wp\/v2\/types\/product"}],"wp:featuredmedia":[{"embeddable":true,"href":"https:\/\/www.fivecontinentseditions.com\/fr\/wp-json\/wp\/v2\/media\/11524"}],"wp:attachment":[{"href":"https:\/\/www.fivecontinentseditions.com\/fr\/wp-json\/wp\/v2\/media?parent=11556"}],"wp:term":[{"taxonomy":"product_brand","embeddable":true,"href":"https:\/\/www.fivecontinentseditions.com\/fr\/wp-json\/wp\/v2\/product_brand?post=11556"},{"taxonomy":"product_cat","embeddable":true,"href":"https:\/\/www.fivecontinentseditions.com\/fr\/wp-json\/wp\/v2\/product_cat?post=11556"},{"taxonomy":"product_tag","embeddable":true,"href":"https:\/\/www.fivecontinentseditions.com\/fr\/wp-json\/wp\/v2\/product_tag?post=11556"}],"curies":[{"name":"wp","href":"https:\/\/api.w.org\/{rel}","templated":true}]}}