{"id":11520,"date":"2017-08-01T05:00:00","date_gmt":"2017-08-01T05:00:00","guid":{"rendered":"http:\/\/www.fivecontinentseditions.com\/prodotto\/i-have-longed-to-move-away-2\/"},"modified":"2024-12-15T13:27:12","modified_gmt":"2024-12-15T13:27:12","slug":"i-have-longed-to-move-away-2","status":"publish","type":"product","link":"https:\/\/www.fivecontinentseditions.com\/fr\/p\/i-have-longed-to-move-away-2\/","title":{"rendered":"I have longed to move away"},"content":{"rendered":"<p>Ce catalogue accompagne l\u2019exposition monographique que le mus\u00e9e Vincenzo Vela \u00e0Mendrisio-Ligornetto a d\u00e9di\u00e9e aux \u0153uvres de Lawrence Carroll. N\u00e9 en 1954 \u00e0 Melbourne, Carroll a suivi sa famille en Californie en 1958. Vingt-six ans plus tard, en 1984, il en part pour s\u2019\u00e9tablir \u00e0New York o\u00f9 il poursuit ses recherches artistiques. Peu int\u00e9ress\u00e9 aux modes du moment, il est dot\u00e9 d\u2019un profond sens de l\u2019engagement personnel. Il se consacre au langage et \u00e0 la pratique de la peinture qu\u2019il interpr\u00e8te comme une forme aux confins de tant d\u2019autres qui devient, entre ses mains, une lente stratification de couleurs, de mat\u00e9riaux et d\u2019objets. La surface du cadre y interagit avec le milieu environnant, brouillant les fronti\u00e8res entre peinture, sculpture et installation.<br \/>\nAllant d\u2019un lieu \u00e0un autre, Carroll a toujours recherch\u00e9 la qui\u00e9tude de son studio qui lui procure l\u2019intimit\u00e9 dont il a besoin pour s\u2019exprimer. Il y explore la dur\u00e9e en tant que fragilit\u00e9 du temps et de l\u2019espace, pla\u00e7ant la m\u00e9moire au c\u0153ur de son univers po\u00e9tique. De vieux souvenirs affleurent \u00e0 la surface, se s\u00e9dimentent couche apr\u00e8s couche \u2014 une superposition de lumi\u00e8re, de poussi\u00e8re et de mati\u00e8re \u2014 en teintes p\u00e2les aussi proches que possible de la couleur de la toile. De la porosit\u00e9 intrins\u00e8que de la surface \u00e9mergent des graph\u00e8mes et des traces sous-jacentes, les objets \u00e9tant directement appliqu\u00e9s dessus. Il en r\u00e9sulte une po\u00e9sie d\u2019harmonies rar\u00e9fi\u00e9es et de narrations en devenir qui, en m\u00eame temps, baignent dans une atmosph\u00e8re m\u00e9taphysique de suspension, une sorte de \u00ab m\u00e9taphysique du quotidien \u00bb.<br \/>\nPens\u00e9e comme une autobiographie install\u00e9e dans les pi\u00e8ces de la maison-mus\u00e9e, l\u2019exposition pr\u00e9sente une vue d\u2019ensemble du parcours de Carroll, de ses premi\u00e8res \u0153uvres \u00e0son travail actuel, in\u00e9dit, qui \u00e9claire ses subtils th\u00e8mes r\u00e9currents ainsi que des voyages artistiques enti\u00e8rement originaux, suite \u00e0de nouveaux d\u00e9parts.<br \/>\nLe catalogue offre la toute premi\u00e8re vue d\u2019ensemble de son \u0153uvre tel qu\u2019elle a \u00e9volu\u00e9 au cours de sa carri\u00e8re. L\u2019ouvrage superbement illustr\u00e9 inclut une biographie compl\u00e8te et une bibliographie exhaustive, ainsi qu\u2019une passionnante interview avec l\u2019artiste.<\/p>\n<p><strong>Roberto Borghi<\/strong> est conservateur d\u2019expositions d\u2019art contemporain et journaliste culturel.<br \/>\n<strong>Lara Conte<\/strong> est historienne de l\u2019art et enseigne l\u2019Histoire de l\u2019art contemporain \u00e0 l\u2019universit\u00e9 de l\u2019Insubrie, C\u00f4me.<br \/>\n<strong>Gianna A. Mina<\/strong> est historien de l\u2019art, directeur du Mus\u00e9e Vincenzo Vela et pr\u00e9sident de l\u2019Association des mus\u00e9es suisses.<\/p>\n","protected":false},"excerpt":{"rendered":"<p>Ce catalogue accompagne l\u2019exposition monographique que le mus\u00e9e Vincenzo Vela \u00e0Mendrisio-Ligornetto a d\u00e9di\u00e9e aux \u0153uvres de Lawrence Carroll. N\u00e9 en 1954 \u00e0 Melbourne, Carroll a suivi sa famille en Californie en 1958. Vingt-six ans plus tard, en 1984, il en part pour s\u2019\u00e9tablir \u00e0New York o\u00f9 il poursuit ses recherches artistiques. Peu int\u00e9ress\u00e9 aux modes&hellip;<\/p>\n","protected":false},"featured_media":11497,"template":"","meta":{"_acf_changed":false,"inline_featured_image":false},"product_brand":[],"product_cat":[57],"product_tag":[],"class_list":{"0":"post-11520","1":"product","2":"type-product","3":"status-publish","4":"has-post-thumbnail","6":"product_cat-art-contemporain","7":"disponibilita-si","8":"description-off","10":"first","11":"instock","12":"shipping-taxable","13":"purchasable","14":"product-type-simple"},"acf":[],"_links":{"self":[{"href":"https:\/\/www.fivecontinentseditions.com\/fr\/wp-json\/wp\/v2\/product\/11520","targetHints":{"allow":["GET"]}}],"collection":[{"href":"https:\/\/www.fivecontinentseditions.com\/fr\/wp-json\/wp\/v2\/product"}],"about":[{"href":"https:\/\/www.fivecontinentseditions.com\/fr\/wp-json\/wp\/v2\/types\/product"}],"wp:featuredmedia":[{"embeddable":true,"href":"https:\/\/www.fivecontinentseditions.com\/fr\/wp-json\/wp\/v2\/media\/11497"}],"wp:attachment":[{"href":"https:\/\/www.fivecontinentseditions.com\/fr\/wp-json\/wp\/v2\/media?parent=11520"}],"wp:term":[{"taxonomy":"product_brand","embeddable":true,"href":"https:\/\/www.fivecontinentseditions.com\/fr\/wp-json\/wp\/v2\/product_brand?post=11520"},{"taxonomy":"product_cat","embeddable":true,"href":"https:\/\/www.fivecontinentseditions.com\/fr\/wp-json\/wp\/v2\/product_cat?post=11520"},{"taxonomy":"product_tag","embeddable":true,"href":"https:\/\/www.fivecontinentseditions.com\/fr\/wp-json\/wp\/v2\/product_tag?post=11520"}],"curies":[{"name":"wp","href":"https:\/\/api.w.org\/{rel}","templated":true}]}}