{"id":11457,"date":"2017-08-21T05:00:00","date_gmt":"2017-08-21T05:00:00","guid":{"rendered":"http:\/\/www.fivecontinentseditions.com\/prodotto\/impressions-fortes-2\/"},"modified":"2025-08-01T06:52:19","modified_gmt":"2025-08-01T06:52:19","slug":"impressions-fortes-2","status":"publish","type":"product","link":"https:\/\/www.fivecontinentseditions.com\/fr\/p\/impressions-fortes-2\/","title":{"rendered":"Impressions Fortes"},"content":{"rendered":"<p>Issu de la patience de quelques collectionneurs priv\u00e9s ayant su r\u00e9unir les grands noms de l\u2019art de l\u2019estampe et de la passion de cr\u00e9ateurs contemporains regroup\u00e9s autour de l\u2019Atelier de Saint-Prex, cet ensemble de planches permet de refl\u00e9ter l\u2019histoire de l\u2019estampe depuis les premi\u00e8res impressions sur bois du xv<sup>e<\/sup>si\u00e8cle jusqu\u2019aux inventions plus libres du xx<sup>e<\/sup>si\u00e8cle. Un regard subjectif qui propose non pas une chronologie mais une approche libre et sensible tendant \u00e0favoriser les affinit\u00e9s entre ma\u00eetres anciens et cr\u00e9ateurs contemporains. De cette fa\u00e7on, un clich\u00e9-verre de Pierre Schopfer pourra-t-il c\u00f4toyer un paysage de Corot, les burins de Yersin, ceux de D\u00fcrer, Nanteuil ou Mellan; ainsi pourra-t-on rapprocher certaines vues de Pal\u00e9zieux de planches de Canaletto ou de Claude Lorrain, associer le trait ac\u00e9r\u00e9 d\u2019Urs \u00e0une eau-forte de Callot et reconna\u00eetre dans certaines lithographies d\u2019Edmond Quinche telle page de Daumier ou la mani\u00e8re de Toulouse-Lautrec; ainsi verra-t-on encore Pietro Sarto frayer dans le sillage d\u2019un Gautier-Dagoty ou d\u2019un Goya, enfin pourrons-nous tous admirer une eau-forte de Rembrandt, les inventions de Piran\u00e8se, un cuivre de Picasso. Et cela, non pour \u00e9tablir des comparaisons ou sanctionner des hi\u00e9rarchies mais pour rappeler que les interrogations formelles et les ambitions techniques se r\u00e9pondent depuis toujours d\u2019\u0153uvre en \u0153uvre et transcendent le temps.<\/p>\n<p><strong>Florian Rodari<\/strong> a une double formation litt\u00e9raire et d\u2019historien de l\u2019art. Apr\u00e8s sept ans pass\u00e9s au Cabinet des estampes de Gen\u00e8ve, il dirige de 1979 \u00e01983 le mus\u00e9e de l\u2019\u00c9lys\u00e9e \u00e0Lausanne. Devenu conservateur ind\u00e9pendant, il organise r\u00e9guli\u00e8rement des expositions pour les mus\u00e9es tant en Suisse qu\u2019\u00e0l\u2019\u00e9tranger. Auteur de nombreux ouvrages, il a publi\u00e9 chez 5Continents Editions <em>Claude Mellan. L\u2019<\/em><em>\u00e9<\/em><em>criture de la m\u00e9thode<\/em> (2015).<\/p>\n","protected":false},"excerpt":{"rendered":"<p>Issu de la patience de quelques collectionneurs priv\u00e9s ayant su r\u00e9unir les grands noms de l\u2019art de l\u2019estampe et de la passion de cr\u00e9ateurs contemporains regroup\u00e9s autour de l\u2019Atelier de Saint-Prex, cet ensemble de planches permet de refl\u00e9ter l\u2019histoire de l\u2019estampe depuis les premi\u00e8res impressions sur bois du xvesi\u00e8cle jusqu\u2019aux inventions plus libres du xxesi\u00e8cle.&hellip;<\/p>\n","protected":false},"featured_media":11420,"template":"","meta":{"_acf_changed":false,"inline_featured_image":false},"product_brand":[],"product_cat":[57,71],"product_tag":[],"class_list":{"0":"post-11457","1":"product","2":"type-product","3":"status-publish","4":"has-post-thumbnail","6":"product_cat-art-contemporain","7":"product_cat-arts-graphiques","8":"disponibilita-si","9":"description-off","11":"first","12":"instock","13":"shipping-taxable","14":"purchasable","15":"product-type-simple"},"acf":[],"_links":{"self":[{"href":"https:\/\/www.fivecontinentseditions.com\/fr\/wp-json\/wp\/v2\/product\/11457","targetHints":{"allow":["GET"]}}],"collection":[{"href":"https:\/\/www.fivecontinentseditions.com\/fr\/wp-json\/wp\/v2\/product"}],"about":[{"href":"https:\/\/www.fivecontinentseditions.com\/fr\/wp-json\/wp\/v2\/types\/product"}],"wp:featuredmedia":[{"embeddable":true,"href":"https:\/\/www.fivecontinentseditions.com\/fr\/wp-json\/wp\/v2\/media\/11420"}],"wp:attachment":[{"href":"https:\/\/www.fivecontinentseditions.com\/fr\/wp-json\/wp\/v2\/media?parent=11457"}],"wp:term":[{"taxonomy":"product_brand","embeddable":true,"href":"https:\/\/www.fivecontinentseditions.com\/fr\/wp-json\/wp\/v2\/product_brand?post=11457"},{"taxonomy":"product_cat","embeddable":true,"href":"https:\/\/www.fivecontinentseditions.com\/fr\/wp-json\/wp\/v2\/product_cat?post=11457"},{"taxonomy":"product_tag","embeddable":true,"href":"https:\/\/www.fivecontinentseditions.com\/fr\/wp-json\/wp\/v2\/product_tag?post=11457"}],"curies":[{"name":"wp","href":"https:\/\/api.w.org\/{rel}","templated":true}]}}