{"id":11418,"date":"2017-06-19T05:00:00","date_gmt":"2017-06-19T05:00:00","guid":{"rendered":"http:\/\/www.fivecontinentseditions.com\/prodotto\/poteries-decorees-de-suisse-alemanique-2\/"},"modified":"2017-12-21T18:53:53","modified_gmt":"2017-12-21T18:53:53","slug":"poteries-decorees-de-suisse-alemanique-2","status":"publish","type":"product","link":"https:\/\/www.fivecontinentseditions.com\/fr\/p\/poteries-decorees-de-suisse-alemanique-2\/","title":{"rendered":"Poteries d\u00e9cor\u00e9es de Suisse al\u00e9manique"},"content":{"rendered":"<p>La terre cuite \u00e0d\u00e9cor peint aux engobes sous gla\u00e7ure constitue la technique c\u00e9ramique la plus r\u00e9pandue dans la partie germanophone de la Suisse, plus particuli\u00e8rement dans la campagne bernoise. Les ateliers se concentrent dans la r\u00e9gion de Langnau, de Heimberg, de Blankenbourg ou de B\u00e4riswil.<br \/>\nPeints de couleurs vives, les d\u00e9cors populaires se d\u00e9veloppent sur fond beige clair ou brun-noir; ils sont parfois soulign\u00e9s de filets grav\u00e9s dans l&rsquo;engobe ou \u00e0 la roulette ou encore agr\u00e9ment\u00e9s de motifs en relief. L&rsquo;iconographie est issue de la tradition populaire: outre les motifs floraux les plus divers, on trouve des personnages en costume traditionnel, des animaux, h\u00e9raldiques ou de chasse, des armoiries ou des sc\u00e8nes de genre. Des citations, religieuses ou po\u00e9tiques, ou encore des pr\u00e9cisions sur les circonstances et la date de fabrication ou le destinataire peuvent rehausser la composition. La diversit\u00e9, la fra\u00eecheur et la spontan\u00e9it\u00e9 des d\u00e9cors sont remarquables.<br \/>\nSur le plan formel, outre les nombreux plats \u00e0 la bordure oblique caract\u00e9ristique, quelquefois nomm\u00e9s &laquo;plats \u00e0r\u00f6sti&raquo;, on d\u00e9couvre des terrines rondes aux anses fantaisistes orn\u00e9es d&rsquo;oiseaux ou d&rsquo;ours, des \u00e9critoires, des barattes \u00e0beurre ou des fontaines murales.<br \/>\nLe mus\u00e9e Ariana \u00e0Gen\u00e8ve conserve un important corpus de pr\u00e8s de 200poteries suisses; le pr\u00e9sent catalogue, r\u00e9dig\u00e9 par des sp\u00e9cialistes du domaine, fait l&rsquo;\u00e9tat des lieux d&rsquo;une production souvent m\u00e9connue.<\/p>\n<p><strong>Anne-Claire Schumacher<\/strong>, n\u00e9e en 1960, vit et travaille \u00e0Gen\u00e8ve. Titulaire d&rsquo;un master en histoire de l&rsquo;art et en langue et civilisation chinoises de l&rsquo;universit\u00e9 de Gen\u00e8ve, elle est conservatrice responsable du mus\u00e9e Ariana \u00e0Gen\u00e8ve.<br \/>\n<strong>Andreas Heege<\/strong>, n\u00e9 en 1957, il est titulaire d&rsquo;un master et d&rsquo;un doctorat \u00e8s lettres en arch\u00e9ologie du Moyen&Acirc;ge et des p\u00e9riodes r\u00e9centes des universit\u00e9s de Cologne et G\u00f6ttingen. Assistant \u00e0l&rsquo;universit\u00e9 de G\u00f6ttingen, arch\u00e9ologue municipal d&rsquo;Einbeck en Basse-Saxe, il est collaborateur scientifique pour les cantons d&rsquo;Argovie, Berne et de la principaut\u00e9 du Lichtenstein. Andreas Heege est l&rsquo;auteur, en tant qu&rsquo;arch\u00e9ologue ind\u00e9pendant et sp\u00e9cialiste de la c\u00e9ramique et des carreaux de po\u00eale, de diverses publications dans les cantons de Berne, Schaffhouse et Zurich.<br \/>\n<strong>Andreas Kistler<\/strong>, n\u00e9 en 1943 \u00e0B\u00e4riswil (Suisse), a fait des \u00e9tudes de biologie (doctorat en 1973; recherches scientifiques jusqu&rsquo;en 1998) et des recherches historico-g\u00e9n\u00e9alogique sur les poteries de B\u00e4riswil et Langnau et les potiers bernois.<\/p>\n","protected":false},"excerpt":{"rendered":"<p>La terre cuite \u00e0d\u00e9cor peint aux engobes sous gla\u00e7ure constitue la technique c\u00e9ramique la plus r\u00e9pandue dans la partie germanophone de la Suisse, plus particuli\u00e8rement dans la campagne bernoise. Les ateliers se concentrent dans la r\u00e9gion de Langnau, de Heimberg, de Blankenbourg ou de B\u00e4riswil. Peints de couleurs vives, les d\u00e9cors populaires se d\u00e9veloppent sur&hellip;<\/p>\n","protected":false},"featured_media":11387,"template":"","meta":{"_acf_changed":false,"inline_featured_image":false},"product_brand":[],"product_cat":[70],"product_tag":[],"class_list":{"0":"post-11418","1":"product","2":"type-product","3":"status-publish","4":"has-post-thumbnail","6":"product_cat-arts-appliques","7":"disponibilita-si","8":"description-off","10":"first","11":"instock","12":"shipping-taxable","13":"purchasable","14":"product-type-simple"},"acf":[],"_links":{"self":[{"href":"https:\/\/www.fivecontinentseditions.com\/fr\/wp-json\/wp\/v2\/product\/11418","targetHints":{"allow":["GET"]}}],"collection":[{"href":"https:\/\/www.fivecontinentseditions.com\/fr\/wp-json\/wp\/v2\/product"}],"about":[{"href":"https:\/\/www.fivecontinentseditions.com\/fr\/wp-json\/wp\/v2\/types\/product"}],"wp:featuredmedia":[{"embeddable":true,"href":"https:\/\/www.fivecontinentseditions.com\/fr\/wp-json\/wp\/v2\/media\/11387"}],"wp:attachment":[{"href":"https:\/\/www.fivecontinentseditions.com\/fr\/wp-json\/wp\/v2\/media?parent=11418"}],"wp:term":[{"taxonomy":"product_brand","embeddable":true,"href":"https:\/\/www.fivecontinentseditions.com\/fr\/wp-json\/wp\/v2\/product_brand?post=11418"},{"taxonomy":"product_cat","embeddable":true,"href":"https:\/\/www.fivecontinentseditions.com\/fr\/wp-json\/wp\/v2\/product_cat?post=11418"},{"taxonomy":"product_tag","embeddable":true,"href":"https:\/\/www.fivecontinentseditions.com\/fr\/wp-json\/wp\/v2\/product_tag?post=11418"}],"curies":[{"name":"wp","href":"https:\/\/api.w.org\/{rel}","templated":true}]}}