{"id":11214,"date":"2017-12-10T05:00:00","date_gmt":"2017-12-10T05:00:00","guid":{"rendered":"http:\/\/www.fivecontinentseditions.com\/prodotto\/ai-weiwei-2\/"},"modified":"2017-12-21T18:51:34","modified_gmt":"2017-12-21T18:51:34","slug":"ai-weiwei-2","status":"publish","type":"product","link":"https:\/\/www.fivecontinentseditions.com\/fr\/p\/ai-weiwei-2\/","title":{"rendered":"Ai Weiwei"},"content":{"rendered":"<p>Ce catalogue r\u00e9unit une s\u00e9lection des &oelig;uvres du plus c\u00e9l\u00e8bre des artistes chinois de 1995 \u00e0&#038;nbspaujourd&rsquo;hui et pr\u00e9sente des travaux r\u00e9cents et des interventions sp\u00e9cialement con\u00e7ues pour les espaces du Palais de Rumine r\u00e9unissant une ultime fois les institutions ayant fortement contribu\u00e9 \u00e0l&rsquo;identit\u00e9 du lieux d\u00e8s son origine, \u00e0savoir les mus\u00e9es d&rsquo;arch\u00e9ologie et d&#39;histoire, de zoologie et de g\u00e9ologie.<br \/>\nDes &oelig;uvres en porcelaine, bois, aluminium, marbre, jade, verre, bambou et soie ainsi que des papiers peints, des photographies, de la vid\u00e9o et un film t\u00e9moigneront de la richesse de cet &oelig;uvre et de la connaissance profonde que poss\u00e8de Ai Weiwei, fils d&rsquo;un \u00e9minent po\u00e8te chinois, de la tradition culturelle de son pays. Mais en m\u00eame temps, l&rsquo;artiste d\u00e9tourne ces motifs, modes de fabrication et mat\u00e9riaux traditionnels de mani\u00e8re ludique ou iconoclaste (on y d\u00e9c\u00e8le un esprit proche de Marcel Duchamp) pour aboutir \u00e0une critique &ndash; tant\u00f4t cach\u00e9e tant\u00f4t plus manifeste &ndash; du syst\u00e8me politique chinois. Des &oelig;uvres plus r\u00e9centes constituent autant de commentaires au sujet de la complexit\u00e9 probl\u00e9matique de nos relations internationales (d\u00e9pendances \u00e9conomiques, flux des r\u00e9fugi\u00e9s, etc.).<br \/>\n<em>Ai Weiwei. C&rsquo;est toujours les autres<\/em> pr\u00e9sente un artiste complet: plasticien remarquable, esprit encyclop\u00e9dique, communicateur exceptionnel et homme engag\u00e9 dans les grandes questions de ce monde. Ai Weiwei est peut-\u00eatre bien le premier artiste v\u00e9ritablement &laquo;global&raquo;.<br \/>\nDans son travail sculptural, il r\u00e9active et d\u00e9tourne les traditions artisanales chinoises tout en parodiant le pop art ou la sculpture minimale am\u00e9ricaine. Avec les moyens de la photographie et du film, il tente d&rsquo;enregistrer les transformations des cit\u00e9s et des mouvements de population. Prolifique et engag\u00e9, utilisateur virtuose des r\u00e9seaux sociaux, Ai Weiwei m\u00eale habilement art, vie priv\u00e9e et engagement politique.<\/p>\n<p><strong>Ai Weiwei<\/strong>, fils du c\u00e9l\u00e8bre \u00e9crivain Ai Qing, est n\u00e9 en 1957 \u00e0P\u00e9kin. Il a \u00e9migr\u00e9 en 1983 aux Etats-Unis o\u00f9 il a d\u00e9couvert le ready-made de Marcel Duchamp et le pop art d&rsquo;Andy Warhol. &Agrave; son retour en 1993, il s&rsquo;est mis \u00e0d\u00e9velopper son &oelig;uvre tout en s&rsquo;engageant en faveur de ses coll\u00e8gues artistes chinois, par des activit\u00e9s curatoriales (exposition <em>Fuck Off<\/em>, 2000, Shanghai) et de publication dans le secret de l&rsquo;underground. Emprisonn\u00e9 en raison de critiques de la politique chinoise, notamment de l&rsquo;occultation de la catastrophe humanitaire suite au tremblement de terre au Sichuan en 2008, puis rel\u00e2ch\u00e9 apr\u00e8s des protestations dans le monde entier, l&rsquo;artiste vit aujourd&rsquo;hui \u00e0Berlin.<\/p>\n","protected":false},"excerpt":{"rendered":"<p>Ce catalogue r\u00e9unit une s\u00e9lection des &oelig;uvres du plus c\u00e9l\u00e8bre des artistes chinois de 1995 \u00e0&#038;nbspaujourd&rsquo;hui et pr\u00e9sente des travaux r\u00e9cents et des interventions sp\u00e9cialement con\u00e7ues pour les espaces du Palais de Rumine r\u00e9unissant une ultime fois les institutions ayant fortement contribu\u00e9 \u00e0l&rsquo;identit\u00e9 du lieux d\u00e8s son origine, \u00e0savoir les mus\u00e9es d&rsquo;arch\u00e9ologie et d&#39;histoire, de&hellip;<\/p>\n","protected":false},"featured_media":11191,"template":"","meta":{"_acf_changed":false,"inline_featured_image":false},"product_brand":[],"product_cat":[57],"product_tag":[],"class_list":{"0":"post-11214","1":"product","2":"type-product","3":"status-publish","4":"has-post-thumbnail","6":"product_cat-art-contemporain","7":"disponibilita-si","8":"description-off","10":"first","11":"instock","12":"shipping-taxable","13":"purchasable","14":"product-type-simple"},"acf":[],"_links":{"self":[{"href":"https:\/\/www.fivecontinentseditions.com\/fr\/wp-json\/wp\/v2\/product\/11214","targetHints":{"allow":["GET"]}}],"collection":[{"href":"https:\/\/www.fivecontinentseditions.com\/fr\/wp-json\/wp\/v2\/product"}],"about":[{"href":"https:\/\/www.fivecontinentseditions.com\/fr\/wp-json\/wp\/v2\/types\/product"}],"wp:featuredmedia":[{"embeddable":true,"href":"https:\/\/www.fivecontinentseditions.com\/fr\/wp-json\/wp\/v2\/media\/11191"}],"wp:attachment":[{"href":"https:\/\/www.fivecontinentseditions.com\/fr\/wp-json\/wp\/v2\/media?parent=11214"}],"wp:term":[{"taxonomy":"product_brand","embeddable":true,"href":"https:\/\/www.fivecontinentseditions.com\/fr\/wp-json\/wp\/v2\/product_brand?post=11214"},{"taxonomy":"product_cat","embeddable":true,"href":"https:\/\/www.fivecontinentseditions.com\/fr\/wp-json\/wp\/v2\/product_cat?post=11214"},{"taxonomy":"product_tag","embeddable":true,"href":"https:\/\/www.fivecontinentseditions.com\/fr\/wp-json\/wp\/v2\/product_tag?post=11214"}],"curies":[{"name":"wp","href":"https:\/\/api.w.org\/{rel}","templated":true}]}}