{"id":11157,"date":"2017-04-07T05:00:00","date_gmt":"2017-04-07T05:00:00","guid":{"rendered":"http:\/\/www.fivecontinentseditions.com\/prodotto\/objets-de-prisonniers-2\/"},"modified":"2017-12-21T18:51:03","modified_gmt":"2017-12-21T18:51:03","slug":"objets-de-prisonniers-2","status":"publish","type":"product","link":"https:\/\/www.fivecontinentseditions.com\/fr\/p\/objets-de-prisonniers-2\/","title":{"rendered":"Objets de prisonniers"},"content":{"rendered":"<p>Il s&rsquo;agit du premier ouvrage illustr\u00e9 pr\u00e9sentant une s\u00e9lection internationale d&rsquo;objets d&rsquo;art confectionn\u00e9s par des prisonniers et recueillis par le Mus\u00e9e international de la Croix-Rouge et du Croissant-Rouge depuis un si\u00e8cle.<\/p>\n<p>Le Mus\u00e9e international de la Croix-Rouge et du Croissant-Rouge abrite en effet une collection unique au monde d&rsquo;&laquo;&thinsp;objets de prisonniers&thinsp;&raquo;, confectionn\u00e9s par des d\u00e9tenus et offerts aux d\u00e9l\u00e9gu\u00e9s du CICR qui les visitent selon le mandat des Conventions de Gen\u00e8ve.<\/p>\n<p>Ces objets sont les t\u00e9moins silencieux des nombreuses situations de violence qui secouent notre plan\u00e8te, du Chili au Vi\u00eat Nam, de l&rsquo;Alg\u00e9rie \u00e0 la Yougoslavie, du Rwanda \u00e0l&rsquo;Afghanistan&hellip;<\/p>\n<p>Selon une d\u00e9tenue libanaise, &laquo;&thinsp;cr\u00e9er, c&rsquo;est une fa\u00e7on de conqu\u00e9rir une libert\u00e9 d&rsquo;expression, de dire ce que l&rsquo;on pense alors que tout, autour de nous, nous invite \u00e0nous taire et \u00e0oublier qui nous sommes&thinsp;&raquo;.<\/p>\n<p>Si certains de ces objets nous touchent par leur simplicit\u00e9, d&rsquo;autres nous \u00e9tonnent par leur beaut\u00e9 ou leur inventivit\u00e9.<\/p>\n<p>Chacun d&rsquo;eux porte l&rsquo;empreinte d&rsquo;une histoire individuelle charg\u00e9e d&rsquo;\u00e9motion et nous invite \u00e0un voyage dans le temps et dans l&rsquo;histoire collective.<\/p>\n<\/p>\n<p><strong>Roger Mayou<\/strong>, directeur du Mus\u00e9e international de la Croix-Rouge et du Croissant-Rouge, a \u00e9t\u00e9 conservateur des d\u00e9partements des xix<sup>e <\/sup>et xx<sup>e<\/sup> si\u00e8cles au Mus\u00e9e d&rsquo;art et d&rsquo;histoire de Fribourg (Suisse) et conseiller artistique de l&rsquo;UBS, en charge pour la Suisse romande des collections et des commandes artistiques ainsi que du m\u00e9c\u00e9nat culturel.<\/p>\n<p><strong>Dr Paul Bouvier<\/strong> est conseiller m\u00e9dical au Comit\u00e9 international de la Croix-Rouge depuis 2007 et charg\u00e9 d&rsquo;enseignement \u00e0l&rsquo;Institut de sant\u00e9 globale de l&rsquo;universit\u00e9 de Gen\u00e8ve. Dans les ann\u00e9es 1980, il a travaill\u00e9 avec le CICR pour des personnes d\u00e9plac\u00e9es ou en d\u00e9tention, en Afrique et en Am\u00e9rique centrale. Il dirige au CICR le groupe de r\u00e9f\u00e9rence sur l&rsquo;\u00e9thique dans la pratique de l&rsquo;action humanitaire.<\/p>\n<p><strong>Martin Rueff<\/strong> est professeur \u00e0l&rsquo;universit\u00e9 de Gen\u00e8ve. Po\u00e8te, traducteur et philosophe, il est sp\u00e9cialiste de Rousseau et de l&rsquo;anthropologie morale des classiques. Il est aussi l&rsquo;\u00e9diteur des &oelig;uvres de Claude L\u00e9vi-Strauss et de Michel Foucault en Pl\u00e9iade. Il a enseign\u00e9 pendant trois ans \u00e0 la prison de la Sant\u00e9 \u00e0 Paris et il anime depuis deux ans un programme d&rsquo;\u00e9criture cr\u00e9ative \u00e0Curabilis, \u00e0Gen\u00e8ve.<\/p>\n<p><strong>Isabelle Schulte-Tenckhoff<\/strong> est professeur d&rsquo;anthropologie \u00e0l&rsquo;Institut de hautes \u00e9tudes internationales et du d\u00e9veloppement (IHEID) \u00e0Gen\u00e8ve depuis 2003.<\/p>\n","protected":false},"excerpt":{"rendered":"<p>Il s&rsquo;agit du premier ouvrage illustr\u00e9 pr\u00e9sentant une s\u00e9lection internationale d&rsquo;objets d&rsquo;art confectionn\u00e9s par des prisonniers et recueillis par le Mus\u00e9e international de la Croix-Rouge et du Croissant-Rouge depuis un si\u00e8cle. Le Mus\u00e9e international de la Croix-Rouge et du Croissant-Rouge abrite en effet une collection unique au monde d&rsquo;&laquo;&thinsp;objets de prisonniers&thinsp;&raquo;, confectionn\u00e9s par des d\u00e9tenus&hellip;<\/p>\n","protected":false},"featured_media":11128,"template":"","meta":{"_acf_changed":false,"inline_featured_image":false},"product_brand":[],"product_cat":[49,67],"product_tag":[],"class_list":{"0":"post-11157","1":"product","2":"type-product","3":"status-publish","4":"has-post-thumbnail","6":"product_cat-art-brut-fr","7":"product_cat-autour-de-lart","8":"disponibilita-si","9":"description-off","11":"first","12":"instock","13":"shipping-taxable","14":"purchasable","15":"product-type-simple"},"acf":[],"_links":{"self":[{"href":"https:\/\/www.fivecontinentseditions.com\/fr\/wp-json\/wp\/v2\/product\/11157","targetHints":{"allow":["GET"]}}],"collection":[{"href":"https:\/\/www.fivecontinentseditions.com\/fr\/wp-json\/wp\/v2\/product"}],"about":[{"href":"https:\/\/www.fivecontinentseditions.com\/fr\/wp-json\/wp\/v2\/types\/product"}],"wp:featuredmedia":[{"embeddable":true,"href":"https:\/\/www.fivecontinentseditions.com\/fr\/wp-json\/wp\/v2\/media\/11128"}],"wp:attachment":[{"href":"https:\/\/www.fivecontinentseditions.com\/fr\/wp-json\/wp\/v2\/media?parent=11157"}],"wp:term":[{"taxonomy":"product_brand","embeddable":true,"href":"https:\/\/www.fivecontinentseditions.com\/fr\/wp-json\/wp\/v2\/product_brand?post=11157"},{"taxonomy":"product_cat","embeddable":true,"href":"https:\/\/www.fivecontinentseditions.com\/fr\/wp-json\/wp\/v2\/product_cat?post=11157"},{"taxonomy":"product_tag","embeddable":true,"href":"https:\/\/www.fivecontinentseditions.com\/fr\/wp-json\/wp\/v2\/product_tag?post=11157"}],"curies":[{"name":"wp","href":"https:\/\/api.w.org\/{rel}","templated":true}]}}