{"id":11076,"date":"2017-04-14T05:00:00","date_gmt":"2017-04-14T05:00:00","guid":{"rendered":"http:\/\/www.fivecontinentseditions.com\/prodotto\/illusions-2\/"},"modified":"2025-12-19T07:40:14","modified_gmt":"2025-12-19T07:40:14","slug":"illusions-2","status":"publish","type":"product","link":"https:\/\/www.fivecontinentseditions.com\/fr\/p\/illusions-2\/","title":{"rendered":"Illusions"},"content":{"rendered":"<p>En 2015, le mus\u00e9e McCord de Montr\u00e9al recevait en don l&rsquo;une des plus importantes collections d&rsquo;affiches et de documents relatifs \u00e0 la magie dans le monde, la collection Allan Slaight.Publi\u00e9 \u00e0l&rsquo;occasion de l&rsquo;exposition&laquo;Illusions&raquo; au mus\u00e9e McCord, cet ouvrage pr\u00e9sente 250affiches exceptionnelles produites des ann\u00e9es1880 aux ann\u00e9es1940. Durant cette p\u00e9riode, l&rsquo;\u00e2ge d&rsquo;or de la magie, des dizaines de magiciens et de prestidigitateurs se sont fait concurrence \u00e0coups de campagnes publicitaires. Aux &Eacute;tats-Unis et en Europe, les murs des villes \u00e9taient placard\u00e9s d&rsquo;affiches donnant un avant-go\u00fbt de leurs tours les plus spectaculaires. Diables et diablotins, cr\u00e2nes et squelettes, corps et t\u00eates coup\u00e9s, cartes et lapins, assistantes affriolantes et images exotiques ont inspir\u00e9 affichistes et imprimeurs dans leurs cr\u00e9ations.<br \/>\nSix auteurs r\u00e9put\u00e9s dans leur domaine nous pr\u00e9sentent ce fabuleux d\u00e9ploiement d&rsquo;images et de couleurs et nous offrent les cl\u00e9s de ces magnifiques r\u00e9alisations pour en saisir la pleine valeur historique, sociale et graphique.<\/p>\n<p><strong>David Ben<\/strong> est un magicien et historien de la magie de r\u00e9putation internationale. Il est le fondateur et le directeur artistique de Magicana, et l&rsquo;\u00e9diteur de <em>Magicol<\/em>, un journal consacr\u00e9 \u00e0l&rsquo;histoire et aux pi\u00e8ces de collection relatives \u00e0 la magie.<br \/>\n<strong>Ersy Contogouris<\/strong> est professeur associ\u00e9 au d\u00e9partement d&rsquo;histoire de l&rsquo;art de l&rsquo;universit\u00e9 du Qu\u00e9bec \u00e0Montr\u00e9al. Depuis 2012, elle est r\u00e9dactrice en chef de la revue <em>RACAR<\/em>.<br \/>\n<strong>Kevin Grace<\/strong> est le directeur des archives et des livres rares de la biblioth\u00e8que de l&rsquo;universit\u00e9 de Cincinnati, o\u00f9 il donne \u00e9galement des cours sur les cultures au sein du programme d&rsquo;\u00e9tudes sp\u00e9cialis\u00e9es.<br \/>\n<strong>Katharina Rein<\/strong> poursuit des recherches et donne des conf\u00e9rences dans les domaines de l&rsquo;histoire des cultures et des m\u00e9dias. Elle travaille actuellement \u00e0l&rsquo;International Research Institute for Cultural Techniques and Media Philosophy (IKKM) de la <em>Bauhaus<\/em>&#8211;<em>Universit\u00e4t<\/em> de Weimar.<br \/>\n<strong>Christian Vachon<\/strong> est historien de l&rsquo;art sp\u00e9cialis\u00e9 en iconographie canadienne. En 2010, il a \u00e9t\u00e9 nomm\u00e9 conservateur de la collection de peintures, estampes et dessins du mus\u00e9e McCord \u00e0Montr\u00e9al.<br \/>\n<strong>Zeev Gourarier<\/strong> est conservateur g\u00e9n\u00e9ral du patrimoine, directeur scientifique et des collections du Mus\u00e9e des civilisations de l&rsquo;Europe et de la M\u00e9diterran\u00e9e (MuCEM) \u00e0Marseille.<\/p>\n","protected":false},"excerpt":{"rendered":"<p>En 2015, le mus\u00e9e McCord de Montr\u00e9al recevait en don l&rsquo;une des plus importantes collections d&rsquo;affiches et de documents relatifs \u00e0 la magie dans le monde, la collection Allan Slaight.Publi\u00e9 \u00e0l&rsquo;occasion de l&rsquo;exposition&laquo;Illusions&raquo; au mus\u00e9e McCord, cet ouvrage pr\u00e9sente 250affiches exceptionnelles produites des ann\u00e9es1880 aux ann\u00e9es1940. Durant cette p\u00e9riode, l&rsquo;\u00e2ge d&rsquo;or de la magie, des&hellip;<\/p>\n","protected":false},"featured_media":11032,"template":"","meta":{"_acf_changed":false,"inline_featured_image":false},"product_brand":[],"product_cat":[71],"product_tag":[],"class_list":{"0":"post-11076","1":"product","2":"type-product","3":"status-publish","4":"has-post-thumbnail","6":"product_cat-arts-graphiques","7":"disponibilita-si","8":"description-off","10":"first","11":"instock","12":"shipping-taxable","13":"purchasable","14":"product-type-simple"},"acf":[],"_links":{"self":[{"href":"https:\/\/www.fivecontinentseditions.com\/fr\/wp-json\/wp\/v2\/product\/11076","targetHints":{"allow":["GET"]}}],"collection":[{"href":"https:\/\/www.fivecontinentseditions.com\/fr\/wp-json\/wp\/v2\/product"}],"about":[{"href":"https:\/\/www.fivecontinentseditions.com\/fr\/wp-json\/wp\/v2\/types\/product"}],"wp:featuredmedia":[{"embeddable":true,"href":"https:\/\/www.fivecontinentseditions.com\/fr\/wp-json\/wp\/v2\/media\/11032"}],"wp:attachment":[{"href":"https:\/\/www.fivecontinentseditions.com\/fr\/wp-json\/wp\/v2\/media?parent=11076"}],"wp:term":[{"taxonomy":"product_brand","embeddable":true,"href":"https:\/\/www.fivecontinentseditions.com\/fr\/wp-json\/wp\/v2\/product_brand?post=11076"},{"taxonomy":"product_cat","embeddable":true,"href":"https:\/\/www.fivecontinentseditions.com\/fr\/wp-json\/wp\/v2\/product_cat?post=11076"},{"taxonomy":"product_tag","embeddable":true,"href":"https:\/\/www.fivecontinentseditions.com\/fr\/wp-json\/wp\/v2\/product_tag?post=11076"}],"curies":[{"name":"wp","href":"https:\/\/api.w.org\/{rel}","templated":true}]}}