{"id":10986,"date":"2017-04-14T05:00:00","date_gmt":"2017-04-14T05:00:00","guid":{"rendered":"http:\/\/www.fivecontinentseditions.com\/prodotto\/laventure-chinoise-2\/"},"modified":"2021-03-04T15:47:19","modified_gmt":"2021-03-04T15:47:19","slug":"laventure-chinoise-2","status":"publish","type":"product","link":"https:\/\/www.fivecontinentseditions.com\/fr\/p\/laventure-chinoise-2\/","title":{"rendered":"L&rsquo;Aventure chinoise"},"content":{"rendered":"<p>Longtemps conserv\u00e9es au fond d\u2019une malle, des lettres d\u00e9crivent la fortune, le n\u00e9goce et les \u00e9tats d\u2019\u00e2me d\u2019une famille partie du canton de Neuch\u00e2tel au XIX<sup>e<\/sup> si\u00e8cle vendre des montres aux Chinois. Chez un antiquaire de la m\u00eame r\u00e9gion, d\u2019anciens albums constell\u00e9s de photographies de ces pionniers ont \u00e9t\u00e9 miraculeusement retrouv\u00e9s. Ces pr\u00e9cieux t\u00e9moignages enfin r\u00e9unis permettent de reconstituer l\u2019histoire des Loup de Chine, pr\u00e8s d\u2019un si\u00e8cle de p\u00e9rip\u00e9ties au sein du C\u00e9leste empire, \u00e0une \u00e9poque o\u00f9 les citoyens suisses \u00e9taient migrants\u2026 La saga de ce clan est repr\u00e9sentative d\u2019une cat\u00e9gorie d\u2019Helv\u00e8tes qui se sont expatri\u00e9s dans l\u2019espoir d\u2019am\u00e9liorer leur existence. Ce chapitre, qui demeure peu explor\u00e9 dans les livres d\u2019histoire, rappelle que la Suisse n\u2019a pas toujours \u00e9t\u00e9 le petit miracle \u00e9conomique que l\u2019on conna\u00eet, mais que le pays s\u2019est avant tout b\u00e2ti sur l\u2019esprit aventureux et l\u2019abn\u00e9gation de ses anc\u00eatres. Ce livre est richement illustr\u00e9 par les photos et les documents de l\u2019\u00e9poque ainsi que par les objets (porcelaines, jades et pierres dures, cloisonn\u00e9s, textiles, flacons \u00e0tabac) acquis au tournant du XX<sup>e<\/sup> si\u00e8cle par l\u2019un des membres de la famille Loup, Gustave (1876-1961). Ces antiquit\u00e9s ont v\u00e9cu le lent d\u00e9clin puis la chute d\u2019un empire mill\u00e9naire ainsi que la rencontre choc de deux cultures, radicalement diff\u00e9rentes. Elles ont \u00e9t\u00e9 envoy\u00e9es par bateau, pour finalement arriver en Suisse entre les mains de l\u2019un des plus grands collectionneurs d\u2019art asiatique de l\u2019\u00e9poque et aujourd\u2019hui conserv\u00e9es \u00e0 la Fondation Baur de Gen\u00e8ve. Ainsi, cette formidable \u00e9pop\u00e9e raconte-t-elle tout simplement une histoire  palpitante.<\/p>\n<p><strong>Estelle Nikl\u00e8s van Osselt<\/strong> est sinologue. Elle a \u00e9tudi\u00e9 les arts asiatiques et l\u2019arch\u00e9ologie dans les universit\u00e9s de Gen\u00e8ve, Londres et P\u00e9kin. Aujourd\u2019hui conservatrice adjointe \u00e0 la fondation Baur, mus\u00e9e des Arts d\u2019Extr\u00eame-Orient de Gen\u00e8ve, elle a auparavant travaill\u00e9 pour la fondation d\u2019art contemporain chinois Guy &amp; Myriam Ullens et leur centre d\u2019art UCCA de P\u00e9kin.<br \/>\n<strong>Christiane Perregaux-Loup <\/strong>n\u00e9e en 1942 \u00e0Neuch\u00e2tel, a \u00e9t\u00e9 professeure dans le domaine de la pluralit\u00e9 linguistique  et culturelle. La Chine o\u00f9 ses arri\u00e8res grands-parents Eug\u00e8ne Borel et Alphonse Loup ont migr\u00e9 au milieu du XIXe si\u00e8cle l\u2019a accompagn\u00e9e d\u00e8s son enfance. Son imaginaire s\u2019est nourri des histoires familiales, des chinoiseries et des photos qu\u2019elle retrouvait dans la maison  de famille.<\/p>\n","protected":false},"excerpt":{"rendered":"<p>Longtemps conserv\u00e9es au fond d\u2019une malle, des lettres d\u00e9crivent la fortune, le n\u00e9goce et les \u00e9tats d\u2019\u00e2me d\u2019une famille partie du canton de Neuch\u00e2tel au XIXe si\u00e8cle vendre des montres aux Chinois. Chez un antiquaire de la m\u00eame r\u00e9gion, d\u2019anciens albums constell\u00e9s de photographies de ces pionniers ont \u00e9t\u00e9 miraculeusement retrouv\u00e9s. Ces pr\u00e9cieux t\u00e9moignages enfin&hellip;<\/p>\n","protected":false},"featured_media":10954,"template":"","meta":{"_acf_changed":false,"inline_featured_image":false},"product_brand":[],"product_cat":[56],"product_tag":[],"class_list":{"0":"post-10986","1":"product","2":"type-product","3":"status-publish","4":"has-post-thumbnail","6":"product_cat-art-asiatique","7":"disponibilita-si","8":"description-off","10":"first","11":"instock","12":"shipping-taxable","13":"purchasable","14":"product-type-simple"},"acf":[],"_links":{"self":[{"href":"https:\/\/www.fivecontinentseditions.com\/fr\/wp-json\/wp\/v2\/product\/10986","targetHints":{"allow":["GET"]}}],"collection":[{"href":"https:\/\/www.fivecontinentseditions.com\/fr\/wp-json\/wp\/v2\/product"}],"about":[{"href":"https:\/\/www.fivecontinentseditions.com\/fr\/wp-json\/wp\/v2\/types\/product"}],"wp:featuredmedia":[{"embeddable":true,"href":"https:\/\/www.fivecontinentseditions.com\/fr\/wp-json\/wp\/v2\/media\/10954"}],"wp:attachment":[{"href":"https:\/\/www.fivecontinentseditions.com\/fr\/wp-json\/wp\/v2\/media?parent=10986"}],"wp:term":[{"taxonomy":"product_brand","embeddable":true,"href":"https:\/\/www.fivecontinentseditions.com\/fr\/wp-json\/wp\/v2\/product_brand?post=10986"},{"taxonomy":"product_cat","embeddable":true,"href":"https:\/\/www.fivecontinentseditions.com\/fr\/wp-json\/wp\/v2\/product_cat?post=10986"},{"taxonomy":"product_tag","embeddable":true,"href":"https:\/\/www.fivecontinentseditions.com\/fr\/wp-json\/wp\/v2\/product_tag?post=10986"}],"curies":[{"name":"wp","href":"https:\/\/api.w.org\/{rel}","templated":true}]}}