{"id":10950,"date":"2017-03-14T05:00:00","date_gmt":"2017-03-14T05:00:00","guid":{"rendered":"http:\/\/www.fivecontinentseditions.com\/prodotto\/pablo-reinoso-3\/"},"modified":"2017-12-21T18:47:27","modified_gmt":"2017-12-21T18:47:27","slug":"pablo-reinoso-3","status":"publish","type":"product","link":"https:\/\/www.fivecontinentseditions.com\/fr\/p\/pablo-reinoso-3\/","title":{"rendered":"Pablo Reinoso"},"content":{"rendered":"<p>Premi\u00e8re importante monographie d\u00e9di\u00e9e \u00e0l&rsquo;oeuvre de Pablo Reinoso, artiste et designer franco-argentin touche \u00e0tout, curieux et autodidacte.<br \/>\nSculpteur \u00e0l&rsquo;origine, mais fonci\u00e8rement artiste, Pablo Reinoso pratique son art de diverses fa\u00e7ons depuis son plus jeune \u00e2ge. De m\u00e8re fran\u00e7aise, mais n\u00e9 en Argentine, il s&rsquo;installe \u00e0 Paris en 1978. Il travaille par s\u00e9ries &ndash; <em>Articulations<\/em> (1970-1980), <em>Water Landscapes<\/em> (1981-1986), <em>The Discovery of America<\/em> (1986-1989), <em>Breathing Sculptures <\/em>(1995-2002) &ndash; qu&rsquo;il parcourt, triture, fouille, en explorant des univers et des mat\u00e9riaux diff\u00e9rents, traduisant le permanent <em>work in progress<\/em> qui est sa mani\u00e8re de penser.<br \/>\nDans <em>Ashes to Ashes<\/em> (2002), avec plus de maturit\u00e9, il s&rsquo;engage dans un travail avec des lattes de bois qu&rsquo;il tord et \u00e9clate pour les affranchir de leur fonction. Poursuivant cette perspective, mais ayant v\u00e9cu entre-temps une forte exp\u00e9rience au sein de grandes entreprises comme directeur artistique et designer, il s&rsquo;attaque \u00e0une s\u00e9rie o\u00f9 il met en avant une ic\u00f4ne du design industriel, la chaise Thonet (\u00e0partir de 2004). Pablo Reinoso prend ensuite comme point de d\u00e9part de sa r\u00e9flexion les bancs publics, au design anonyme, traversant les cultures tout en \u00e9tant hors-temps et hors-mode. Ce sont les bancs dits <em>Spaghetti Benches<\/em> (\u00e0partir de 2006) qui se mettent \u00e0prolif\u00e9rer et trouver leur place dans les lieux les plus divers.<br \/>\nFinalement, dans sa derni\u00e8re s\u00e9rie, les <em>Scribbling Benches<\/em> (\u00e0partir de 2009), Pablo Reinoso ne part plus d&rsquo;un banc anonyme, ni d&rsquo;une chaise iconique, mais d&rsquo;un mat\u00e9riau : une poutrelle en acier. C&rsquo;est l&rsquo;inattendu du lourd, vou\u00e9 \u00e0structurer l&rsquo;architecture, qui se tord comme un fil pour cr\u00e9er un banc et dessiner des espaces l\u00e9gers, transparents, contemplatifs.<\/p>\n<p><strong>Michel Serres<\/strong>, philosophe et \u00e9pist\u00e9mologue, professeur de philosophie et d&rsquo;histoire des sciences \u00e0 la Sorbonne, est \u00e9galement connu pour son enseignement \u00e0l&rsquo;universit\u00e9 de Stanford. Membre de l&rsquo;Acad\u00e9mie fran\u00e7aise, c&rsquo;est l&rsquo;un des plus grands intellectuels fran\u00e7ais d&rsquo;aujourd&rsquo;hui.<br \/>\n<strong>G\u00e9rard Wajcman<\/strong>, \u00e9crivain et psychanalyste, est ma\u00eetre de conf\u00e9rences au d\u00e9partement de psychanalyse de l&rsquo;universit\u00e9 Paris 8 et membre de l&rsquo;&Eacute;cole de la cause freudienne. Le d\u00e9cryptage de l&rsquo;image et l&rsquo;omnipotence du &laquo; regard &raquo; dans notre si\u00e8cle sont des sujets qui impr\u00e8gnent les analyses et les livres de cet amateur d&rsquo;art.<br \/>\n<strong>Henri-Fran\u00e7ois Debailleux<\/strong>, journaliste et critique d&rsquo;art \u00e0<em>Lib\u00e9ration<\/em> et au <em>Journal des arts, <\/em>professeur \u00e0l&rsquo;ICART (&Eacute;cole du Management de la culture et du march\u00e9 de l&rsquo;art), est aussi auteur de nombreuses pr\u00e9faces de catalogues et commissaire d&rsquo;exposition.<\/p>\n","protected":false},"excerpt":{"rendered":"<p>Premi\u00e8re importante monographie d\u00e9di\u00e9e \u00e0l&rsquo;oeuvre de Pablo Reinoso, artiste et designer franco-argentin touche \u00e0tout, curieux et autodidacte. Sculpteur \u00e0l&rsquo;origine, mais fonci\u00e8rement artiste, Pablo Reinoso pratique son art de diverses fa\u00e7ons depuis son plus jeune \u00e2ge. De m\u00e8re fran\u00e7aise, mais n\u00e9 en Argentine, il s&rsquo;installe \u00e0 Paris en 1978. Il travaille par s\u00e9ries &ndash; Articulations (1970-1980),&hellip;<\/p>\n","protected":false},"featured_media":10919,"template":"","meta":{"_acf_changed":false,"inline_featured_image":false},"product_brand":[],"product_cat":[57],"product_tag":[],"class_list":{"0":"post-10950","1":"product","2":"type-product","3":"status-publish","4":"has-post-thumbnail","6":"product_cat-art-contemporain","7":"disponibilita-si","8":"description-off","10":"first","11":"instock","12":"shipping-taxable","13":"purchasable","14":"product-type-simple"},"acf":[],"_links":{"self":[{"href":"https:\/\/www.fivecontinentseditions.com\/fr\/wp-json\/wp\/v2\/product\/10950","targetHints":{"allow":["GET"]}}],"collection":[{"href":"https:\/\/www.fivecontinentseditions.com\/fr\/wp-json\/wp\/v2\/product"}],"about":[{"href":"https:\/\/www.fivecontinentseditions.com\/fr\/wp-json\/wp\/v2\/types\/product"}],"wp:featuredmedia":[{"embeddable":true,"href":"https:\/\/www.fivecontinentseditions.com\/fr\/wp-json\/wp\/v2\/media\/10919"}],"wp:attachment":[{"href":"https:\/\/www.fivecontinentseditions.com\/fr\/wp-json\/wp\/v2\/media?parent=10950"}],"wp:term":[{"taxonomy":"product_brand","embeddable":true,"href":"https:\/\/www.fivecontinentseditions.com\/fr\/wp-json\/wp\/v2\/product_brand?post=10950"},{"taxonomy":"product_cat","embeddable":true,"href":"https:\/\/www.fivecontinentseditions.com\/fr\/wp-json\/wp\/v2\/product_cat?post=10950"},{"taxonomy":"product_tag","embeddable":true,"href":"https:\/\/www.fivecontinentseditions.com\/fr\/wp-json\/wp\/v2\/product_tag?post=10950"}],"curies":[{"name":"wp","href":"https:\/\/api.w.org\/{rel}","templated":true}]}}