{"id":10854,"date":"2016-09-01T05:00:00","date_gmt":"2016-09-01T05:00:00","guid":{"rendered":"http:\/\/www.fivecontinentseditions.com\/prodotto\/bijoux-dorients-lointains-2\/"},"modified":"2017-12-21T18:46:00","modified_gmt":"2017-12-21T18:46:00","slug":"bijoux-dorients-lointains-2","status":"publish","type":"product","link":"https:\/\/www.fivecontinentseditions.com\/fr\/p\/bijoux-dorients-lointains-2\/","title":{"rendered":"Bijoux d&rsquo;Orients lointains"},"content":{"rendered":"<p>Dans la continuit\u00e9 d&rsquo;un premier volume <em>Bijoux des toits du monde<\/em> (2012) qui nous entra\u00eenait sur les sentiers de la &laquo; route de la soie &raquo;, cet ouvrage propose de suivre la voie maritime de ce chemin mythique gr\u00e2ce \u00e0 la magie de parures arch\u00e9ologiques et ethniques. Afin de d\u00e9voiler la richesse et la diversit\u00e9 des cultures des royaumes d&rsquo;Arabie \u00e0l&rsquo;Insulinde, l&rsquo;or, m\u00e9tal l\u00e9gendaire symbole d&rsquo;\u00e9ternit\u00e9, a \u00e9t\u00e9 choisi comme le fil conducteur de ce p\u00e9riple au fil de l&rsquo;eau.<br \/>\nEnviron quatre cents bijoux, resplendissant de mille feux, conduisent le lecteur sur la voie des empires oubli\u00e9s de Birmanie, de Tha\u00eflande, du Cambodge et du Vi\u00eat Nam jusqu&rsquo;\u00e0l&rsquo;Indon\u00e9sie et aux Philippines. Ces joyaux de qualit\u00e9 exceptionnelle, t\u00e9moins fragiles de l&rsquo;extraordinaire virtuosit\u00e9 de ces orf\u00e8vres anonymes qui immortalis\u00e8rent sur de petites surfaces leurs croyances comme leurs r\u00eaves, r\u00e9v\u00e8lent des peuples, des civilisations et des cultures dont la m\u00e9moire dispara\u00eet. Loin d&rsquo;\u00eatre des colifichets futiles, ces coiffes, colliers, pendants d&rsquo;oreilles, bracelets ou ceintures orf\u00e9vr\u00e9es scandent les grandes \u00e9tapes de la vie et bien souvent bijoux et talismans aux vertus protectrices ne font qu&rsquo;un.<br \/>\nSomptueusement illustr\u00e9, <em>Bijoux d&rsquo;Orients lointains<\/em> emm\u00e8ne le lecteur au fil des pages \u00e0 la d\u00e9couverte des bijoux exotiques d&rsquo;Asie dans une croisi\u00e8re r\u00e9conciliant arch\u00e9ologie et ethnologie qui se terminera dans les \u00eeles enchanteresses de Java, Bali, Sumatra, Nias, Sulawesi, Sumba, Flor\u00e8s, Timor et les Moluques.<\/p>\n<p><strong>Monique Crick<\/strong> est historienne de l&rsquo;art sp\u00e9cialis\u00e9e en arts d&rsquo;Extr\u00eame-Orient. Apr\u00e8s avoir \u00e9t\u00e9 chercheur ind\u00e9pendant, charg\u00e9e de mission au mus\u00e9e national des Arts asiatiques &#8211; Guimet et au mus\u00e9e Cernuschi, elle est, depuis janvier 2003, directrice de la Fondation Baur, mus\u00e9e des Arts d&rsquo;Extr\u00eame-Orient \u00e0Gen\u00e8ve. Elle est par ailleurs l&rsquo;auteur de nombreux articles et catalogues et a \u00e9t\u00e9 commissaire scientifique de plusieurs expositions.<br \/>\n<strong>B\u00e9r\u00e9nice Geoffroy-Schneiter<\/strong>, hell\u00e9niste et historienne de l&rsquo;art de formation, a v\u00e9cu enfant en Afghanistan et au Pakistan. Elle est par ailleurs une sp\u00e9cialiste reconnue en France des arts premiers et de la parure, et a publi\u00e9 de nombreux ouvrages sur le sujet. Journaliste et critique d&rsquo;art, elle collabore parall\u00e8lement \u00e0diff\u00e9rentes revues d&rsquo;art.<\/p>\n","protected":false},"excerpt":{"rendered":"<p>Dans la continuit\u00e9 d&rsquo;un premier volume Bijoux des toits du monde (2012) qui nous entra\u00eenait sur les sentiers de la &laquo; route de la soie &raquo;, cet ouvrage propose de suivre la voie maritime de ce chemin mythique gr\u00e2ce \u00e0 la magie de parures arch\u00e9ologiques et ethniques. Afin de d\u00e9voiler la richesse et la diversit\u00e9&hellip;<\/p>\n","protected":false},"featured_media":10831,"template":"","meta":{"_acf_changed":false,"inline_featured_image":false},"product_brand":[],"product_cat":[56,75],"product_tag":[],"class_list":{"0":"post-10854","1":"product","2":"type-product","3":"status-publish","4":"has-post-thumbnail","6":"product_cat-art-asiatique","7":"product_cat-mode-et-design","8":"disponibilita-si","9":"description-off","11":"first","12":"instock","13":"shipping-taxable","14":"purchasable","15":"product-type-simple"},"acf":[],"_links":{"self":[{"href":"https:\/\/www.fivecontinentseditions.com\/fr\/wp-json\/wp\/v2\/product\/10854","targetHints":{"allow":["GET"]}}],"collection":[{"href":"https:\/\/www.fivecontinentseditions.com\/fr\/wp-json\/wp\/v2\/product"}],"about":[{"href":"https:\/\/www.fivecontinentseditions.com\/fr\/wp-json\/wp\/v2\/types\/product"}],"wp:featuredmedia":[{"embeddable":true,"href":"https:\/\/www.fivecontinentseditions.com\/fr\/wp-json\/wp\/v2\/media\/10831"}],"wp:attachment":[{"href":"https:\/\/www.fivecontinentseditions.com\/fr\/wp-json\/wp\/v2\/media?parent=10854"}],"wp:term":[{"taxonomy":"product_brand","embeddable":true,"href":"https:\/\/www.fivecontinentseditions.com\/fr\/wp-json\/wp\/v2\/product_brand?post=10854"},{"taxonomy":"product_cat","embeddable":true,"href":"https:\/\/www.fivecontinentseditions.com\/fr\/wp-json\/wp\/v2\/product_cat?post=10854"},{"taxonomy":"product_tag","embeddable":true,"href":"https:\/\/www.fivecontinentseditions.com\/fr\/wp-json\/wp\/v2\/product_tag?post=10854"}],"curies":[{"name":"wp","href":"https:\/\/api.w.org\/{rel}","templated":true}]}}