{"id":10800,"date":"2016-03-29T05:00:00","date_gmt":"2016-03-29T05:00:00","guid":{"rendered":"http:\/\/www.fivecontinentseditions.com\/prodotto\/entre-sculpture-et-photographie-2\/"},"modified":"2017-12-21T18:44:36","modified_gmt":"2017-12-21T18:44:36","slug":"entre-sculpture-et-photographie-2","status":"publish","type":"product","link":"https:\/\/www.fivecontinentseditions.com\/fr\/p\/entre-sculpture-et-photographie-2\/","title":{"rendered":"Entre sculpture et photographie"},"content":{"rendered":"<p><em>Entre sculpture et photographie<\/em> pr\u00e9sente huit artistes de la fin du XX<sup>e<\/sup> si\u00e8cle, ayant pratiqu\u00e9 \u00e0 la fois la sculpture et la photographie, dans la lign\u00e9e de Rodin en quelque sorte, qui nourrissait une passion pour la photographie dans la mesure o\u00f9 elle lui permettait de franchir de nouvelles \u00e9tapes dans sa cr\u00e9ation. En ce sens, une nouvelle g\u00e9n\u00e9ration d&rsquo;artistes des ann\u00e9es 1960 avait cherch\u00e9 \u00e0reformuler le concept de sculpture en s&rsquo;appuyant sur un usage syst\u00e9matique de la photographie, reconnue alors comme un m\u00e9dium artistique.<br \/>\nLes huit artistes pr\u00e9sent\u00e9s entretiennent une proximit\u00e9 \u00e9troite entre photographie et sculpture, au point de ne pouvoir parfois les dissocier. De Richard Long \u00e0Giuseppe Penone, de Dieter Appelt \u00e0Cy Twombly, cet ouvrage explore diverses voies de leur alliance et de leur connexion, tant\u00f4t pratiques autonomes (Cy Twombly), tant\u00f4t imbriqu\u00e9es d\u00e8s l&rsquo;instant de leur production (Richard Long), tant\u00f4t en r\u00e9sonnances d&rsquo;un imaginaire commun (Giuseppe Penone, Dieter Appelt), tant\u00f4t en \u00e9cho formel l&rsquo;une de l&rsquo;autre (John Chamberlain). Li\u00e9es par les m\u00eames paradoxes de la vue (Markus Raetz) ou par une logique d\u00e9ductive incertaine (Mac Adams), double t\u00e9moignage d&rsquo;une action \u00e9ph\u00e9m\u00e8re irr\u00e9versible (Gordon Matta-Clark), sculpture et photographie paraissent r\u00e9v\u00e9ler, pour ces artistes, les deux faces d&rsquo;une m\u00eame probl\u00e9matique de cr\u00e9ation et de perception de l&rsquo;art.<\/p>\n<p><strong>Catherine Chevillot<\/strong> est conservateur g\u00e9n\u00e9ral du patrimoine, Directrice du mus\u00e9e Rodin.<br \/>\n<strong>Michel Frizot<\/strong>, co-commissaire de l&rsquo;exposition &laquo;&thinsp;Entre sculpture et photographie&thinsp;&raquo;, est directeur de recherche \u00e9m\u00e9rite au CNRS, historien et th\u00e9oricien de la photographie, il a enseign\u00e9 \u00e0l&rsquo;universit\u00e9 Paris IV, \u00e0l&rsquo;&Eacute;cole du Louvre et \u00e0l&rsquo;EHESS.<br \/>\n<strong>H\u00e9l\u00e8ne Pinet<\/strong>, co-commissaire de l&rsquo;exposition &laquo;&thinsp;Entre sculpture et photographie&thinsp;&raquo;, est chef du service de la recherche, des archives, de la biblioth\u00e8que et de la documentation du mus\u00e9e Rodin.<br \/>\n<strong>Gilles A. Tiberghien<\/strong> est enseignant en histoire de l&rsquo;art et de l&rsquo;esth\u00e9tique \u00e0l&rsquo;universit\u00e9 Paris 1 &ndash; Panth\u00e9on-Sorbonne.<br \/>\n<strong>Alexandre Quoi<\/strong> est ma\u00eetre de conf\u00e9rences en histoire de l&rsquo;art contemporain \u00e0Aix-Marseille Universit\u00e9 (UMR Telemme-CNRS) et est professeur intervenant ext\u00e9rieur \u00e0l&rsquo;ENSP Arles.<\/p>\n<p>Liste des artistes:<br \/>\nRichard <strong>Long<\/strong> (1945)<br \/>\nGordon <strong>Matta-Clark<\/strong> (1943-1978)<br \/>\nGiuseppe<strong> Penone<\/strong> (1947)<br \/>\nMarkus <strong>Raetz<\/strong> (1941)<br \/>\nDieter <strong>Appelt<\/strong> (1935)<br \/>\nMac <strong>Adams<\/strong> (1943)<br \/>\nJohn <strong>Chamberlain<\/strong> (1927-2011)<br \/>\nCy <strong>Twombly<\/strong> (1928-2011)<\/p>\n","protected":false},"excerpt":{"rendered":"<p>Entre sculpture et photographie pr\u00e9sente huit artistes de la fin du XXe si\u00e8cle, ayant pratiqu\u00e9 \u00e0 la fois la sculpture et la photographie, dans la lign\u00e9e de Rodin en quelque sorte, qui nourrissait une passion pour la photographie dans la mesure o\u00f9 elle lui permettait de franchir de nouvelles \u00e9tapes dans sa cr\u00e9ation. En ce&hellip;<\/p>\n","protected":false},"featured_media":10769,"template":"","meta":{"_acf_changed":false,"inline_featured_image":false},"product_brand":[],"product_cat":[57],"product_tag":[],"class_list":{"0":"post-10800","1":"product","2":"type-product","3":"status-publish","4":"has-post-thumbnail","6":"product_cat-art-contemporain","7":"disponibilita-no","8":"description-off","10":"first","11":"outofstock","12":"shipping-taxable","13":"purchasable","14":"product-type-simple"},"acf":[],"_links":{"self":[{"href":"https:\/\/www.fivecontinentseditions.com\/fr\/wp-json\/wp\/v2\/product\/10800","targetHints":{"allow":["GET"]}}],"collection":[{"href":"https:\/\/www.fivecontinentseditions.com\/fr\/wp-json\/wp\/v2\/product"}],"about":[{"href":"https:\/\/www.fivecontinentseditions.com\/fr\/wp-json\/wp\/v2\/types\/product"}],"wp:featuredmedia":[{"embeddable":true,"href":"https:\/\/www.fivecontinentseditions.com\/fr\/wp-json\/wp\/v2\/media\/10769"}],"wp:attachment":[{"href":"https:\/\/www.fivecontinentseditions.com\/fr\/wp-json\/wp\/v2\/media?parent=10800"}],"wp:term":[{"taxonomy":"product_brand","embeddable":true,"href":"https:\/\/www.fivecontinentseditions.com\/fr\/wp-json\/wp\/v2\/product_brand?post=10800"},{"taxonomy":"product_cat","embeddable":true,"href":"https:\/\/www.fivecontinentseditions.com\/fr\/wp-json\/wp\/v2\/product_cat?post=10800"},{"taxonomy":"product_tag","embeddable":true,"href":"https:\/\/www.fivecontinentseditions.com\/fr\/wp-json\/wp\/v2\/product_tag?post=10800"}],"curies":[{"name":"wp","href":"https:\/\/api.w.org\/{rel}","templated":true}]}}