{"id":10740,"date":"2017-01-13T05:00:00","date_gmt":"2017-01-13T05:00:00","guid":{"rendered":"http:\/\/www.fivecontinentseditions.com\/prodotto\/the-advent-of-abstraction-2\/"},"modified":"2017-12-21T18:43:38","modified_gmt":"2017-12-21T18:43:38","slug":"the-advent-of-abstraction-2","status":"publish","type":"product","link":"https:\/\/www.fivecontinentseditions.com\/fr\/p\/the-advent-of-abstraction-2\/","title":{"rendered":"The Advent of Abstraction"},"content":{"rendered":"<p>L&rsquo;avant-garde russe est un mouvement artistique qui a connu un d\u00e9veloppement remarquableen Russie entre 1890 et 1930 et qui englobait la peinture, la litt\u00e9rature, le cin\u00e9ma,la sculpture, l&rsquo;architecture et la propagande politique. Les oeuvres de cette p\u00e9riode sereconnaissent facilement \u00e0leurs couleurs vives, \u00e0leurs formes g\u00e9om\u00e9triques et \u00e0leurslettrages caract\u00e9ristiques.<\/p>\n<p>Ce catalogue d&rsquo;exposition, magnifiquement illustr\u00e9, pr\u00e9sente six oeuvres majeures dec\u00e9l\u00e8bres repr\u00e9sentants de l&rsquo;avant-garde russe : Kazimir Malevitch, Vladimir Tatline, IvanKlioune, Ilia Tchachnik, El Lissitzky et Lioubov Popova.<\/p>\n<p>Ces oeuvres sont accompagn\u00e9es d&rsquo;une riche s\u00e9lection de documents originaux &ndash; objets,manuscrits et photographies provenant de la collection personnelle de l&rsquo;historien de l&rsquo;artet chercheur ind\u00e9pendant Andr\u00e9i Nakov &ndash;, qui contribuent \u00e0illustrer l&rsquo;importance de cemouvement et l&rsquo;influence critique qu&rsquo;il a exerc\u00e9e dans la d\u00e9finition de l&rsquo;art moderne.<\/p>\n<p>De nombreuses publications ont \u00e9t\u00e9 consacr\u00e9es ces derni\u00e8res ann\u00e9es \u00e0l&rsquo;avant-gardenon objective russe, mais il reste beaucoup de recherches \u00e0mener concernant ce mouvementet ses origines.<\/p>\n<p><strong>Andr\u00e9i Nakov<\/strong> est historien de l&rsquo;art et chercheur ind\u00e9pendant. Il a publi\u00e9 un grandnombre d&rsquo;\u00e9tudes th\u00e9oriques, monographies et catalogues d&rsquo;exposition sur l&rsquo;avant-garderusse, le futurisme, Dada, le constructivisme, l&rsquo;art contemporain et l&rsquo;art abstrait europ\u00e9en.Ses ouvrages ont \u00e9t\u00e9 traduits dans de nombreux pays, y compris en Russie.<\/p>\n","protected":false},"excerpt":{"rendered":"<p>L&rsquo;avant-garde russe est un mouvement artistique qui a connu un d\u00e9veloppement remarquableen Russie entre 1890 et 1930 et qui englobait la peinture, la litt\u00e9rature, le cin\u00e9ma,la sculpture, l&rsquo;architecture et la propagande politique. Les oeuvres de cette p\u00e9riode sereconnaissent facilement \u00e0leurs couleurs vives, \u00e0leurs formes g\u00e9om\u00e9triques et \u00e0leurslettrages caract\u00e9ristiques. Ce catalogue d&rsquo;exposition, magnifiquement illustr\u00e9, pr\u00e9sente six&hellip;<\/p>\n","protected":false},"featured_media":10714,"template":"","meta":{"_acf_changed":false,"inline_featured_image":false},"product_brand":[],"product_cat":[68],"product_tag":[],"class_list":{"0":"post-10740","1":"product","2":"type-product","3":"status-publish","4":"has-post-thumbnail","6":"product_cat-art-moderne","7":"disponibilita-no","8":"description-off","10":"first","11":"outofstock","12":"shipping-taxable","13":"purchasable","14":"product-type-simple"},"acf":[],"_links":{"self":[{"href":"https:\/\/www.fivecontinentseditions.com\/fr\/wp-json\/wp\/v2\/product\/10740","targetHints":{"allow":["GET"]}}],"collection":[{"href":"https:\/\/www.fivecontinentseditions.com\/fr\/wp-json\/wp\/v2\/product"}],"about":[{"href":"https:\/\/www.fivecontinentseditions.com\/fr\/wp-json\/wp\/v2\/types\/product"}],"wp:featuredmedia":[{"embeddable":true,"href":"https:\/\/www.fivecontinentseditions.com\/fr\/wp-json\/wp\/v2\/media\/10714"}],"wp:attachment":[{"href":"https:\/\/www.fivecontinentseditions.com\/fr\/wp-json\/wp\/v2\/media?parent=10740"}],"wp:term":[{"taxonomy":"product_brand","embeddable":true,"href":"https:\/\/www.fivecontinentseditions.com\/fr\/wp-json\/wp\/v2\/product_brand?post=10740"},{"taxonomy":"product_cat","embeddable":true,"href":"https:\/\/www.fivecontinentseditions.com\/fr\/wp-json\/wp\/v2\/product_cat?post=10740"},{"taxonomy":"product_tag","embeddable":true,"href":"https:\/\/www.fivecontinentseditions.com\/fr\/wp-json\/wp\/v2\/product_tag?post=10740"}],"curies":[{"name":"wp","href":"https:\/\/api.w.org\/{rel}","templated":true}]}}