{"id":10674,"date":"2016-07-25T05:00:00","date_gmt":"2016-07-25T05:00:00","guid":{"rendered":"http:\/\/www.fivecontinentseditions.com\/prodotto\/arts-dafrique-2\/"},"modified":"2023-10-21T18:25:54","modified_gmt":"2023-10-21T18:25:54","slug":"arts-dafrique-2","status":"publish","type":"product","link":"https:\/\/www.fivecontinentseditions.com\/fr\/p\/arts-dafrique-2\/","title":{"rendered":"Arts d&rsquo;Afrique"},"content":{"rendered":"<p>Ce magnifique ouvrage pr\u00e9sente soixante-dix oeuvres provenant d&rsquo;une importante collection priv\u00e9e, r\u00e9unie au cours de plus de quarante ann\u00e9es avec discipline, curiosit\u00e9 et passion. C&rsquo;est l&rsquo;une des plus belles collections d&rsquo;art de l&rsquo;Afrique de l&rsquo;Ouest et centrale, allant jusqu&rsquo;\u00e0l&rsquo;Afrique du Sud et Madagascar.<br \/>\nCon\u00e7ue autour de quatre grands th\u00e8mes &ndash; gouverner et transmettre, prot\u00e9ger et soigner, se r\u00e9unir (f\u00eater, c\u00e9l\u00e9brer, louer ou condamner), servir, embellir et ennoblir &ndash;, cette s\u00e9lection s&rsquo;accompagne d&rsquo;une introduction g\u00e9n\u00e9rale \u00e0 la question de l&rsquo;art africain et d&rsquo;un approfondissement de notre connaissance des cultures \u00e0qui l&rsquo;on doit ces oeuvres. Les superbes photographies des soixante-dix pi\u00e8ces, dans la premi\u00e8re partie de la publication, sont suivies d&rsquo;un chapitre consacr\u00e9 \u00e0quelques grands chefs-d&rsquo;oeuvre photographiques d&rsquo;avant-garde, qui r\u00e9v\u00e8lent une relation \u00e9troite entre ce mouvement et neuf oeuvres africaines fascinantes de la collection. Les objets sont ainsi pr\u00e9sent\u00e9s \u00e0c\u00f4t\u00e9 d&rsquo;images de photographes r\u00e9put\u00e9s, Alfred Stieglitz, Man Ray, Lajos Kass\u00e1k, Hannah H\u00f6ch, Erwin Blumenfeld, Maurice Tabard, Karl Blossfeldt et Robert Doisneau.<br \/>\nPour finir, respectant un \u00e9quilibre entre des chefs-d&rsquo;oeuvre souvent publi\u00e9s et d&rsquo;autres moins connus, cet ouvrage livre au public une s\u00e9lection de sept artistes photographes (Jean Marc Tingaud, Louis Tirilly, Nicolas Bruant, Roger Ballen, Groupe Street Collodion Art, Coco Fronsac et Fr\u00e9d\u00e9ric Vidal) \u00e0qui il a \u00e9t\u00e9 demand\u00e9 de repr\u00e9senter pour la premi\u00e8re fois, dans un style contemporain et personnel, neuf pi\u00e8ces renomm\u00e9es.<\/p>\n<p><strong>Patrick Caput<\/strong> est collectionneur, consultant international et expert pour l&rsquo;art africain et oc\u00e9anien.<br \/>\n<strong>Alain-Michel Boyer<\/strong>, apr\u00e8s avoir enseign\u00e9 dans plusieurs universit\u00e9s am\u00e9ricaines, est nomm\u00e9 professeur \u00e9m\u00e9rite d&rsquo;art africain et membre du Conseil national des universit\u00e9s \u00e0 Paris. Il collabore r\u00e9guli\u00e8rement avec le mus\u00e9e du quai Branly, le mus\u00e9e Dapper et le mus\u00e9e Barbier-Mueller.<br \/>\n<strong>Lorraine Gallimardet<\/strong>, dipl\u00f4m\u00e9e de l&rsquo;&Eacute;cole du Louvre, est historienne de l&rsquo;art, sp\u00e9cialiste de l&rsquo;histoire des arts d&rsquo;Afrique. Elle a collabor\u00e9 avec des mus\u00e9es, galeries et maisons de ventes.<br \/>\n<strong>Frank Herreman<\/strong> a \u00e9t\u00e9 directeur du mus\u00e9e d&rsquo;Ethnographie d&rsquo;Anvers, en Belgique, et directeur des expositions et des publications au Museum for African Art \u00e0New York.<br \/>\n<strong>Robert Neuburger<\/strong> est psychiatre, psychanalyste et th\u00e9rapeute. Il est professeur honoraire de psychologie clinique \u00e0l&rsquo;Universit\u00e9 libre de Bruxelles et directeur du Centre d&rsquo;\u00e9tude de la famille (CEFA) de Gen\u00e8ve.<br \/>\n<strong>Valentine Plisnier<\/strong> est enseignante et chercheuse en histoire de l&rsquo;art ; elle a \u00e9crit des ouvrages majeurs r\u00e9sumant l&rsquo;influence des arts non europ\u00e9ens sur la modernit\u00e9 photographique entre 1918 et aujourd&rsquo;hui.<br \/>\n<strong>Germain Viatte<\/strong>, historien de l&rsquo;art, a \u00e9t\u00e9 directeur du mus\u00e9e national d&rsquo;Art moderne au Centre Georges Pompidou, puis directeur du projet mus\u00e9ologique du mus\u00e9e du quai Branly.<\/p>\n","protected":false},"excerpt":{"rendered":"<p>Ce magnifique ouvrage pr\u00e9sente soixante-dix oeuvres provenant d&rsquo;une importante collection priv\u00e9e, r\u00e9unie au cours de plus de quarante ann\u00e9es avec discipline, curiosit\u00e9 et passion. C&rsquo;est l&rsquo;une des plus belles collections d&rsquo;art de l&rsquo;Afrique de l&rsquo;Ouest et centrale, allant jusqu&rsquo;\u00e0l&rsquo;Afrique du Sud et Madagascar. Con\u00e7ue autour de quatre grands th\u00e8mes &ndash; gouverner et transmettre, prot\u00e9ger et&hellip;<\/p>\n","protected":false},"featured_media":10637,"template":"","meta":{"_acf_changed":false,"inline_featured_image":false},"product_brand":[],"product_cat":[54],"product_tag":[],"class_list":{"0":"post-10674","1":"product","2":"type-product","3":"status-publish","4":"has-post-thumbnail","6":"product_cat-art-africain","7":"disponibilita-si","8":"description-off","10":"first","11":"instock","12":"shipping-taxable","13":"purchasable","14":"product-type-simple"},"acf":[],"_links":{"self":[{"href":"https:\/\/www.fivecontinentseditions.com\/fr\/wp-json\/wp\/v2\/product\/10674","targetHints":{"allow":["GET"]}}],"collection":[{"href":"https:\/\/www.fivecontinentseditions.com\/fr\/wp-json\/wp\/v2\/product"}],"about":[{"href":"https:\/\/www.fivecontinentseditions.com\/fr\/wp-json\/wp\/v2\/types\/product"}],"wp:featuredmedia":[{"embeddable":true,"href":"https:\/\/www.fivecontinentseditions.com\/fr\/wp-json\/wp\/v2\/media\/10637"}],"wp:attachment":[{"href":"https:\/\/www.fivecontinentseditions.com\/fr\/wp-json\/wp\/v2\/media?parent=10674"}],"wp:term":[{"taxonomy":"product_brand","embeddable":true,"href":"https:\/\/www.fivecontinentseditions.com\/fr\/wp-json\/wp\/v2\/product_brand?post=10674"},{"taxonomy":"product_cat","embeddable":true,"href":"https:\/\/www.fivecontinentseditions.com\/fr\/wp-json\/wp\/v2\/product_cat?post=10674"},{"taxonomy":"product_tag","embeddable":true,"href":"https:\/\/www.fivecontinentseditions.com\/fr\/wp-json\/wp\/v2\/product_tag?post=10674"}],"curies":[{"name":"wp","href":"https:\/\/api.w.org\/{rel}","templated":true}]}}