{"id":10596,"date":"2016-07-19T05:00:00","date_gmt":"2016-07-19T05:00:00","guid":{"rendered":"http:\/\/www.fivecontinentseditions.com\/prodotto\/mumuye-sculpture-from-nigeria-2\/"},"modified":"2017-12-21T18:42:06","modified_gmt":"2017-12-21T18:42:06","slug":"mumuye-sculpture-from-nigeria-2","status":"publish","type":"product","link":"https:\/\/www.fivecontinentseditions.com\/fr\/p\/mumuye-sculpture-from-nigeria-2\/","title":{"rendered":"Mumuye. Sculpture from Nigeria"},"content":{"rendered":"<p>Il faut attendre la fin des ann\u00e9es 1960 pour que les statues de la culture des Mumuye, dans le nord-est du Nigeria, apparaissent sur la sc\u00e8ne artistique europ\u00e9enne, mais leur impact fut imm\u00e9diat et profond. Les amateurs d&rsquo;art africain se sont \u00e9merveill\u00e9s en d\u00e9couvrant l&rsquo;interpr\u00e9tation abstraite du corps humain par les Mumuye, interpr\u00e9tation qui rappelle l&rsquo;approche de l&rsquo;anatomie par les artistes des mouvements cubistes et expressionnistes au d\u00e9but du xxe si\u00e8cle. De plus, leurs figures sculpt\u00e9es anthropomorphes offrent d&rsquo;\u00e9tonnantes variations qui t\u00e9moignent de la cr\u00e9ativit\u00e9 tr\u00e8s libre de ces artistes et de leur inventivit\u00e9 sans limites. Une analyse attentive des formes extraordinaires de ces figures &ndash; qui d\u00e9gagent une incroyable impression de mouvement &ndash; a conduit \u00e0\u00e9tablir une classification stylistique qui identifie diff\u00e9rents ateliers, et m\u00eame la main de sculpteurs individuels. Dans un r\u00e9sum\u00e9 des rares \u00e9tudes men\u00e9es sur le terrain, le livre analyse le r\u00f4le essentiel de ces figures comme symboles d&rsquo;un statut et d&rsquo;un rang social et leurs liens avec la v\u00e9n\u00e9ration des anc\u00eatres, mais aussi leur utilisation dans les pratiques de gu\u00e9rison et de divination. L&rsquo;ouvrage propose une s\u00e9lection de masques et autres objets, mais il se concentre avant tout sur les figures sculpt\u00e9es.<br \/>\nEn pr\u00e9sentant une quarantaine de chefs-d&rsquo;oeuvre provenant de collections publiques et priv\u00e9es, il permet de comprendre pourquoi certaines des statues mumuye les plus r\u00e9ussies sont consid\u00e9r\u00e9es aujourd&rsquo;hui comme des ic\u00f4nes de ce que l&rsquo;on appelle l&rsquo;art africain historique.<\/p>\n<p><strong>Frank Herreman<\/strong> a \u00e9t\u00e9 directeur du mus\u00e9e d&rsquo;Ethnographie d&rsquo;Anvers, en Belgique, de 1989 \u00e01995, et directeur des expositions et des publications au Museum for African Art \u00e0New York,<br \/>\nde 1995 \u00e02004.<br \/>\n<strong>Constantin Petridis<\/strong>, directeur de la s\u00e9rie &laquo; Visions d&rsquo;Afrique &raquo; chez 5 Continents Editions, est conservateur de l&rsquo;art africain au Cleveland Museum of Art depuis 2003.<\/p>\n","protected":false},"excerpt":{"rendered":"<p>Il faut attendre la fin des ann\u00e9es 1960 pour que les statues de la culture des Mumuye, dans le nord-est du Nigeria, apparaissent sur la sc\u00e8ne artistique europ\u00e9enne, mais leur impact fut imm\u00e9diat et profond. Les amateurs d&rsquo;art africain se sont \u00e9merveill\u00e9s en d\u00e9couvrant l&rsquo;interpr\u00e9tation abstraite du corps humain par les Mumuye, interpr\u00e9tation qui rappelle&hellip;<\/p>\n","protected":false},"featured_media":10571,"template":"","meta":{"_acf_changed":false,"inline_featured_image":false},"product_brand":[],"product_cat":[54],"product_tag":[],"class_list":{"0":"post-10596","1":"product","2":"type-product","3":"status-publish","4":"has-post-thumbnail","6":"product_cat-art-africain","7":"disponibilita-no","8":"description-off","10":"first","11":"outofstock","12":"shipping-taxable","13":"purchasable","14":"product-type-simple"},"acf":[],"_links":{"self":[{"href":"https:\/\/www.fivecontinentseditions.com\/fr\/wp-json\/wp\/v2\/product\/10596","targetHints":{"allow":["GET"]}}],"collection":[{"href":"https:\/\/www.fivecontinentseditions.com\/fr\/wp-json\/wp\/v2\/product"}],"about":[{"href":"https:\/\/www.fivecontinentseditions.com\/fr\/wp-json\/wp\/v2\/types\/product"}],"wp:featuredmedia":[{"embeddable":true,"href":"https:\/\/www.fivecontinentseditions.com\/fr\/wp-json\/wp\/v2\/media\/10571"}],"wp:attachment":[{"href":"https:\/\/www.fivecontinentseditions.com\/fr\/wp-json\/wp\/v2\/media?parent=10596"}],"wp:term":[{"taxonomy":"product_brand","embeddable":true,"href":"https:\/\/www.fivecontinentseditions.com\/fr\/wp-json\/wp\/v2\/product_brand?post=10596"},{"taxonomy":"product_cat","embeddable":true,"href":"https:\/\/www.fivecontinentseditions.com\/fr\/wp-json\/wp\/v2\/product_cat?post=10596"},{"taxonomy":"product_tag","embeddable":true,"href":"https:\/\/www.fivecontinentseditions.com\/fr\/wp-json\/wp\/v2\/product_tag?post=10596"}],"curies":[{"name":"wp","href":"https:\/\/api.w.org\/{rel}","templated":true}]}}