{"id":10503,"date":"2017-04-14T05:00:00","date_gmt":"2017-04-14T05:00:00","guid":{"rendered":"http:\/\/www.fivecontinentseditions.com\/prodotto\/lalique-2\/"},"modified":"2017-12-21T18:40:14","modified_gmt":"2017-12-21T18:40:14","slug":"lalique-2","status":"publish","type":"product","link":"https:\/\/www.fivecontinentseditions.com\/fr\/p\/lalique-2\/","title":{"rendered":"LALIQUE"},"content":{"rendered":"<p>Les huit tomes sous coffret qui composent cette publication offrent de d\u00e9couvrir les multiples talents de cr\u00e9ateur de Ren\u00e9 Lalique, artiste d&rsquo;exception, bijoutier Art nouveau, puis verrier Art D\u00e9co, mais \u00e9galement de ses successeurs et des personnes qui perp\u00e9tuent ses savoir-faire aujourd&rsquo;hui.<br \/>\nMontrant des &oelig;uvres jusque-l\u00e0peu publi\u00e9es, <em>Lalique<\/em> retrace l&rsquo;histoire de Ren\u00e9 Lalique et de ses successeurs. Car Lalique, c&rsquo;est au d\u00e9part un nom. Celui de Ren\u00e9, &laquo;&thinsp;l&rsquo;inventeur du bijou moderne&thinsp;&raquo;, c&rsquo;est ainsi qu&rsquo;&Eacute;mile Gall\u00e9 le qualifie \u00e0 la fin du xix<sup>e<\/sup>si\u00e8cle. Lalique, apr\u00e8s avoir travaill\u00e9 comme dessinateur en chambre pour les plus grands, r\u00e9alise dans son atelier des cr\u00e9ations toutes en volume, utilisant des mat\u00e9riaux alors peu consid\u00e9r\u00e9s tels que la corne, les pierres semi-pr\u00e9cieuses, l&rsquo;\u00e9mail, le verre. On retrouve d\u00e9j\u00e0des th\u00e9matiques qui allaient le suivre tout au long de sa carri\u00e8re: la Femme, la Faune et la Flore. On peut cependant s&rsquo;interroger sur l&rsquo;arriv\u00e9e d&rsquo;un quatri\u00e8me &laquo;&thinsp;F&thinsp;&raquo;, la Forme, avec l&rsquo;Art D\u00e9co.<br \/>\nRen\u00e9 Lalique est un dessinateur. Depuis tout jeune, il observe la nature, en fait des croquis. Si les plus pr\u00e9cis sont sans doute ceux r\u00e9alis\u00e9s pour les bijoux, le dessin sera toujours un pr\u00e9alable \u00e0ses cr\u00e9ations.<br \/>\nDe la lampe au presse-papiers et jusqu&rsquo;aux arts de la table, la cr\u00e9ativit\u00e9 de Lalique s&rsquo;applique \u00e0tous les types d&rsquo;objets du quotidien, les magnifiant et les rendant, aujourd&rsquo;hui, exceptionnels.<br \/>\nRen\u00e9 Lalique s&rsquo;est essay\u00e9 \u00e9galement \u00e0 la d\u00e9coration et \u00e0 la cr\u00e9ation de pi\u00e8ces monumentales. Que ce soit avec des vitraux pour une chapelle, une fontaine magistrale pour l&rsquo;exposition des Arts d\u00e9coratifs et industriels modernes de 1925 \u00e0 Paris, ou encore des pi\u00e8ces pour des trains ou des paquebots, il travaille toujours le verre et joue avec la lumi\u00e8re.<\/p>\n<p><strong>V\u00e9ronique Brumm<\/strong>, historienne de formation, a entam\u00e9 des recherches sur l&rsquo;histoire verri\u00e8re des Vosges du Nord, s&rsquo;int\u00e9ressant en particulier aux verreries de Wingen, Meisenthal, Goetzenbruck et Saint-Louis au xviii<sup>e<\/sup>si\u00e8cle. &Agrave; partir de 2004, elle a suivi le projet de cr\u00e9ation du mus\u00e9e Lalique \u00e0Wingen-sur-Moder, dont elle est directrice depuis son ouverture en 2011.<\/p>\n","protected":false},"excerpt":{"rendered":"<p>Les huit tomes sous coffret qui composent cette publication offrent de d\u00e9couvrir les multiples talents de cr\u00e9ateur de Ren\u00e9 Lalique, artiste d&rsquo;exception, bijoutier Art nouveau, puis verrier Art D\u00e9co, mais \u00e9galement de ses successeurs et des personnes qui perp\u00e9tuent ses savoir-faire aujourd&rsquo;hui. Montrant des &oelig;uvres jusque-l\u00e0peu publi\u00e9es, Lalique retrace l&rsquo;histoire de Ren\u00e9 Lalique et de&hellip;<\/p>\n","protected":false},"featured_media":10472,"template":"","meta":{"_acf_changed":false,"inline_featured_image":false},"product_brand":[],"product_cat":[70],"product_tag":[],"class_list":{"0":"post-10503","1":"product","2":"type-product","3":"status-publish","4":"has-post-thumbnail","6":"product_cat-arts-appliques","7":"disponibilita-no","8":"description-off","10":"first","11":"outofstock","12":"shipping-taxable","13":"purchasable","14":"product-type-simple"},"acf":[],"_links":{"self":[{"href":"https:\/\/www.fivecontinentseditions.com\/fr\/wp-json\/wp\/v2\/product\/10503","targetHints":{"allow":["GET"]}}],"collection":[{"href":"https:\/\/www.fivecontinentseditions.com\/fr\/wp-json\/wp\/v2\/product"}],"about":[{"href":"https:\/\/www.fivecontinentseditions.com\/fr\/wp-json\/wp\/v2\/types\/product"}],"wp:featuredmedia":[{"embeddable":true,"href":"https:\/\/www.fivecontinentseditions.com\/fr\/wp-json\/wp\/v2\/media\/10472"}],"wp:attachment":[{"href":"https:\/\/www.fivecontinentseditions.com\/fr\/wp-json\/wp\/v2\/media?parent=10503"}],"wp:term":[{"taxonomy":"product_brand","embeddable":true,"href":"https:\/\/www.fivecontinentseditions.com\/fr\/wp-json\/wp\/v2\/product_brand?post=10503"},{"taxonomy":"product_cat","embeddable":true,"href":"https:\/\/www.fivecontinentseditions.com\/fr\/wp-json\/wp\/v2\/product_cat?post=10503"},{"taxonomy":"product_tag","embeddable":true,"href":"https:\/\/www.fivecontinentseditions.com\/fr\/wp-json\/wp\/v2\/product_tag?post=10503"}],"curies":[{"name":"wp","href":"https:\/\/api.w.org\/{rel}","templated":true}]}}