{"id":10470,"date":"2016-07-10T05:00:00","date_gmt":"2016-07-10T05:00:00","guid":{"rendered":"http:\/\/www.fivecontinentseditions.com\/prodotto\/re-envisioning-japan-2\/"},"modified":"2017-12-21T18:39:29","modified_gmt":"2017-12-21T18:39:29","slug":"re-envisioning-japan-2","status":"publish","type":"product","link":"https:\/\/www.fivecontinentseditions.com\/fr\/p\/re-envisioning-japan-2\/","title":{"rendered":"Re-envisioning Japan"},"content":{"rendered":"<p><em>Re-envisioning Japan<\/em> est le premier livre v\u00e9ritablement exhaustif consacr\u00e9 aux tissus d&rsquo;art japonais de l&rsquo;\u00e8re Meiji.<br \/>\nSomptueusement illustr\u00e9, ce cet ouvrage pr\u00e9sente les <em>bijutsu sensh\u00c5\u008dku<\/em>, ces tissus d&rsquo;art qui ont suscit\u00e9 un fort engouement sur les march\u00e9s de nombreux pays au milieu des ann\u00e9es1870 et dans les ann\u00e9es1920. La collaboration de sp\u00e9cialistes internationaux permet de mieux comprendre les techniques et les remarquables talents dont ont fait preuve les cr\u00e9ateurs, artistes et fabricants de ces \u00e9toffes de luxe, et d&rsquo;appr\u00e9hender comment celles-ci ont \u00e9t\u00e9 re\u00e7ues par le public au Japon et \u00e0l&rsquo;\u00e9tranger. S&rsquo;appuyant sur des modes de production ancestraux, les producteurs de ces formes d&rsquo;art textile ont modernis\u00e9 leurs m\u00e9thodes d&rsquo;exportation et contribu\u00e9 \u00e0\u00e9lever le prestige du Japon dans le monde entier.<br \/>\nLe livre fait d\u00e9couvrir les spectaculaires \u00e9toffes ornementales cr\u00e9\u00e9es pour le march\u00e9 occidental durant l&rsquo;\u00e8re Meiji (1868-1912) et aujourd&rsquo;hui entr\u00e9es dans des mus\u00e9es et des collections particuli\u00e8res au Japon, en Am\u00e9rique du Nord et en Europe.<\/p>\n<p><strong>John E.Vollmer<\/strong> est un commissaire d&rsquo;exposition internationalement reconnu, sp\u00e9cialis\u00e9 dans l&rsquo;art, les textiles, les costumes, les arts d\u00e9coratifs et le design japonais. On lui doit une trentaine de catalogues d&rsquo;exposition et de nombreux ouvrages et articles scientifiques ou de vulgarisation.<br \/>\n<strong>Sonia Ashmore<\/strong> a enseign\u00e9 et publi\u00e9 sur le design et les arts d\u00e9coratifs. De 2006 \u00e02009, elle a \u00e9t\u00e9 chercheuse au Victoria and Albert Museum \u00e0Londres.<br \/>\n<strong>Will Chandler<\/strong> a occup\u00e9 les fonctions de conservateur des arts d\u00e9coratifs au SanDiego Museum of Art; il travaille aujourd&rsquo;hui en ind\u00e9pendant comme commissaire d&rsquo;exposition, chercheur et auteur.<br \/>\n<strong>Diane Genre<\/strong> est collectionneuse apr\u00e8s avoir \u00e9t\u00e9 marchande d&rsquo;art sp\u00e9cialis\u00e9e dans les arts japonais.<br \/>\n<strong>Takashi Hirota<\/strong>, sp\u00e9cialiste de la production de tissus d&rsquo;art de la fin du xix<sup>e<\/sup>si\u00e8cle et du d\u00e9but du xx<sup>e<\/sup>si\u00e8cle \u00e0 la Takashimaya Company, enseigne \u00e0l&rsquo;universit\u00e9 pour femmes de Kyoto; on lui doit l&rsquo;organisation de plusieurs expositions au mus\u00e9e municipal des Beaux-Arts de Kyoto et \u00e0l&rsquo;universit\u00e9 municipale des beaux-arts de la m\u00eame ville.<br \/>\n<strong>Hiroko T.McDermott<\/strong>, chercheuse ind\u00e9pendante, vit \u00e0Cambridge, en Angleterre. Elle est l&rsquo;auteur, avec Clare Pollard, Katsumi Mori et George Schwartz, de <em>Threads of Silk and Gold: Ornamental Textiles from Meiji Japan<\/em>.<br \/>\n<strong>Asako Nagakawa<\/strong>, originaire de Tokyo, est historienne de la mode et du design. Elle est professeur associ\u00e9e \u00e0l&rsquo;universit\u00e9 pour femmes Otsuma, \u00e0Tokyo.<br \/>\n<strong>Iwao Nagasaki<\/strong> enseigne \u00e0l&rsquo;universit\u00e9 pour femmes Kyoritsu, \u00e0Tokyo, dans le d\u00e9partement des sciences de l&rsquo;habillement. Il a \u00e9crit sur divers sujets allant des costumes de th\u00e9\u00e2tre aux techniques sp\u00e9cialis\u00e9es de cr\u00e9ation de motifs sur tissu. De 1982 \u00e02002, il a occup\u00e9 les fonctions de conservateur au Mus\u00e9e national de Tokyo.<br \/>\n<strong>Susan Tosk<\/strong>, bas\u00e9e \u00e0NewYork, est une marchande d&rsquo;art sp\u00e9cialis\u00e9e dans les arts d\u00e9coratifs japonais, notamment de l&rsquo;\u00e8re Meiji et de l&rsquo;\u00e8re Taish\u00c5\u008d.<\/p>\n","protected":false},"excerpt":{"rendered":"<p>Re-envisioning Japan est le premier livre v\u00e9ritablement exhaustif consacr\u00e9 aux tissus d&rsquo;art japonais de l&rsquo;\u00e8re Meiji. Somptueusement illustr\u00e9, ce cet ouvrage pr\u00e9sente les bijutsu sensh\u00c5\u008dku, ces tissus d&rsquo;art qui ont suscit\u00e9 un fort engouement sur les march\u00e9s de nombreux pays au milieu des ann\u00e9es1870 et dans les ann\u00e9es1920. La collaboration de sp\u00e9cialistes internationaux permet de&hellip;<\/p>\n","protected":false},"featured_media":10441,"template":"","meta":{"_acf_changed":false,"inline_featured_image":false},"product_brand":[],"product_cat":[56,75],"product_tag":[],"class_list":{"0":"post-10470","1":"product","2":"type-product","3":"status-publish","4":"has-post-thumbnail","6":"product_cat-art-asiatique","7":"product_cat-mode-et-design","8":"disponibilita-no","9":"description-off","11":"first","12":"outofstock","13":"shipping-taxable","14":"purchasable","15":"product-type-simple"},"acf":[],"_links":{"self":[{"href":"https:\/\/www.fivecontinentseditions.com\/fr\/wp-json\/wp\/v2\/product\/10470","targetHints":{"allow":["GET"]}}],"collection":[{"href":"https:\/\/www.fivecontinentseditions.com\/fr\/wp-json\/wp\/v2\/product"}],"about":[{"href":"https:\/\/www.fivecontinentseditions.com\/fr\/wp-json\/wp\/v2\/types\/product"}],"wp:featuredmedia":[{"embeddable":true,"href":"https:\/\/www.fivecontinentseditions.com\/fr\/wp-json\/wp\/v2\/media\/10441"}],"wp:attachment":[{"href":"https:\/\/www.fivecontinentseditions.com\/fr\/wp-json\/wp\/v2\/media?parent=10470"}],"wp:term":[{"taxonomy":"product_brand","embeddable":true,"href":"https:\/\/www.fivecontinentseditions.com\/fr\/wp-json\/wp\/v2\/product_brand?post=10470"},{"taxonomy":"product_cat","embeddable":true,"href":"https:\/\/www.fivecontinentseditions.com\/fr\/wp-json\/wp\/v2\/product_cat?post=10470"},{"taxonomy":"product_tag","embeddable":true,"href":"https:\/\/www.fivecontinentseditions.com\/fr\/wp-json\/wp\/v2\/product_tag?post=10470"}],"curies":[{"name":"wp","href":"https:\/\/api.w.org\/{rel}","templated":true}]}}