{"id":10330,"date":"2016-06-24T05:00:00","date_gmt":"2016-06-24T05:00:00","guid":{"rendered":"http:\/\/www.fivecontinentseditions.com\/prodotto\/guro-3\/"},"modified":"2025-12-20T13:46:33","modified_gmt":"2025-12-20T13:46:33","slug":"guro-3","status":"publish","type":"product","link":"https:\/\/www.fivecontinentseditions.com\/fr\/p\/guro-3\/","title":{"rendered":"Guro"},"content":{"rendered":"<p>Les amateurs d\u2019art connaissent bien les oeuvres des diff\u00e9rents groupes de populations que l\u2019on a pris l\u2019habitude d\u2019appeler \u00ab Guro \u00bb et qui se trouvent dans le centre de la C\u00f4te d\u2019Ivoire. \u00c0 proximit\u00e9 des Wan, des Baule, des Yaure et des Bete, ces groupes ont entretenu de nombreux contacts avec leurs voisins et les influences mutuelles se per\u00e7oivent dans les diff\u00e9rentes cr\u00e9ations plastiques. Les masques, notamment, ont une importance qui va bien au-del\u00e0de celle qu\u2019ils ont acquise sur le march\u00e9 de l\u2019art. Alors que la colonisation fran\u00e7aise a largement contribu\u00e9 \u00e0affaiblir le prestige des hommes dont le pouvoir r\u00e9sidait dans les pratiques de guerre et de chasse, le maintien de rituels complexes impliquant des sorties de masques a permis \u00e0 la classe masculine de pr\u00e9server une forme de contr\u00f4le politique et religieux. En diversifiant les cat\u00e9gories de masques entre ceux qui re\u00e7oivent des sacrifices sanglants en l\u2019honneur d\u2019entit\u00e9s spirituelles, d\u2019une part, et ceux, centr\u00e9s sur le divertissement, qui interviennent lors de fun\u00e9railles, de manifestations de propagande politique et de festivals touristiques, d\u2019autre part, les Guro ont r\u00e9invent\u00e9, redynamis\u00e9 et r\u00e9adapt\u00e9 des rituels parfaitement int\u00e9gr\u00e9s \u00e0une soci\u00e9t\u00e9 contemporaine en mutation permanente.<\/p>\n<p><strong>Anne-Marie Bouttiaux<\/strong> est anthropologue et historienne de l\u2019art. Elle a men\u00e9 des recherches de terrain en Afrique occidentale, essentiellement en C\u00f4te d\u2019Ivoire, en Guin\u00e9e-Bissau et au S\u00e9n\u00e9gal, et fut commissaire de nombreuses expositions.<\/p>\n","protected":false},"excerpt":{"rendered":"<p>Les amateurs d\u2019art connaissent bien les oeuvres des diff\u00e9rents groupes de populations que l\u2019on a pris l\u2019habitude d\u2019appeler \u00ab Guro \u00bb et qui se trouvent dans le centre de la C\u00f4te d\u2019Ivoire. \u00c0 proximit\u00e9 des Wan, des Baule, des Yaure et des Bete, ces groupes ont entretenu de nombreux contacts avec leurs voisins et les&hellip;<\/p>\n","protected":false},"featured_media":10325,"template":"","meta":{"_acf_changed":false,"inline_featured_image":false},"product_brand":[],"product_cat":[54],"product_tag":[],"class_list":{"0":"post-10330","1":"product","2":"type-product","3":"status-publish","4":"has-post-thumbnail","6":"product_cat-art-africain","7":"collana-visions-dafrique","8":"disponibilita-si","9":"description-off","11":"first","12":"instock","13":"shipping-taxable","14":"purchasable","15":"product-type-simple"},"acf":[],"_links":{"self":[{"href":"https:\/\/www.fivecontinentseditions.com\/fr\/wp-json\/wp\/v2\/product\/10330","targetHints":{"allow":["GET"]}}],"collection":[{"href":"https:\/\/www.fivecontinentseditions.com\/fr\/wp-json\/wp\/v2\/product"}],"about":[{"href":"https:\/\/www.fivecontinentseditions.com\/fr\/wp-json\/wp\/v2\/types\/product"}],"wp:featuredmedia":[{"embeddable":true,"href":"https:\/\/www.fivecontinentseditions.com\/fr\/wp-json\/wp\/v2\/media\/10325"}],"wp:attachment":[{"href":"https:\/\/www.fivecontinentseditions.com\/fr\/wp-json\/wp\/v2\/media?parent=10330"}],"wp:term":[{"taxonomy":"product_brand","embeddable":true,"href":"https:\/\/www.fivecontinentseditions.com\/fr\/wp-json\/wp\/v2\/product_brand?post=10330"},{"taxonomy":"product_cat","embeddable":true,"href":"https:\/\/www.fivecontinentseditions.com\/fr\/wp-json\/wp\/v2\/product_cat?post=10330"},{"taxonomy":"product_tag","embeddable":true,"href":"https:\/\/www.fivecontinentseditions.com\/fr\/wp-json\/wp\/v2\/product_tag?post=10330"}],"curies":[{"name":"wp","href":"https:\/\/api.w.org\/{rel}","templated":true}]}}