{"id":10289,"date":"2015-11-26T05:00:00","date_gmt":"2015-11-26T05:00:00","guid":{"rendered":"http:\/\/www.fivecontinentseditions.com\/prodotto\/byzance-en-suisse-2\/"},"modified":"2018-04-11T07:16:08","modified_gmt":"2018-04-11T07:16:08","slug":"byzance-en-suisse-2","status":"publish","type":"product","link":"https:\/\/www.fivecontinentseditions.com\/fr\/p\/byzance-en-suisse-2\/","title":{"rendered":"Byzance en Suisse"},"content":{"rendered":"<p>Pour la premi\u00e8re fois, une exposition r\u00e9unit plus de 600 oeuvres et objets byzantins, soit une grande partie des collections publiques et priv\u00e9es de Suisse, pour nous rappeler les liens anciens de ce pays avec cet immense empire. En effet, nombre de monnaies et d\u2019objets furent trouv\u00e9s dans le sol suisse, de fa\u00e7on fortuite ou lors de fouilles arch\u00e9ologiques. De plus, depuis le haut Moyen \u00e0\u201age, les tr\u00e9sors des \u00e9glises de cantons rest\u00e9s catholiques ont conserv\u00e9 une<br \/>\ngrande quantit\u00e9 de t\u00e9moignages byzantins souvent li\u00e9s au culte des reliques, tandis que les cantons r\u00e9form\u00e9s ont rassembl\u00e9 des manuscrits \u00e0des fins scientifiques. Jean de Raguse (1395- 1443) avait d\u00e9j\u00e0constitu\u00e9 un important ensemble de manuscrits avant la R\u00e9forme, lorsqu\u2019il avait \u00e9t\u00e9 d\u00e9p\u00each\u00e9 \u00e0Constantinople afin de pr\u00e9parer le concile de B\u00e2le (1431). Dans Le Livre du pr\u00e9fet, r\u00e9dig\u00e9 par l\u2019empereur L\u00e9on VI le Sage (866-912), dont on pr\u00e9sente l\u2019unique manuscrit d\u2019\u00e9poque byzantine conserv\u00e9 \u00e0ce jour, sont \u00e9voqu\u00e9s les m\u00e9tiers pratiqu\u00e9s \u00e0Byzance et sont d\u00e9taill\u00e9s les r\u00e8glements de nombreuses professions.<br \/>\n<em>Byzance en Suisse <\/em>pr\u00e9sente l\u2019activit\u00e9 des Suisses dans le domaine byzantin, comme celle des fr\u00e8res Fossati, architectes \u00e0Sainte- Sophie, du photographe Fred Boissonnas \u00e0Saint-D\u00e9m\u00e9trius de Thessalonique et des universitaires Jules Nicole, Max van Berchem et sa fille Marguerite. Les th\u00e9matiques spirituelles, intercommunautaires et plurireligieuses sont abord\u00e9es et illustr\u00e9es. Des ouvrages, manuscrits et incunables montrent qu\u2019en Suisse la conservation des manuscrits byzantins, leur \u00e9dition et, par-del\u00e0\u00a0, la promotion de la langue grecque, ont largement \u00e9t\u00e9 encourag\u00e9es par les humanistes, dont \u00e9rasme, ainsi que par la R\u00e9forme.<\/p>\n<p><strong>Marielle Martiniani-Reber<\/strong> est docteur en histoire de l\u2019art \u00e0 l\u2019universit\u00e9 Lyon II, sp\u00e9cialiste des textiles byzantins, conservateur en chef et responsable des collections byzantines et postbyzantines des mus\u00e9es d\u2019Art et d\u2019Histoire de Gen\u00e8ve.<\/p>\n","protected":false},"excerpt":{"rendered":"<p>Pour la premi\u00e8re fois, une exposition r\u00e9unit plus de 600 oeuvres et objets byzantins, soit une grande partie des collections publiques et priv\u00e9es de Suisse, pour nous rappeler les liens anciens de ce pays avec cet immense empire. En effet, nombre de monnaies et d\u2019objets furent trouv\u00e9s dans le sol suisse, de fa\u00e7on fortuite ou&hellip;<\/p>\n","protected":false},"featured_media":10266,"template":"","meta":{"_acf_changed":false,"inline_featured_image":false},"product_brand":[],"product_cat":[55],"product_tag":[],"class_list":{"0":"post-10289","1":"product","2":"type-product","3":"status-publish","4":"has-post-thumbnail","6":"product_cat-art-ancien","7":"disponibilita-si","8":"description-off","10":"first","11":"instock","12":"shipping-taxable","13":"purchasable","14":"product-type-simple"},"acf":[],"_links":{"self":[{"href":"https:\/\/www.fivecontinentseditions.com\/fr\/wp-json\/wp\/v2\/product\/10289","targetHints":{"allow":["GET"]}}],"collection":[{"href":"https:\/\/www.fivecontinentseditions.com\/fr\/wp-json\/wp\/v2\/product"}],"about":[{"href":"https:\/\/www.fivecontinentseditions.com\/fr\/wp-json\/wp\/v2\/types\/product"}],"wp:featuredmedia":[{"embeddable":true,"href":"https:\/\/www.fivecontinentseditions.com\/fr\/wp-json\/wp\/v2\/media\/10266"}],"wp:attachment":[{"href":"https:\/\/www.fivecontinentseditions.com\/fr\/wp-json\/wp\/v2\/media?parent=10289"}],"wp:term":[{"taxonomy":"product_brand","embeddable":true,"href":"https:\/\/www.fivecontinentseditions.com\/fr\/wp-json\/wp\/v2\/product_brand?post=10289"},{"taxonomy":"product_cat","embeddable":true,"href":"https:\/\/www.fivecontinentseditions.com\/fr\/wp-json\/wp\/v2\/product_cat?post=10289"},{"taxonomy":"product_tag","embeddable":true,"href":"https:\/\/www.fivecontinentseditions.com\/fr\/wp-json\/wp\/v2\/product_tag?post=10289"}],"curies":[{"name":"wp","href":"https:\/\/api.w.org\/{rel}","templated":true}]}}