{"id":10208,"date":"2015-05-01T05:00:00","date_gmt":"2015-05-01T05:00:00","guid":{"rendered":"http:\/\/www.fivecontinentseditions.com\/prodotto\/art-imprime-2\/"},"modified":"2018-04-10T14:25:54","modified_gmt":"2018-04-10T14:25:54","slug":"art-imprime-2","status":"publish","type":"product","link":"https:\/\/www.fivecontinentseditions.com\/fr\/p\/art-imprime-2\/","title":{"rendered":"Art imprim\u00e9"},"content":{"rendered":"<p>La Triennale de l\u2019art imprim\u00e9 contemporain pr\u00e9sente des travaux r\u00e9alis\u00e9s dans des techniques et des styles diff\u00e9rents, passant de l\u2019abstraction \u00e0 la figuration, du minimalisme au r\u00e9alisme, des techniques classiques de la gravure aux impressions hybrides. La manifestation et son catalogue offrent un \u00e9tat des lieux international de ces diff\u00e9rentes pratiques tout en proposant un aper\u00e7u de l\u2019art de demain. L\u2019art imprim\u00e9 a de tout temps attir\u00e9 les artistes, hier comme aujourd\u2019hui. Le mus\u00e9e des Beaux-Arts du Locle est particuli\u00e8rement attentif \u00e0ce domaine. Fond\u00e9 en 1862, le mus\u00e9e a connu d\u00e8s les ann\u00e9es 1950 une ouverture sur le monde de l\u2019estampe, consacrant des expositions aux gravures d\u2019artistes fran\u00e7ais de la fin du XIXe \u00e0 la premi\u00e8re moiti\u00e9 du XXe si\u00e8cle. Il y a une vingtaine d\u2019ann\u00e9es, cette tradition s\u2019est ouverte \u00e0 la cr\u00e9ation contemporaine avec la mise en place en 1992 d\u2019un concours triennal de l\u2019estampe.<br \/>\nEn 2015, le mus\u00e9e des Beaux-Arts du Locle pr\u00e9sente la 8e Triennale de l\u2019art imprim\u00e9 contemporain et r\u00e9unit une vingtaine d\u2019artistes d\u2019aujourd\u2019hui, s\u00e9lectionn\u00e9s par un panel international d\u2019experts dans le domaine.<br \/>\nL\u2019art imprim\u00e9, reposant sur l\u2019usage de techniques traditionnelles n\u00e9cessitant des infrastructures et un solide savoir-faire (lithographie, s\u00e9rigraphie, h\u00e9liogravure, etc.), se d\u00e9veloppe aujourd\u2019hui vers des pratiques mixtes (impression num\u00e9rique) et des conceptions esth\u00e9tiques contemporaines.<\/p>\n<p><strong>Nathalie Herschdorfer<\/strong> est curatrice et historienne de l\u2019art, sp\u00e9cialiste de la photographie. Elle dirige actuellement le mus\u00e9e des Beaux-Arts du Locle.<br \/>\n<strong>Alexandra Barcal<\/strong> est historienne de l\u2019art et conservatrice depuis 2007 de la collection de gravures et de dessins des XXe et XXIe si\u00e8cles de l\u2019\u00e9cole polytechnique f\u00e9d\u00e9rale de Zurich (ETH, Suisse).<br \/>\n<strong>Marc-Olivier Wahler<\/strong> est commissaire international ind\u00e9pendant, critique d\u2019art et historien de l\u2019art. Il est l\u2019auteur de nombreux articles et ouvrages.<\/p>\n","protected":false},"excerpt":{"rendered":"<p>La Triennale de l\u2019art imprim\u00e9 contemporain pr\u00e9sente des travaux r\u00e9alis\u00e9s dans des techniques et des styles diff\u00e9rents, passant de l\u2019abstraction \u00e0 la figuration, du minimalisme au r\u00e9alisme, des techniques classiques de la gravure aux impressions hybrides. La manifestation et son catalogue offrent un \u00e9tat des lieux international de ces diff\u00e9rentes pratiques tout en proposant un&hellip;<\/p>\n","protected":false},"featured_media":10185,"template":"","meta":{"_acf_changed":false,"inline_featured_image":false},"product_brand":[],"product_cat":[57],"product_tag":[],"class_list":{"0":"post-10208","1":"product","2":"type-product","3":"status-publish","4":"has-post-thumbnail","6":"product_cat-art-contemporain","7":"disponibilita-si","8":"description-off","10":"first","11":"instock","12":"shipping-taxable","13":"purchasable","14":"product-type-simple"},"acf":[],"_links":{"self":[{"href":"https:\/\/www.fivecontinentseditions.com\/fr\/wp-json\/wp\/v2\/product\/10208","targetHints":{"allow":["GET"]}}],"collection":[{"href":"https:\/\/www.fivecontinentseditions.com\/fr\/wp-json\/wp\/v2\/product"}],"about":[{"href":"https:\/\/www.fivecontinentseditions.com\/fr\/wp-json\/wp\/v2\/types\/product"}],"wp:featuredmedia":[{"embeddable":true,"href":"https:\/\/www.fivecontinentseditions.com\/fr\/wp-json\/wp\/v2\/media\/10185"}],"wp:attachment":[{"href":"https:\/\/www.fivecontinentseditions.com\/fr\/wp-json\/wp\/v2\/media?parent=10208"}],"wp:term":[{"taxonomy":"product_brand","embeddable":true,"href":"https:\/\/www.fivecontinentseditions.com\/fr\/wp-json\/wp\/v2\/product_brand?post=10208"},{"taxonomy":"product_cat","embeddable":true,"href":"https:\/\/www.fivecontinentseditions.com\/fr\/wp-json\/wp\/v2\/product_cat?post=10208"},{"taxonomy":"product_tag","embeddable":true,"href":"https:\/\/www.fivecontinentseditions.com\/fr\/wp-json\/wp\/v2\/product_tag?post=10208"}],"curies":[{"name":"wp","href":"https:\/\/api.w.org\/{rel}","templated":true}]}}