{"id":10130,"date":"2015-09-28T05:00:00","date_gmt":"2015-09-28T05:00:00","guid":{"rendered":"http:\/\/www.fivecontinentseditions.com\/prodotto\/asia-imagined-2\/"},"modified":"2018-04-10T14:19:45","modified_gmt":"2018-04-10T14:19:45","slug":"asia-imagined-2","status":"publish","type":"product","link":"https:\/\/www.fivecontinentseditions.com\/fr\/p\/asia-imagined-2\/","title":{"rendered":"Asia Imagined"},"content":{"rendered":"<p>Aux XIXe et XXe si\u00e8cles, on collectionne des \u00ab curios \u00bb \u2014 ainsi nomm\u00e9s \u00e0juste titre, puisqu\u2019ils suscitent la \u00ab curiosit\u00e9 \u00bb. Ces objets exotiques en provenance de Chine ou du Japon, orn\u00e9s de d\u00e9cors fantaisistes, fa\u00e7onn\u00e9s dans divers mat\u00e9riaux, dont certains encore m\u00e9connus, subjuguent les Occidentaux. Ils provoquent un engouement pour l\u2019Asie, envo\u00fbtent les amateurs et influencent profond\u00e9ment les arts graphiques europ\u00e9ens. Cette fascinante p\u00e9riode suscite les vocations : celle de collectionneur pour Alfred Baur (1865-1951), et celle de cr\u00e9ateurs pour Alfred Cartier (1841-1925) et ses trois fils, Louis (1875-1942), Pierre (1878-1964) et Jacques (1884-1941). Si les pi\u00e8ces \u00e0fa\u00e7on asiatique du joaillier parisien sont g\u00e9n\u00e9ralement connues, leur contexte historique et culturel l\u2019est beaucoup moins. Ainsi, l\u2019id\u00e9e de confronter ces joyaux aux collections de la fondation Baur, mus\u00e9e des Arts d\u2019Extr\u00eame-Orient de Gen\u00e8ve, a-t-elle germ\u00e9.<br \/>\nAu fil des pages, une Asie r\u00eav\u00e9e se dessine lentement, comme une chasse au tr\u00e9sor. Pagodes et pavillons endiamant\u00e9s, lettr\u00e9s affair\u00e9s sous des cieux constell\u00e9s, clairs de lune nacr\u00e9s, ph\u00e9nix chatoyants, dragons de jade ou gemmes multicolores fleurissant comme des prunus d\u00e9crivent une contr\u00e9e imaginaire. La magie Cartier op\u00e8re et s\u00e9duit. Face aux cr\u00e9ations de la Maison, porcelaines imp\u00e9riales, laques saupoudr\u00e9s de m\u00e9taux pr\u00e9cieux, soieries brod\u00e9es, jades, \u00e9maux color\u00e9s, <em>netsuke<\/em>, ornements de sabre ou estampes appartenant \u00e0 la fondation Baur racontent, elles-aussi, la Chine et le Japon merveilleux, instaurant un dialogue in\u00e9dit.<\/p>\n<p><strong>Estelle Nikl\u00e8s van Osselt<\/strong> est sinologue. Elle a \u00e9tudi\u00e9 les arts asiatiques et l\u2019arch\u00e9ologie dans les universit\u00e9s de Gen\u00e8ve, Londres et P\u00e9kin. Aujourd\u2019hui conservatrice adjointe \u00e0 la fondation Baur, mus\u00e9e des Arts d\u2019Extr\u00eame-Orient de Gen\u00e8ve, elle a auparavant travaill\u00e9 pour la fondation d\u2019art contemporain chinois Guy &amp; Myriam Ullens et leur centre d\u2019art UCCA de P\u00e9kin.<br \/>\n<strong>Pascale Lepeu<\/strong> est la conservatrice de la Collection Cartier.<br \/>\n<strong>Song Haiyang<\/strong> est chercheur au mus\u00e9e du Palais de la Cit\u00e9 interdite \u00e0P\u00e9kin.<\/p>\n","protected":false},"excerpt":{"rendered":"<p>Aux XIXe et XXe si\u00e8cles, on collectionne des \u00ab curios \u00bb \u2014 ainsi nomm\u00e9s \u00e0juste titre, puisqu\u2019ils suscitent la \u00ab curiosit\u00e9 \u00bb. Ces objets exotiques en provenance de Chine ou du Japon, orn\u00e9s de d\u00e9cors fantaisistes, fa\u00e7onn\u00e9s dans divers mat\u00e9riaux, dont certains encore m\u00e9connus, subjuguent les Occidentaux. Ils provoquent un engouement pour l\u2019Asie, envo\u00fbtent les&hellip;<\/p>\n","protected":false},"featured_media":10101,"template":"","meta":{"_acf_changed":false,"inline_featured_image":false},"product_brand":[],"product_cat":[56,70,75],"product_tag":[],"class_list":{"0":"post-10130","1":"product","2":"type-product","3":"status-publish","4":"has-post-thumbnail","6":"product_cat-art-asiatique","7":"product_cat-arts-appliques","8":"product_cat-mode-et-design","9":"disponibilita-no","10":"description-off","12":"first","13":"outofstock","14":"shipping-taxable","15":"purchasable","16":"product-type-simple"},"acf":[],"_links":{"self":[{"href":"https:\/\/www.fivecontinentseditions.com\/fr\/wp-json\/wp\/v2\/product\/10130","targetHints":{"allow":["GET"]}}],"collection":[{"href":"https:\/\/www.fivecontinentseditions.com\/fr\/wp-json\/wp\/v2\/product"}],"about":[{"href":"https:\/\/www.fivecontinentseditions.com\/fr\/wp-json\/wp\/v2\/types\/product"}],"wp:featuredmedia":[{"embeddable":true,"href":"https:\/\/www.fivecontinentseditions.com\/fr\/wp-json\/wp\/v2\/media\/10101"}],"wp:attachment":[{"href":"https:\/\/www.fivecontinentseditions.com\/fr\/wp-json\/wp\/v2\/media?parent=10130"}],"wp:term":[{"taxonomy":"product_brand","embeddable":true,"href":"https:\/\/www.fivecontinentseditions.com\/fr\/wp-json\/wp\/v2\/product_brand?post=10130"},{"taxonomy":"product_cat","embeddable":true,"href":"https:\/\/www.fivecontinentseditions.com\/fr\/wp-json\/wp\/v2\/product_cat?post=10130"},{"taxonomy":"product_tag","embeddable":true,"href":"https:\/\/www.fivecontinentseditions.com\/fr\/wp-json\/wp\/v2\/product_tag?post=10130"}],"curies":[{"name":"wp","href":"https:\/\/api.w.org\/{rel}","templated":true}]}}