{"id":10037,"date":"2015-10-01T05:00:00","date_gmt":"2015-10-01T05:00:00","guid":{"rendered":"http:\/\/www.fivecontinentseditions.com\/prodotto\/monet-2\/"},"modified":"2018-04-10T14:03:30","modified_gmt":"2018-04-10T14:03:30","slug":"monet-2","status":"publish","type":"product","link":"https:\/\/www.fivecontinentseditions.com\/fr\/p\/monet-2\/","title":{"rendered":"Monet"},"content":{"rendered":"<p>Le peintre fran\u00e7ais Claude Monet (1840-1926) est l\u2019un des artistes les plus populaires de tous les temps. Ses s\u00e9ries de nymph\u00e9as, de meules de foin, de cath\u00e9drales et bien d\u2019autres chefs d\u2019\u0153uvre sont aim\u00e9s et admir\u00e9s de tous. Pour la premi\u00e8re fois, cet ouvrage explore un nouvel aspect des tableaux de Monet : sa fascination pour les ponts, dans les ann\u00e9es 1870. Apr\u00e8s s\u2019\u00eatre install\u00e9 \u00e0Argenteuil, une petite ville de la banlieue parisienne, Monet s\u2019est int\u00e9ress\u00e9 au pont qui enjambait la Seine \u00e0proximit\u00e9 de sa maison. <em>Le Pont de bois<\/em>, en 1872, l\u2019\u0153uvre que lui a inspir\u00e9e cette passerelle provisoire rempla\u00e7ant le pont d\u00e9truit, est une composition d\u2019une modernit\u00e9 confondante.<br \/>\nLe livre commence avec ce tableau et se penche sur la mani\u00e8re dont Monet a su exploiter le th\u00e8me du pont entre 1872 et 1877, au lendemain de la guerre franco-prussienne et au-del\u00e0\u00a0.<br \/>\nMagnifiquement illustr\u00e9, cet ouvrage, publi\u00e9 pour accompagner une exposition majeure, \u00e9tudie la fa\u00e7on dont Monet s\u2019est impos\u00e9 comme chef de file de l\u2019avant-garde, et le r\u00f4le important qu\u2019a pu jouer la repr\u00e9sentation des ponts dans ce contexte. Centr\u00e9 sur les principales \u0153uvres de Monet, ce catalogue examine aussi la r\u00e9ponse des impressionnistes \u00e0un environnement en pleine mutation et \u00e0 la transformation de Paris et de sa banlieue \u00e0 la fin du xixe si\u00e8cle.<\/p>\n<p><strong>Anabelle Kienle Po?ka<\/strong> est conservatrice associ\u00e9e des collections d\u2019art europ\u00e9en et d\u2019art am\u00e9ricain au mus\u00e9e des Beaux-Arts du Canada.<br \/>\n<strong>Simon Kelly<\/strong> est conservateur des collections d\u2019art moderne et contemporain \u00e0 l\u2019Art Museum de Saint Louis, Missouri.<br \/>\n<strong>Richard Thomson<\/strong>, titulaire de la chaire Watson Gordon, enseigne les beaux-arts \u00e0 l\u2019universit\u00e9 d\u2019\u00e9dimbourg.<\/p>\n","protected":false},"excerpt":{"rendered":"<p>Le peintre fran\u00e7ais Claude Monet (1840-1926) est l\u2019un des artistes les plus populaires de tous les temps. Ses s\u00e9ries de nymph\u00e9as, de meules de foin, de cath\u00e9drales et bien d\u2019autres chefs d\u2019\u0153uvre sont aim\u00e9s et admir\u00e9s de tous. Pour la premi\u00e8re fois, cet ouvrage explore un nouvel aspect des tableaux de Monet : sa fascination&hellip;<\/p>\n","protected":false},"featured_media":10014,"template":"","meta":{"_acf_changed":false,"inline_featured_image":false},"product_brand":[],"product_cat":[68],"product_tag":[],"class_list":{"0":"post-10037","1":"product","2":"type-product","3":"status-publish","4":"has-post-thumbnail","6":"product_cat-art-moderne","7":"disponibilita-si","8":"description-off","10":"first","11":"instock","12":"shipping-taxable","13":"purchasable","14":"product-type-simple"},"acf":[],"_links":{"self":[{"href":"https:\/\/www.fivecontinentseditions.com\/fr\/wp-json\/wp\/v2\/product\/10037","targetHints":{"allow":["GET"]}}],"collection":[{"href":"https:\/\/www.fivecontinentseditions.com\/fr\/wp-json\/wp\/v2\/product"}],"about":[{"href":"https:\/\/www.fivecontinentseditions.com\/fr\/wp-json\/wp\/v2\/types\/product"}],"wp:featuredmedia":[{"embeddable":true,"href":"https:\/\/www.fivecontinentseditions.com\/fr\/wp-json\/wp\/v2\/media\/10014"}],"wp:attachment":[{"href":"https:\/\/www.fivecontinentseditions.com\/fr\/wp-json\/wp\/v2\/media?parent=10037"}],"wp:term":[{"taxonomy":"product_brand","embeddable":true,"href":"https:\/\/www.fivecontinentseditions.com\/fr\/wp-json\/wp\/v2\/product_brand?post=10037"},{"taxonomy":"product_cat","embeddable":true,"href":"https:\/\/www.fivecontinentseditions.com\/fr\/wp-json\/wp\/v2\/product_cat?post=10037"},{"taxonomy":"product_tag","embeddable":true,"href":"https:\/\/www.fivecontinentseditions.com\/fr\/wp-json\/wp\/v2\/product_tag?post=10037"}],"curies":[{"name":"wp","href":"https:\/\/api.w.org\/{rel}","templated":true}]}}