{"id":613,"date":"2017-12-11T14:30:17","date_gmt":"2017-12-11T14:30:17","guid":{"rendered":"http:\/\/www.fivecontinentseditions.com\/?page_id=613"},"modified":"2021-05-12T09:18:09","modified_gmt":"2021-05-12T09:18:09","slug":"frais-et-delais-de-livraison","status":"publish","type":"page","link":"https:\/\/www.fivecontinentseditions.com\/fr\/frais-et-delais-de-livraison\/","title":{"rendered":"Frais et d\u00e9lais de livraison"},"content":{"rendered":"<div class=\"wpb-content-wrapper\"><p>[vc_row][vc_column][vc_custom_heading text=\u00a0\u00bbFrais et d\u00e9lais de livraison\u00a0\u00bb font_container=\u00a0\u00bbtag:h1|font_size:45px|text_align:left|color:%23c6c6c6&Prime; use_theme_fonts=\u00a0\u00bbyes\u00a0\u00bb css=\u00a0\u00bb.vc_custom_1620741502230{margin-bottom: 20px !important;}\u00a0\u00bb][vc_column_text]Les ouvrages achet\u00e9s par internet seront livr\u00e9s par 5 Continents Editions \u00e0 l\u2019adresse indiqu\u00e9e par le client par l\u2019entremise de T.W.S. Express Courier s.r.l. (<a href=\"http:\/\/www.twsexpresscourier.it\/\">www.twsexpresscourier.it<\/a>) qui se r\u00e9serve le droit de s\u2019adresser \u00e0un autre transporteur de son choix pour les livraisons en Italie et dans le reste du monde.<\/p>\n<p>Il sera possible de surveiller l&rsquo;\u00e9tat de votre envoi en utilisant le num\u00e9ro de suivi re\u00e7u \u00e0l&rsquo;adresse \u00e9lectronique fournie au moment de l&rsquo;achat.<\/p>\n<p>Pour tout besoin, n\u2019h\u00e9sitez pas \u00e0communiquer avec notre service clients via le formulaire <a href=\"http:\/\/www.fivecontinentseditions.com\/fr\/contact.php\">www.fivecontinentseditions.com\/fr\/contact.php<\/a><\/p>\n<p><em><span id=\"result_box\" lang=\"fr\">Les frais de douane pour les livraisons dans les pays hors CEE sont \u00e0charge du client.<\/span><\/em><\/p>\n<p><strong>FRAIS DE LIVRAISON<\/strong><\/p>\n<p><strong>ITALIE |<\/strong> La livraison est prise en charge par 5 Continents Editions<\/p>\n<div class=\"hr-thin\"><\/div>\n<p><strong>ZONE 1-2 |<\/strong> <em>Allemagne, Autriche, Belgique, Espagne, France, \u00eele de Man, Luxembourg, Pays-Bas, Principaut\u00e9 de Monaco.<\/em><\/p>\n<p>Pour toute commande d&rsquo;une valeur \u00e9gale ou sup\u00e9rieure \u00e0 \u20ac 50,00 le co\u00fbt de la livraison est pris en charge par 5 Continents Editions.<br \/>\nPour toute commande d&rsquo;une valeur inf\u00e9rieure \u00e0 \u20ac 50,00 le co\u00fbt de la livraison est de \u20ac 15,00.<\/p>\n<div class=\"hr-thin\"><\/div>\n<p><strong>ZONE 3-4 |<\/strong> <em>Bulgarie, Chypre, Croatie, Danemark, Estonie, Finlande, Gr\u00e8ce, Irlande, Lettonie, Lituanie, Malte, Pologne, Portugal, R\u00e9publique tch\u00e8que, Royaume-Uni, Roumanie, Slovaquie, Slov\u00e9nie, Su\u00e8de, Suisse, Hongrie<\/em><\/p>\n<p>Le co\u00fbt de la livraison est de \u20ac 20,00<\/p>\n<div class=\"hr-thin\"><\/div>\n<p><strong>ZONE 5-6 |<\/strong> <em>Albanie, Andorre, Bailliage de Guernesey, Bi\u00e9lorussie, Bosnie-Herz\u00e9govine, Canada, Etats-Unis, Gibraltar, \u00eeles F\u00e9ro\u00e9, Islande, Jersey C.I., Kosovo, Liechtenstein, Mac\u00e9doine, Moldavie, Montenegro, Norv\u00e8ge, Serbie, Turquie, Ukraine<\/em><\/p>\n<p>Le co\u00fbt de la livraison est de \u20ac 30,00<\/p>\n<div class=\"hr-thin\"><\/div>\n<p><strong>ZONE 7-8 | <\/strong><em>Afrique du Sud, Anguilla, Antigua-et-Barbuda, Arabie Saoudite, Argentine, Aruba, Australie, Bahamas, Bahre\u00efn, Bangladesh, Barbade, Belize, Bermudes, Bolivie, Br\u00e9sil, Brunei, Chili, Chine, Colombie, Cor\u00e9e du Sud, Costa Rica, Dominique, Equateur, Egypte, Emirats Arabes Unis, Fidji, Grenade, Groenland, Guadeloupe, Guatemala, Guyane, Ha\u00efti, Honduras, Hong Kong, \u00eeles Ca\u00efmans, \u00eele de Guam, \u00eeles Vierges am\u00e9ricaines, \u00eeles Vierges britanniques, Inde, Indon\u00e9sie, Jama\u00efque, Japon, Kowe\u00eft, Macao, Malaisie, Maldives, Martinique, Mexique, Micron\u00e9sie, Montserrat, Nouvelle-Cal\u00e9donie, Nouvelle-Z\u00e9lande, Oman, Pakistan, Palau, Panama, Paraguay, P\u00e9rou, Philippines, Polyn\u00e9sie fran\u00e7aise, Porto Rico, Qatar, R\u00e9publique Dominicaine, Russie, Saint-Christophe-et-Ni\u00e9v\u00e8s, Sainte-Lucie, Saint-Vincent-et-les-Grenadines, Salvador, Samoa, Singapour, Sri Lanka, Suriname, Taiwan, Tha\u00eflande, Trinidad et Tobago, Uruguay, Venezuela<\/em><\/p>\n<p>Le co\u00fbt de la livraison est de \u20ac 40,00<\/p>\n<div class=\"hr-thin\"><\/div>\n<p><strong>Zone 9-10 | <\/strong><em>Afghanistan, Alg\u00e9rie, Angola, Antarctique, Antilles n\u00e9erlandaises, Arm\u00e9nie, Azerba\u00efdjan, B\u00e9nin, Bhoutan, Botswana, Burkina Faso, Burundi, Cambodge, Cameroun, Cap-Vert, Comores, Congo, Cor\u00e9e du Nord, C\u00f4te-d&rsquo;Ivoire, Cuba, D\u00e9pendances d&rsquo;Afrique du Sud, D\u00e9pendances de France, D\u00e9pendances de Nouvelle-Z\u00e9lande, D\u00e9pendances de Russie, D\u00e9pendances du Canada, Djibouti, Erythr\u00e9e, Ethiopie, Gabon, Gambie, G\u00e9orgie, G\u00e9orgie du Sud, Ghana, Guin\u00e9e, Guin\u00e9e-Bissau, Guin\u00e9e \u00e9quatoriale, \u00eele Bouvet, \u00eele Christmas, \u00eeles Cocos, \u00eeles Cook, \u00eeles de la<\/em> <em>Manche, \u00eele de P\u00e2ques, \u00eeles du Pacifique, \u00eeles Heard-et-MacDonald, \u00eeles Macquarie, \u00eeles Malouines, \u00eeles Mariannes, \u00eeles Marshall, \u00eele Maurice, \u00eeles Norfolk, \u00eeles Pitcairn, \u00eeles Salomon, \u00eeles Sandwich, \u00eeles Turques-et-Ca\u00efques<\/em>, <em>Isra\u00ebl, Iran, Irak, Jordanie, Kazakhstan, Kenya, Kirghizistan, Kiribati, Laos, Lesotho, Liban, Liberia, Libye, Madagascar, Malawi, Mali, Maroc, Mauritanie, Mayotte, Mongolie, Mozambique, Myanmar, Namibie, Nauru, N\u00e9pal, Nicaragua, Niger, Nigeria, Niue, Nouvelle-Guin\u00e9e occidentale, Ouganda, Ouzb\u00e9kistan, Palestine, Papouasie-Nouvelle-Guin\u00e9e, R\u00e9publique centrafricaine, R\u00e9publique d\u00e9mocratique du Congo, R\u00e9union, Rwanda, Sahara Occidental, Saint-Pierre-et-Miquelon, Sainte-H\u00e9l\u00e8ne, Samoa, Sao Tom\u00e9-et-Principe, S\u00e9n\u00e9gal, Seychelles, Sierra Leone, Somalie, Soudan, Svalbard et Jan Mayen, Swaziland, Syrie, Tadjikistan, Tanzanie, Tchad, Terres australes et antarctiques fran\u00e7aises, Territoire britannique de l&rsquo;oc\u00e9an indien, Timor oriental, Togo, Tokelau, Tonga, Tunisie, Turkm\u00e9nistan, Tuvalu, Vanuatu, Vietnam, Wallis-et-Futuna, Y\u00e9men, Zambie, Zimbabwe<\/em><\/p>\n<p>Le co\u00fbt de la livraison est de \u20ac 65,00<\/p>\n<div class=\"hr-thin\"><\/div>\n<p><strong>NOTE<\/strong><\/p>\n<p>\u00c0 partir du 1er f\u00e9vrier 2016 tout colis envoy\u00e9 dans les pays suivants subira un suppl\u00e9ment de \u20ac 20,00 en raison des risques \u00e9lev\u00e9s de guerres, \u00e9meutes et menaces terroristes.<br \/>\n<em>Afghanistan, Burundi, Irak, Libye, Mali, Niger, Sud-Soudan et Y\u00e9men<\/em><\/p>\n<p>Tout colis envoy\u00e9 dans les pays suivants subira un suppl\u00e9ment de \u20ac 30,00 en raison des sanctions commerciales impos\u00e9es par l&rsquo;ONU et l&rsquo;UE.<br \/>\n<em>Afghanistan, Bi\u00e9lorussie, Cor\u00e9e du Nord, C\u00f4te-d&rsquo;Ivoire, Erythr\u00e9e, Iran, Irak, Liban, Lib\u00e9ria, Libye, Myanmar, R\u00e9publique centrafricaine, R\u00e9publique d\u00e9mocratique du Congo, Somalie, Soudan, Sud-Soudan, Syrie, Y\u00e9men et Zimbabwe<\/em><\/p>\n<p><strong>D\u00c9LAIS DE LIVRAISON<\/strong><\/p>\n<p>Pour les livraisons en Italie (\u00e0l&rsquo;exception de la Sicile, de la Sardaigne et de la Calabre) il faut compter de 48 \u00e072 heures \u00e0partir de la confirmation de la commande pour tout paiement effectu\u00e9 par carte de cr\u00e9dit ; par contre, pour vos paiements par virement bancaire ce d\u00e9lai sera effectif d\u00e8s r\u00e9ception de notre confirmation que le paiement nous est bien parvenu.<\/p>\n<p>Pour les livraisons dans les ZONES 1-2 | 3-4 il faut compter de 72 \u00e096 heures \u00e0partir de la confirmation de la commande pour tout paiement effectu\u00e9 par carte de cr\u00e9dit ; par contre, pour vos paiements par virement bancaire ce d\u00e9lai sera effectif d\u00e8s r\u00e9ception de notre confirmation que le paiement nous est bien parvenu.<\/p>\n<p>Pour les livraisons dans les ZONES 5-6 | 7-8 | 9-10 il faut compter une semaine ouvrable \u00e0partir de la confirmation de la commande pour tout paiement effectu\u00e9 par carte de cr\u00e9dit ; par contre, pour vos paiements par virement bancaire ce d\u00e9lai sera effectif d\u00e8s r\u00e9ception de notre confirmation que le paiement nous est bien parvenu.[\/vc_column_text][\/vc_column][\/vc_row]<\/p>\n<\/div>","protected":false},"excerpt":{"rendered":"<p>[vc_row][vc_column][vc_custom_heading text=\u00a0\u00bbFrais et d\u00e9lais de livraison\u00a0\u00bb font_container=\u00a0\u00bbtag:h1|font_size:45px|text_align:left|color:%23c6c6c6&Prime; use_theme_fonts=\u00a0\u00bbyes\u00a0\u00bb css=\u00a0\u00bb.vc_custom_1620741502230{margin-bottom: 20px !important;}\u00a0\u00bb][vc_column_text]Les ouvrages achet\u00e9s par internet seront livr\u00e9s par 5 Continents Editions \u00e0 l\u2019adresse indiqu\u00e9e par le client par l\u2019entremise de T.W.S. Express Courier s.r.l. (www.twsexpresscourier.it) qui se r\u00e9serve le droit de s\u2019adresser \u00e0un autre transporteur de son choix pour les livraisons en Italie et dans&hellip;<\/p>\n","protected":false},"author":1704,"featured_media":0,"parent":0,"menu_order":0,"comment_status":"closed","ping_status":"closed","template":"","meta":{"_acf_changed":false,"inline_featured_image":false,"footnotes":""},"class_list":["post-613","page","type-page","status-publish","hentry","description-off"],"acf":[],"_links":{"self":[{"href":"https:\/\/www.fivecontinentseditions.com\/fr\/wp-json\/wp\/v2\/pages\/613","targetHints":{"allow":["GET"]}}],"collection":[{"href":"https:\/\/www.fivecontinentseditions.com\/fr\/wp-json\/wp\/v2\/pages"}],"about":[{"href":"https:\/\/www.fivecontinentseditions.com\/fr\/wp-json\/wp\/v2\/types\/page"}],"author":[{"embeddable":true,"href":"https:\/\/www.fivecontinentseditions.com\/fr\/wp-json\/wp\/v2\/users\/1704"}],"replies":[{"embeddable":true,"href":"https:\/\/www.fivecontinentseditions.com\/fr\/wp-json\/wp\/v2\/comments?post=613"}],"version-history":[{"count":0,"href":"https:\/\/www.fivecontinentseditions.com\/fr\/wp-json\/wp\/v2\/pages\/613\/revisions"}],"wp:attachment":[{"href":"https:\/\/www.fivecontinentseditions.com\/fr\/wp-json\/wp\/v2\/media?parent=613"}],"curies":[{"name":"wp","href":"https:\/\/api.w.org\/{rel}","templated":true}]}}