{"id":9485,"date":"2014-09-10T05:00:00","date_gmt":"2014-09-10T05:00:00","guid":{"rendered":"http:\/\/www.fivecontinentseditions.com\/prodotto\/chine-imperiale-2\/"},"modified":"2023-11-09T19:48:21","modified_gmt":"2023-11-09T19:48:21","slug":"chine-imperiale-2","status":"publish","type":"product","link":"https:\/\/www.fivecontinentseditions.com\/en\/p\/chine-imperiale-2\/","title":{"rendered":"Chine imp\u00e9riale"},"content":{"rendered":"<p>To mark a half a century since its creation, the Baur Foundation, Museum of Far Eastern Art, is publishing this journey into Qing-dynasty China through the famous collections in Paris museums and in the environs (Guimet, Quai Branly, Mus\u00e9e de l&rsquo;Arm\u00e9e, Mus\u00e9e des Arts D\u00e9coratifs, Ch\u00e2teau de Fontainebleau, Biblioth\u00e8que Nationale de France) as well as pieces from the Biblioth\u00e8que de Gen\u00e8ve and others from the Victoria &amp; Albert Museum in London. The book concentrates mainly on emperors Kangxi (1662&ndash;1723), Yongzheng (1723&ndash;1736), and Qianlong (1736&ndash;1796). The topics addressed include the might of imperial power and its rites, the role of the Jesuits in the decorative arts and sciences, court paintings, the secret gardens of the Manchu emperors and their role as patrons of the arts and collectors. Imperial paintings and engravings are examined, along with silks, ceramic wares, jades, cloisonn\u00e9 works, fine glassware, and precious books.<\/p>\n<p><strong>Monique Crick<\/strong> is an art historian specialising in the art of the Far East. She has been an independent researcher working on special assignments for the Guimet Museum from 1991 to 1998 and the Cernuschi Museum from 1999. Since 2003 she has been the director of the Baur Foundation, Museum of Far Eastern Art.<br \/>\n<strong>Vincent Droguet<\/strong> has been head heritage curator at Fontainebleau Castle since 1995 and its heritage and collections curator since 2013.<br \/>\n<strong>Antoine Gournay<\/strong> specialises in the history of architecture and gardens and has been a curator at the Cernuschi Museum, in Paris. He is now professor of the History of the Art and Archaeology of the Far East at the University of Paris-Sorbonne (Paris IV).<br \/>\n<strong>Nina Hourdin<\/strong> is studying for her doctorate in the History of Art at the University of Paris IV-Sorbonne under the supervision of Antoine Gournay.<br \/>\n<strong>Eric Lefebvre<\/strong> is a curator at the Guimet Museum, where he is in charge of the Chinese paintings collection. His research is centred on the history of Chinese art collections in the pre-modern and modern periods, in China and Europe.<br \/>\n<strong>Marie-Catherine Rey<\/strong> is head heritage curator and has worked in the China department of the Guimet Museum since 1993. She has organized around fifteen exhibitions and is the author of several catalogues, as well as lecturing in the Art of the Far East at the &Eacute;cole du Louvre.<\/p>\n","protected":false},"excerpt":{"rendered":"<p>To mark a half a century since its creation, the Baur Foundation, Museum of Far Eastern Art, is publishing this journey into Qing-dynasty China through the famous collections in Paris museums and in the environs (Guimet, Quai Branly, Mus\u00e9e de l&rsquo;Arm\u00e9e, Mus\u00e9e des Arts D\u00e9coratifs, Ch\u00e2teau de Fontainebleau, Biblioth\u00e8que Nationale de France) as well as&hellip;<\/p>\n","protected":false},"featured_media":9461,"template":"","meta":{"_acf_changed":false,"inline_featured_image":false},"product_brand":[],"product_cat":[52],"product_tag":[],"class_list":{"0":"post-9485","1":"product","2":"type-product","3":"status-publish","4":"has-post-thumbnail","6":"product_cat-asian-art","7":"disponibilita-no","8":"description-off","10":"first","11":"outofstock","12":"shipping-taxable","13":"purchasable","14":"product-type-simple"},"acf":[],"_links":{"self":[{"href":"https:\/\/www.fivecontinentseditions.com\/en\/wp-json\/wp\/v2\/product\/9485","targetHints":{"allow":["GET"]}}],"collection":[{"href":"https:\/\/www.fivecontinentseditions.com\/en\/wp-json\/wp\/v2\/product"}],"about":[{"href":"https:\/\/www.fivecontinentseditions.com\/en\/wp-json\/wp\/v2\/types\/product"}],"wp:featuredmedia":[{"embeddable":true,"href":"https:\/\/www.fivecontinentseditions.com\/en\/wp-json\/wp\/v2\/media\/9461"}],"wp:attachment":[{"href":"https:\/\/www.fivecontinentseditions.com\/en\/wp-json\/wp\/v2\/media?parent=9485"}],"wp:term":[{"taxonomy":"product_brand","embeddable":true,"href":"https:\/\/www.fivecontinentseditions.com\/en\/wp-json\/wp\/v2\/product_brand?post=9485"},{"taxonomy":"product_cat","embeddable":true,"href":"https:\/\/www.fivecontinentseditions.com\/en\/wp-json\/wp\/v2\/product_cat?post=9485"},{"taxonomy":"product_tag","embeddable":true,"href":"https:\/\/www.fivecontinentseditions.com\/en\/wp-json\/wp\/v2\/product_tag?post=9485"}],"curies":[{"name":"wp","href":"https:\/\/api.w.org\/{rel}","templated":true}]}}