{"id":9401,"date":"2015-08-20T05:00:00","date_gmt":"2015-08-20T05:00:00","guid":{"rendered":"http:\/\/www.fivecontinentseditions.com\/prodotto\/arts-anciens-de-madagascar-2\/"},"modified":"2018-04-10T10:46:59","modified_gmt":"2018-04-10T10:46:59","slug":"arts-anciens-de-madagascar-2","status":"publish","type":"product","link":"https:\/\/www.fivecontinentseditions.com\/en\/p\/arts-anciens-de-madagascar-2\/","title":{"rendered":"Arts anciens de Madagascar"},"content":{"rendered":"<p>This is the first work to pay due tribute to the wealth and diversity of Madagascar\u2019s traditional art. In all spheres, from daily life on earth to existence in the hereafter and the techniques of magic and soothsaying used to put the two in contact with each other, Madagascan artists have always given free rein to their imagination and manifold skills. Sometimes the artists\u2019 creations are unique, just like their incomparable island, and at others they draw their inspiration from one of the many Austronesian, African, Indian, or Arabian peoples which the sea currents and favourable winds have always brought to this island over the centuries. Whether everyday objects, magic charms, or funerary statues, these works aroused considerable interest among the first European observers, whose chronicles and pictures act as the common thread running through the book.<br \/>\nLong and thorough research through public and private collections in the four corners of the earth has made it possible to gather together the most representative and most aesthetically pleasing paintings and sculptures of a culture that has been relatively neglected up to the present. The decision to publish this book in an unusual format means it can accommodate a number of wonderful photographs taken by renowned photographers, thus doing full justice to the stunning beauty of these artworks.<\/p>\n<p><strong>Bertrand Goy<\/strong> has spent many years in Africa and Madagascar. Following a career as a senior executive in industry, he now devotes himself to the history of primitive art. He is a member of the Soci\u00e9t\u00e9 des Africanistes and the author of numerous essays and books dealing especially with the art of C\u00f4te d\u2019Ivoire, Burkina Faso, and Mali. He won the Auguste Pavie Prize, awarded by the Acad\u00e9mie des Sciences d\u2019Outre-Mer, for <em>Jara\u00ef: arts de guerre et de mort chez les montagnards d\u2019Indochine<\/em> in 2006, and the 2013 International Tribal Art Book Prize for <em>C\u00f4te d\u2019Ivoire: premiers regards sur la sculpture<\/em>.<\/p>\n","protected":false},"excerpt":{"rendered":"<p>This is the first work to pay due tribute to the wealth and diversity of Madagascar\u2019s traditional art. In all spheres, from daily life on earth to existence in the hereafter and the techniques of magic and soothsaying used to put the two in contact with each other, Madagascan artists have always given free rein&hellip;<\/p>\n","protected":false},"featured_media":9378,"template":"","meta":{"_acf_changed":false,"inline_featured_image":false},"product_brand":[],"product_cat":[50],"product_tag":[],"class_list":{"0":"post-9401","1":"product","2":"type-product","3":"status-publish","4":"has-post-thumbnail","6":"product_cat-african-art","7":"disponibilita-no","8":"description-off","10":"first","11":"outofstock","12":"shipping-taxable","13":"purchasable","14":"product-type-simple"},"acf":[],"_links":{"self":[{"href":"https:\/\/www.fivecontinentseditions.com\/en\/wp-json\/wp\/v2\/product\/9401","targetHints":{"allow":["GET"]}}],"collection":[{"href":"https:\/\/www.fivecontinentseditions.com\/en\/wp-json\/wp\/v2\/product"}],"about":[{"href":"https:\/\/www.fivecontinentseditions.com\/en\/wp-json\/wp\/v2\/types\/product"}],"wp:featuredmedia":[{"embeddable":true,"href":"https:\/\/www.fivecontinentseditions.com\/en\/wp-json\/wp\/v2\/media\/9378"}],"wp:attachment":[{"href":"https:\/\/www.fivecontinentseditions.com\/en\/wp-json\/wp\/v2\/media?parent=9401"}],"wp:term":[{"taxonomy":"product_brand","embeddable":true,"href":"https:\/\/www.fivecontinentseditions.com\/en\/wp-json\/wp\/v2\/product_brand?post=9401"},{"taxonomy":"product_cat","embeddable":true,"href":"https:\/\/www.fivecontinentseditions.com\/en\/wp-json\/wp\/v2\/product_cat?post=9401"},{"taxonomy":"product_tag","embeddable":true,"href":"https:\/\/www.fivecontinentseditions.com\/en\/wp-json\/wp\/v2\/product_tag?post=9401"}],"curies":[{"name":"wp","href":"https:\/\/api.w.org\/{rel}","templated":true}]}}