{"id":8990,"date":"2014-07-10T05:00:00","date_gmt":"2014-07-10T05:00:00","guid":{"rendered":"http:\/\/www.fivecontinentseditions.com\/prodotto\/resonant-space-2\/"},"modified":"2017-12-21T18:25:13","modified_gmt":"2017-12-21T18:25:13","slug":"resonant-space-2","status":"publish","type":"product","link":"https:\/\/www.fivecontinentseditions.com\/en\/p\/resonant-space-2\/","title":{"rendered":"Resonant Space"},"content":{"rendered":"<p>The Venezuelan painter and sculptor Alejandro Otero (1921&ndash;1990) was one of the most significant artists in the history of abstraction. Between 1955 and 1960, he developed an extraordinary series of 75 paintings called Coloritmos (Colorhythms), one of his major contributions to the field of painting. Painted with Duco, a shiny industrial lacquer applied with a spray gun or roller, the Colorhythms are large-scale compositional modules executed on rectangular support structures. In these works, Otero succeeded in emphasizing rhythm and colour over form; as a consequence of optical intensity, chromatic vibration, and the suggestion of rhythmic movement, the pictures seem to expand dynamically outward.This illuminating book, the first dedicated to Colorhythms, evaluates their place in Otero&rsquo;s practice and in the context of international geometric abstraction.<\/p>\n<p><strong>Rina Carvajal<\/strong> is an independent curator and critic based in Miami who is presently a guest curator for the Instituto de Arte Contempor\u00e2nea (IAC) in S\u00e3o Paulo and the instituto Moreira Salles in S\u00e3o Paulo and Rio de Janeiro.<\/p>\n","protected":false},"excerpt":{"rendered":"<p>The Venezuelan painter and sculptor Alejandro Otero (1921&ndash;1990) was one of the most significant artists in the history of abstraction. Between 1955 and 1960, he developed an extraordinary series of 75 paintings called Coloritmos (Colorhythms), one of his major contributions to the field of painting. Painted with Duco, a shiny industrial lacquer applied with a&hellip;<\/p>\n","protected":false},"featured_media":8967,"template":"","meta":{"_acf_changed":false,"inline_featured_image":false},"product_brand":[],"product_cat":[53],"product_tag":[],"class_list":{"0":"post-8990","1":"product","2":"type-product","3":"status-publish","4":"has-post-thumbnail","6":"product_cat-contemporary-art","7":"disponibilita-si","8":"description-off","10":"first","11":"outofstock","12":"shipping-taxable","13":"purchasable","14":"product-type-simple"},"acf":[],"_links":{"self":[{"href":"https:\/\/www.fivecontinentseditions.com\/en\/wp-json\/wp\/v2\/product\/8990","targetHints":{"allow":["GET"]}}],"collection":[{"href":"https:\/\/www.fivecontinentseditions.com\/en\/wp-json\/wp\/v2\/product"}],"about":[{"href":"https:\/\/www.fivecontinentseditions.com\/en\/wp-json\/wp\/v2\/types\/product"}],"wp:featuredmedia":[{"embeddable":true,"href":"https:\/\/www.fivecontinentseditions.com\/en\/wp-json\/wp\/v2\/media\/8967"}],"wp:attachment":[{"href":"https:\/\/www.fivecontinentseditions.com\/en\/wp-json\/wp\/v2\/media?parent=8990"}],"wp:term":[{"taxonomy":"product_brand","embeddable":true,"href":"https:\/\/www.fivecontinentseditions.com\/en\/wp-json\/wp\/v2\/product_brand?post=8990"},{"taxonomy":"product_cat","embeddable":true,"href":"https:\/\/www.fivecontinentseditions.com\/en\/wp-json\/wp\/v2\/product_cat?post=8990"},{"taxonomy":"product_tag","embeddable":true,"href":"https:\/\/www.fivecontinentseditions.com\/en\/wp-json\/wp\/v2\/product_tag?post=8990"}],"curies":[{"name":"wp","href":"https:\/\/api.w.org\/{rel}","templated":true}]}}