{"id":7601,"date":"2012-06-21T05:00:00","date_gmt":"2012-06-21T05:00:00","guid":{"rendered":"http:\/\/www.fivecontinentseditions.com\/prodotto\/des-cuilleres-et-des-hommes-2\/"},"modified":"2017-12-21T18:12:23","modified_gmt":"2017-12-21T18:12:23","slug":"des-cuilleres-et-des-hommes-2","status":"publish","type":"product","link":"https:\/\/www.fivecontinentseditions.com\/en\/p\/des-cuilleres-et-des-hommes-2\/","title":{"rendered":"Des cuill\u00e8res et des hommes"},"content":{"rendered":"<p>This book&rsquo;s aim is to take the reader on a trip round the planet, with only a spoon for a guide: after all, this little, everyday object has been present in all cultures since time immemorial. The huge collection of spoons examined range from specimens from Europe, from the Dan, the Zulus, and the many peoples of the Congo, in Africa, and from Sumatra in Southeast Asia. It was amassed by Serge Le Guennan over many years and reflects the variety of uses to which these objects were put, but also the tastes of different cultures. Manufactured on five different continents, these spoons can be either extraordinarily elaborate or pared down to the purest line, testifying to man&rsquo;s limitless imagination in his carving of a wide variety of materials, ranging from wood and ivory to shells. The book is divided into five chaptersEurope, the Americas, Africa, Southeast Asia, and Oceaniaand describes 130 spoons according to purely aesthetic criteria and from different periods: the oldest date from the eighth century, but many are examples of eighteenthand nineteenth-century primitive art. The features of the various cultures are brought to life by way of the drawings from nature of Didier Derre, an artist who in the spirit typical of nineteenth-century travellers spent almost two years trying to capture the importance of the detail and the sheer beauty of this simple everyday object in his sketches.<\/p>\n<p><strong>Serge le Guennan <\/strong>has been a dealer and collector of primitive art since 1975. His collection is housed in his Galerie SL in Paris and some of his objects are on display in major museums, such as the Mus\u00e9e du Quai Branly and the Mus\u00e9e Barbier-Mueller.<br \/>\n<strong>Nicolas Bruant<\/strong> is a well-known photographer; his photos are often published in the magazines <em>C\u00f4t\u00e9 Sud, Cond\u00e9 Nast Traveller<\/em>, and <em>Elle D\u00e9coration<\/em>. He has also contributed to a number of books, including <em>La Statuaire primitive de l&rsquo;ouest du N\u00e9pal.<\/em><br \/>\n<strong>Didier Derre<\/strong> is a self-taught draughtsman whose drawings are inspired by the sketches of nineteenth-century travellers.<br \/>\n<strong>Robert Neuburger<\/strong> is a psychiatrist and a collector of primitive art.<br \/>\n<strong>Max Itzikovitz<\/strong> is known throughout the world as a collector of primitive art.<br \/>\n<strong>Olivier C\u00e9na<\/strong> is a writer and art critic for <em>T\u00e9l\u00e9rama<\/em>, specializing in modern and contemporary art.<br \/>\n<strong>Maine Durieu<\/strong> is a gallery owner specializing in West African art. In 2005, she mounted an exhibition devoted to the bronzes of the Gan, an ethnic group in Burkina Faso.<br \/>\n<strong>Amaelle Favreau<\/strong> is an expert on African art and obtained her diploma at the &Eacute;cole du Louvre. She is a qualified guide at the Mus\u00e9e du Quai Branly and teaches at the &Eacute;cole du Louvre and at the Institut Catholique de Paris.<br \/>\n<strong>Bruno Gay <\/strong>is a collector and has contributed to several publications on primitive art. Robert Gadessaud is a collector of spoons from all over the world and an expert in Breton culture and traditions.<br \/>\n<strong>Tita Reut<\/strong> is a poet and publisher, and has organized a number of international exhibitions of contemporary art. She collaborates with the sculptor Arman, with whom she has published numerous books. She founded the publishing house &Eacute;ditions de l&rsquo;Ariane in 2005.<br \/>\n<strong>Patrick Grimaud<\/strong> is a collector of Himalayan art and has a particular interest in shamanism.<br \/>\n<strong>Philibert Got<\/strong> is a philosophy student.<\/p>\n","protected":false},"excerpt":{"rendered":"<p>This book&rsquo;s aim is to take the reader on a trip round the planet, with only a spoon for a guide: after all, this little, everyday object has been present in all cultures since time immemorial. The huge collection of spoons examined range from specimens from Europe, from the Dan, the Zulus, and the many&hellip;<\/p>\n","protected":false},"featured_media":7578,"template":"","meta":{"_acf_changed":false,"inline_featured_image":false},"product_brand":[],"product_cat":[61,58],"product_tag":[],"class_list":{"0":"post-7601","1":"product","2":"type-product","3":"status-publish","4":"has-post-thumbnail","6":"product_cat-applied-arts","7":"product_cat-around-art","8":"disponibilita-si","9":"description-off","11":"first","12":"instock","13":"shipping-taxable","14":"purchasable","15":"product-type-simple"},"acf":[],"_links":{"self":[{"href":"https:\/\/www.fivecontinentseditions.com\/en\/wp-json\/wp\/v2\/product\/7601","targetHints":{"allow":["GET"]}}],"collection":[{"href":"https:\/\/www.fivecontinentseditions.com\/en\/wp-json\/wp\/v2\/product"}],"about":[{"href":"https:\/\/www.fivecontinentseditions.com\/en\/wp-json\/wp\/v2\/types\/product"}],"wp:featuredmedia":[{"embeddable":true,"href":"https:\/\/www.fivecontinentseditions.com\/en\/wp-json\/wp\/v2\/media\/7578"}],"wp:attachment":[{"href":"https:\/\/www.fivecontinentseditions.com\/en\/wp-json\/wp\/v2\/media?parent=7601"}],"wp:term":[{"taxonomy":"product_brand","embeddable":true,"href":"https:\/\/www.fivecontinentseditions.com\/en\/wp-json\/wp\/v2\/product_brand?post=7601"},{"taxonomy":"product_cat","embeddable":true,"href":"https:\/\/www.fivecontinentseditions.com\/en\/wp-json\/wp\/v2\/product_cat?post=7601"},{"taxonomy":"product_tag","embeddable":true,"href":"https:\/\/www.fivecontinentseditions.com\/en\/wp-json\/wp\/v2\/product_tag?post=7601"}],"curies":[{"name":"wp","href":"https:\/\/api.w.org\/{rel}","templated":true}]}}