{"id":7550,"date":"2011-06-20T05:00:00","date_gmt":"2011-06-20T05:00:00","guid":{"rendered":"http:\/\/www.fivecontinentseditions.com\/prodotto\/la-photographie-hongroise-2\/"},"modified":"2019-01-15T11:43:28","modified_gmt":"2019-01-15T11:43:28","slug":"la-photographie-hongroise-2","status":"publish","type":"product","link":"https:\/\/www.fivecontinentseditions.com\/en\/p\/la-photographie-hongroise-2\/","title":{"rendered":"La photographie hongroise"},"content":{"rendered":"<p><strong>The French edition of the catalogue to the <em>Eyewitness <\/em>exhibition held at the Royal Academy of Arts in London: a key work for anyone wishing to learn about the history of modern photography.<\/strong><\/p>\n<p>Brassa\u00ef, Capa, Kert\u00e9sz, Moholy-Nagy, and Munk\u00e1csi radically changed our view of photojournalism and art photography between the wars.This superb book examines how the extraordinary pictures of five giants of the period put Hungary at the heart of art photography at this time and explores the influence they had on subsequent generations of photographers. Thanks to its outstanding illustrations of all these artists\u2019 major works\u2013often reproduced from archive prints in Hungarian private collections\u2013this book has become a reference work in the study of modern photography.<\/p>\n<p><strong>P\u00e9ter Baki<\/strong> is Director of the Hungarian Museum of Photography in Kecskem\u00e9t.<br \/>\n<strong>Colin Ford<\/strong> was the founding Director of Britain\u2019s National Museum of Photography, Film, and Television in Bradford (now National Media Museum).<br \/>\n<strong>George Szirtes<\/strong> is a poet and Hungarian translator.<\/p>\n","protected":false},"excerpt":{"rendered":"<p>The French edition of the catalogue to the Eyewitness exhibition held at the Royal Academy of Arts in London: a key work for anyone wishing to learn about the history of modern photography. Brassa\u00ef, Capa, Kert\u00e9sz, Moholy-Nagy, and Munk\u00e1csi radically changed our view of photojournalism and art photography between the wars.This superb book examines how&hellip;<\/p>\n","protected":false},"featured_media":7526,"template":"","meta":{"_acf_changed":false,"inline_featured_image":false},"product_brand":[],"product_cat":[64],"product_tag":[],"class_list":{"0":"post-7550","1":"product","2":"type-product","3":"status-publish","4":"has-post-thumbnail","6":"product_cat-photography","7":"disponibilita-no","8":"description-off","10":"first","11":"outofstock","12":"shipping-taxable","13":"purchasable","14":"product-type-simple"},"acf":[],"_links":{"self":[{"href":"https:\/\/www.fivecontinentseditions.com\/en\/wp-json\/wp\/v2\/product\/7550","targetHints":{"allow":["GET"]}}],"collection":[{"href":"https:\/\/www.fivecontinentseditions.com\/en\/wp-json\/wp\/v2\/product"}],"about":[{"href":"https:\/\/www.fivecontinentseditions.com\/en\/wp-json\/wp\/v2\/types\/product"}],"wp:featuredmedia":[{"embeddable":true,"href":"https:\/\/www.fivecontinentseditions.com\/en\/wp-json\/wp\/v2\/media\/7526"}],"wp:attachment":[{"href":"https:\/\/www.fivecontinentseditions.com\/en\/wp-json\/wp\/v2\/media?parent=7550"}],"wp:term":[{"taxonomy":"product_brand","embeddable":true,"href":"https:\/\/www.fivecontinentseditions.com\/en\/wp-json\/wp\/v2\/product_brand?post=7550"},{"taxonomy":"product_cat","embeddable":true,"href":"https:\/\/www.fivecontinentseditions.com\/en\/wp-json\/wp\/v2\/product_cat?post=7550"},{"taxonomy":"product_tag","embeddable":true,"href":"https:\/\/www.fivecontinentseditions.com\/en\/wp-json\/wp\/v2\/product_tag?post=7550"}],"curies":[{"name":"wp","href":"https:\/\/api.w.org\/{rel}","templated":true}]}}