{"id":7496,"date":"2012-05-11T05:00:00","date_gmt":"2012-05-11T05:00:00","guid":{"rendered":"http:\/\/www.fivecontinentseditions.com\/prodotto\/aloise-2\/"},"modified":"2022-05-17T05:17:04","modified_gmt":"2022-05-17T05:17:04","slug":"aloise-2","status":"publish","type":"product","link":"https:\/\/www.fivecontinentseditions.com\/en\/p\/aloise-2\/","title":{"rendered":"Alo\u00efse"},"content":{"rendered":"<p>This richly illustrated work, with commentary by Jacqueline-Forel and C\u00e9line Muzelle, was published by the Mus\u00e9e cantonal des Beaux-Arts and the Collection de l\u2019Art Brut, in Lausanne, together with the Fondation Alo\u00efse, to coincide with the online publication of the catalogue raisonn\u00e9 of the artist\u2019s work, thus filling a considerable gap on bookshop shelves.<br \/>\nAlo\u00efse Corbaz, known simply as Alo\u00efse (1886\u20141964), was the daughter of a postal worker and was born in Lausanne. She worked as a dressmaker, but her dream was to become a singer. Following an unhappy love affair, she took up a number of positions as a governess in northern Germany. Employed at the court of William II in Potsdam, she became besotted with the emperor. But when war was declared she was obliged to return to her native Lausanne, where she fell prey to bouts of anxiety and religious fervour that often took a humanitarian or antimilitarist turn. In the end, she was confined to the asylum in Cery, near Lausanne.The diagnosis of schizophrenia mentions her intelligence and her memory, as well as her wild ideas, language dissociation, and frequent use of neologisms. Her condition evolved into autism, but gradually stabilised to the point that she was able to be moved to the more relaxed institution of La Rosi\u00e8re, in Gimel, where she lived until her death.<br \/>\nAlo\u00efse began to draw and write soon after she entered the asylum. However, she pursued this activity in secret until 1936, using a lead pencil and ink.When she had no alternative, she even used juice squeezed from petals, crushed leaves, and toothpaste. As a support, she sewed together pieces of wrapping paper with thread to obtain a large surface, or envelopes, bits of cardboard, and the backs of calendars.<\/p>\n<p><strong>Alo\u00efse<\/strong> created her own personal cosmogony peopled by princely figures and historical heroines (for example, Mary Stuart, Elizabeth of Austria, and Cleopatra). Pairs of lovers, the theatre, and the opera were her favourite themes and abound in her oeuvre. Jean Dubuffet took an interest in her work in the mid-1940s, calling it \u201cAlo\u00efse\u2019s huge tapestry made of a thousand pieces\u201d and considered it a wonderful example of entirely feminine art brut.<\/p>\n","protected":false},"excerpt":{"rendered":"<p>This richly illustrated work, with commentary by Jacqueline-Forel and C\u00e9line Muzelle, was published by the Mus\u00e9e cantonal des Beaux-Arts and the Collection de l\u2019Art Brut, in Lausanne, together with the Fondation Alo\u00efse, to coincide with the online publication of the catalogue raisonn\u00e9 of the artist\u2019s work, thus filling a considerable gap on bookshop shelves. Alo\u00efse&hellip;<\/p>\n","protected":false},"featured_media":7470,"template":"","meta":{"_acf_changed":false,"inline_featured_image":false},"product_brand":[],"product_cat":[48],"product_tag":[],"class_list":{"0":"post-7496","1":"product","2":"type-product","3":"status-publish","4":"has-post-thumbnail","6":"product_cat-outsider-art","7":"disponibilita-no","8":"description-off","10":"first","11":"outofstock","12":"shipping-taxable","13":"purchasable","14":"product-type-simple"},"acf":[],"_links":{"self":[{"href":"https:\/\/www.fivecontinentseditions.com\/en\/wp-json\/wp\/v2\/product\/7496","targetHints":{"allow":["GET"]}}],"collection":[{"href":"https:\/\/www.fivecontinentseditions.com\/en\/wp-json\/wp\/v2\/product"}],"about":[{"href":"https:\/\/www.fivecontinentseditions.com\/en\/wp-json\/wp\/v2\/types\/product"}],"wp:featuredmedia":[{"embeddable":true,"href":"https:\/\/www.fivecontinentseditions.com\/en\/wp-json\/wp\/v2\/media\/7470"}],"wp:attachment":[{"href":"https:\/\/www.fivecontinentseditions.com\/en\/wp-json\/wp\/v2\/media?parent=7496"}],"wp:term":[{"taxonomy":"product_brand","embeddable":true,"href":"https:\/\/www.fivecontinentseditions.com\/en\/wp-json\/wp\/v2\/product_brand?post=7496"},{"taxonomy":"product_cat","embeddable":true,"href":"https:\/\/www.fivecontinentseditions.com\/en\/wp-json\/wp\/v2\/product_cat?post=7496"},{"taxonomy":"product_tag","embeddable":true,"href":"https:\/\/www.fivecontinentseditions.com\/en\/wp-json\/wp\/v2\/product_tag?post=7496"}],"curies":[{"name":"wp","href":"https:\/\/api.w.org\/{rel}","templated":true}]}}