{"id":4622,"date":"2006-12-01T05:00:00","date_gmt":"2006-12-01T05:00:00","guid":{"rendered":"http:\/\/www.fivecontinentseditions.com\/prodotto\/lartiste-collectionneur-de-dessin-i-2\/"},"modified":"2018-04-17T10:01:14","modified_gmt":"2018-04-17T10:01:14","slug":"lartiste-collectionneur-de-dessin-i-2","status":"publish","type":"product","link":"https:\/\/www.fivecontinentseditions.com\/en\/p\/lartiste-collectionneur-de-dessin-i-2\/","title":{"rendered":"L&#8217;artiste collectionneur de dessin &#8211; I"},"content":{"rendered":"<p>This first volume inaugurates a new series, co-published with the Soci\u00e9t\u00e9 du dessin (Paris), on the theme of the artist as collector.<br \/>\nIntroduced by Pierre Rosenberg, of the Acad\u00e9mie Fran\u00e7aise, and edited by Catherine Monbeig Goguel, the book consists of the proceedings of the first international symposium on ancient drawings, and concentrates mainly on France and Italy. Catherine Monbeig Goguel traces the history of the collections of Florentine artists, from Giorgio Vasari to Emilio Santarelli. In Rome, the figure of Francesco de Hollanda, who corresponded with Michelangelo, is examined by Sylvie Dewarte-Rosa. Simonetta Prosperi Valenti Rodino focuses on the Roman art world, thanks to the previously unpublished journals of Father Resta, while the city\u2019s French colony during the eighteenth century is discussed by Cordelia Hattori. Jean-Fran\u00e7ois M\u00e9janes describes the collection of Charles Natoire, and Fran\u00e7oise Joulie reviews Fran\u00e7ois Boucher\u2019s. As regards the nineteenth century, the appealing figure of Jean Gigoux is portrayed by John Whiteley and the astonishing architect Hippolyte Destailleur is brought to life by C\u00e9dric Rabeyrolles. Chris Fischer analyses the collection of Jens Ferdinand Willumsen, a Danish painter whose work was exhibited recently at the Mus\u00e9e d\u2019Orsay.<br \/>\nThe survey is brought up to the present by a couple of contemporary artists, Claude Brogratchew and Anni Cardin, who built an exemplary collection during the course of the 1930s.<\/p>\n<p><strong>Catherine Monbeig Goguel<\/strong> is Emeritus Research Director at the Louvre, CNRS, and the author of <em>17<\/em><em>th<\/em><em>\u201418<\/em><em>th <\/em><em>Century Tuscan Drawings \u2014 vol. II 1620\u20141800<\/em>, published by 5 Continents Editions, for which she was awarded the Eug\u00e8ne Carri\u00e8re Prize.<br \/>\n<strong>Pierre Rosenberg<\/strong>, of the Acad\u00e9mie Fran\u00e7aise, is the former President-Director of the Mus\u00e9e du Louvre.<\/p>\n","protected":false},"excerpt":{"rendered":"<p>This first volume inaugurates a new series, co-published with the Soci\u00e9t\u00e9 du dessin (Paris), on the theme of the artist as collector. Introduced by Pierre Rosenberg, of the Acad\u00e9mie Fran\u00e7aise, and edited by Catherine Monbeig Goguel, the book consists of the proceedings of the first international symposium on ancient drawings, and concentrates mainly on France&hellip;<\/p>\n","protected":false},"featured_media":4599,"template":"","meta":{"_acf_changed":false,"inline_featured_image":false},"product_brand":[],"product_cat":[58,59],"product_tag":[],"class_list":{"0":"post-4622","1":"product","2":"type-product","3":"status-publish","4":"has-post-thumbnail","6":"product_cat-around-art","7":"product_cat-modern-art","8":"disponibilita-no","9":"description-off","11":"first","12":"outofstock","13":"shipping-taxable","14":"purchasable","15":"product-type-simple"},"acf":[],"_links":{"self":[{"href":"https:\/\/www.fivecontinentseditions.com\/en\/wp-json\/wp\/v2\/product\/4622","targetHints":{"allow":["GET"]}}],"collection":[{"href":"https:\/\/www.fivecontinentseditions.com\/en\/wp-json\/wp\/v2\/product"}],"about":[{"href":"https:\/\/www.fivecontinentseditions.com\/en\/wp-json\/wp\/v2\/types\/product"}],"wp:featuredmedia":[{"embeddable":true,"href":"https:\/\/www.fivecontinentseditions.com\/en\/wp-json\/wp\/v2\/media\/4599"}],"wp:attachment":[{"href":"https:\/\/www.fivecontinentseditions.com\/en\/wp-json\/wp\/v2\/media?parent=4622"}],"wp:term":[{"taxonomy":"product_brand","embeddable":true,"href":"https:\/\/www.fivecontinentseditions.com\/en\/wp-json\/wp\/v2\/product_brand?post=4622"},{"taxonomy":"product_cat","embeddable":true,"href":"https:\/\/www.fivecontinentseditions.com\/en\/wp-json\/wp\/v2\/product_cat?post=4622"},{"taxonomy":"product_tag","embeddable":true,"href":"https:\/\/www.fivecontinentseditions.com\/en\/wp-json\/wp\/v2\/product_tag?post=4622"}],"curies":[{"name":"wp","href":"https:\/\/api.w.org\/{rel}","templated":true}]}}