{"id":35284,"date":"2025-12-17T13:06:46","date_gmt":"2025-12-17T13:06:46","guid":{"rendered":"https:\/\/www.fivecontinentseditions.com\/?post_type=product&#038;p=35284"},"modified":"2025-12-19T14:37:37","modified_gmt":"2025-12-19T14:37:37","slug":"racines-roots","status":"publish","type":"product","link":"https:\/\/www.fivecontinentseditions.com\/en\/p\/racines-roots\/","title":{"rendered":"Racines | Roots"},"content":{"rendered":"<p><em>With an essay by Garance Primat. Preface by Fr\u00e9d\u00e9ric Lenoir, texts by B\u00e9reng\u00e8re Baucher<\/em><\/p>\n<p><em>Racines<\/em> |<em> Roots<\/em> is a vibrant art book reflecting the unique vision of a passionate philanthropist, collector, and entrepreneur. Garance Primat unveils a selection of works drawn from the heart of her aesthetic and spiritual journey. For her, art is a life-sustaining force: deep roots nourish our being and link us to nature, allowing us to flourish like a tree.\u00a0Born into a family responsive to nature and art, she has honed her eye through contact with different cultures during her travels, particularly in Australia and the United States, where she became aware of how everything in the realm of nature was interconnected. This quest inspired her to acquire the Domaine des \u00c9tangs in Charente Limousine.<\/p>\n<p>With its ability to question the world and shape the future, contemporary art occupies a special place in her eclectic collection, which offers interactions with modern art from around the world, minerals, and wisdom-bearing objects. Garance Primat invites us to trust her sensibility as we explore the universal, where words struggle to grasp the interconnectedness of living things. An original message emerges from the \u201croot\u201d of things, awakening a shared consciousness.<\/p>\n<p>This book, built around the etymology of seven key words linked to nature and the universe, is an invitation to let ourselves be carried away by the senses and discover the invisible links that unite us.<\/p>\n<p>Under the guidance of <strong>Garance Primat<\/strong>, the Domaine des \u00c9tangs in Charente Limousine now welcomes visitors, who come to enjoy art, science, and the environment together. Taking over almost 1,000 hectares of unspoilt countryside that include forests, meadows, ponds, and permaculture gardens, Garance Primat has developed a holistic approach that is committed to preserving biodiversity, promoting rural heritage, and sustaining the arts. The thirteenth-century ch\u00e2teau and its outbuildings have been restored using traditional skills and local materials, and now host artworks, residencies, exhibitions, and retreats for contemplation. At the heart of this enterprise is contemporary art collection that has grown like a poetic echo of the nature that surrounds it. Adopting as its emblem the dragonfly \u2013 a herald of metamorphosis \u2013 the Garance Primat Collection has now amassed more than one thousand works that eagerly create links between the major artists of the twentieth century, such as Yves Klein and Pablo Picasso, and the most influential figures in contemporary art: Lee Ufan, Tom\u00e1s Saraceno, Alicja Kwade, \u00d3lafur El\u00edasson, Anselm Kiefer, and Richard Long.<\/p>\n<p><strong>B\u00e9reng\u00e8re Baucher<\/strong> is the commissioning editor at Presses de la Cit\u00e9. She holds a PhD in French literature and worked as a teacher-researcher before spending ten years at \u00c9ditions Le Robert, first as a lexicographer and then as literary director alongside Alain Rey.<\/p>\n<p><strong>Fr\u00e9d\u00e9ric Lenoir<\/strong>, philosopher and sociologist, holds a doctorate from the \u00c9cole des hautes \u00e9tudes en sciences sociales (EHESS). Author of around fifty works translated into some twenty languages, he also writes for the theatre, television (documentaries) and graphic novels. In 2016, he co-founded the foundation and the association SEVE, Savoir \u00catre et Vivre Ensemble, and in 2017 he created the association Ensemble pour les Animaux. In 2024, he founded La Maison des sagesses with the aim of disseminating philosophical knowledge understood as an art of living, in the sense in which the Greeks conceived it.<\/p>\n<p><a href=\"https:\/\/www.fondationopale.ch\/en\/exhibitions\/roots\/\" target=\"_blank\" rel=\"noopener\">Exhibition: Fondation Opale, Lens-Crans Montana, Valais, 21 December 2025 \u2013 12 April 2026<\/a><\/p>\n","protected":false},"excerpt":{"rendered":"<p>With an essay by Garance Primat. Preface by Fr\u00e9d\u00e9ric Lenoir, texts by B\u00e9reng\u00e8re Baucher Racines | Roots is a vibrant art book reflecting the unique vision of a passionate philanthropist, collector, and entrepreneur. Garance Primat unveils a selection of works drawn from the heart of her aesthetic and spiritual journey. For her, art is a&hellip;<\/p>\n","protected":false},"featured_media":35375,"template":"","meta":{"_acf_changed":false,"inline_featured_image":false},"product_brand":[],"product_cat":[53],"product_tag":[],"class_list":{"0":"post-35284","1":"product","2":"type-product","3":"status-publish","4":"has-post-thumbnail","6":"product_cat-contemporary-art","7":"disponibilita-si","8":"description-off","10":"first","11":"instock","12":"featured","13":"shipping-taxable","14":"purchasable","15":"product-type-simple"},"acf":[],"_links":{"self":[{"href":"https:\/\/www.fivecontinentseditions.com\/en\/wp-json\/wp\/v2\/product\/35284","targetHints":{"allow":["GET"]}}],"collection":[{"href":"https:\/\/www.fivecontinentseditions.com\/en\/wp-json\/wp\/v2\/product"}],"about":[{"href":"https:\/\/www.fivecontinentseditions.com\/en\/wp-json\/wp\/v2\/types\/product"}],"wp:featuredmedia":[{"embeddable":true,"href":"https:\/\/www.fivecontinentseditions.com\/en\/wp-json\/wp\/v2\/media\/35375"}],"wp:attachment":[{"href":"https:\/\/www.fivecontinentseditions.com\/en\/wp-json\/wp\/v2\/media?parent=35284"}],"wp:term":[{"taxonomy":"product_brand","embeddable":true,"href":"https:\/\/www.fivecontinentseditions.com\/en\/wp-json\/wp\/v2\/product_brand?post=35284"},{"taxonomy":"product_cat","embeddable":true,"href":"https:\/\/www.fivecontinentseditions.com\/en\/wp-json\/wp\/v2\/product_cat?post=35284"},{"taxonomy":"product_tag","embeddable":true,"href":"https:\/\/www.fivecontinentseditions.com\/en\/wp-json\/wp\/v2\/product_tag?post=35284"}],"curies":[{"name":"wp","href":"https:\/\/api.w.org\/{rel}","templated":true}]}}