{"id":34968,"date":"2025-11-05T11:40:16","date_gmt":"2025-11-05T11:40:16","guid":{"rendered":"https:\/\/www.fivecontinentseditions.com\/?post_type=product&#038;p=34968"},"modified":"2025-12-09T15:10:26","modified_gmt":"2025-12-09T15:10:26","slug":"slavko-kopac","status":"publish","type":"product","link":"https:\/\/www.fivecontinentseditions.com\/en\/p\/slavko-kopac\/","title":{"rendered":"SLAVKO KOPA\u010c"},"content":{"rendered":"<p><em>Edited by Roberta Trapani. With an essay by Bernard Blist\u00e8ne. Texts by Cristina Acidini, Luca Macchi, Tamara Flori\u010di\u0107, Roberta Trapani, Pietro Nocita, Susanna Ragionieri, Michele Amedei, Roberta Serpolli, Pauline Goutain, D\u00e9borah Lehot-Couette, Katharine Conley, Kent Mitchell Minturn, Fabrice Flahutez<\/em><\/p>\n<p>The volume accompanies the exhibition \u201cSlavko Kopa\u010d. Il tesoro nascosto\u201d (Accademia delle Arti del Disegno, Florence). With an introduction by Bernard Blist\u00e8ne, honorary director of the Centre Pompidou and advocate of the acquisition of twelve of Kopa\u010d\u2019s works into the museum\u2019s collection, the book explores a multifaceted artist, deeply connected to Surrealism, Informal Art, and Art Brut.<\/p>\n<p>A key collaborator of Jean Dubuffet and the first curator of the Collection de l\u2019Art Brut, Kopa\u010d played a fundamental part in its promotion and configuration. His magical, totemic universe captivated the Surrealists and led to a collaboration with Andr\u00e9 Breton. At the same time, critic Michel Tapi\u00e9 included him in Un art autre (1952), recognising his originality within the Informal Art movement.<\/p>\n<p>He used painting, drawing, ceramics, sculpture, collage, and art books to explore materiality, intertwining reality and fantasy. The volume features contributions by leading international scholars and an extensive iconographic repertoire, including previously unpublished works and archival documents.<\/p>\n<p><a href=\"https:\/\/www.aadfi.it\/inaugurazione-mostra-slavko-kopac-il-tesoro-nascosto\/\" target=\"_blank\" rel=\"noopener\">Exhibition: Accademia delle Arti del Disegno, Florence, 12 September \u2013 13 November 2025<\/a><\/p>\n<p><strong>Bernard Blist\u00e8ne<\/strong> has been honorary director of the Centre Pompidou since 2021 and headed the institution from 2013 to 2021. He has left a significant mark on the museum\u2019s profile through numerous exhibitions and retrospectives (Fontana, Twombly, Warhol, Baselitz, etc.), while also establishing museums in Marseille. He was a professor at the \u00c9cole du Louvre for twenty-five years and organiser of international biennials, conceiving and directing the Nouveau Festival at the Centre Pompidou and spearheading major projects, such as \u201cMondes Nouveaux\u201d.<\/p>\n<p><strong>Roberta Trapani<\/strong> is a historian of contemporary art with a PhD awarded by Paris Nanterre and Palermo Universities in an international joint supervision programme. She is a cofounder of the Collective de r\u00e9flexion autour de l\u2019Art Brut (CrAB), the Kopa\u010d Commettee Association (Paris), and an associate researcher at ECLLA (University of Saint-\u00c9tienne), InTRU (University of Tours), and Osservatorio Outsider Art (Palermo). She has organised exhibitions in France, Belgium and Italy and published essays on twentieth- and twentyfirst-century artists and movements.<\/p>\n<p><a href=\"https:\/\/www.raicultura.it\/arte\/articoli\/2025\/09\/Slavko-Kopac-il-tesoro-nascosto-a-Firenze-2991e84d-70b5-486a-a479-08c913fc0a1b.html\" target=\"_blank\" rel=\"noopener\">Slavko Kopa\u010d, il tesoro nascosto a Firenze | RAI Cultura<\/a><\/p>\n<p><a href=\"https:\/\/www.artedossier.it\/en\/art-news\/slavko-kopac-una-mostra-firenze\/\" target=\"_blank\" rel=\"noopener\">Slavko Kopa\u010d: una mostra a Firenze | Art(e)dossier<\/a><\/p>\n<p><a href=\"https:\/\/www.exibart.com\/mostre\/firenze-e-il-tesoro-nascosto-di-slavko-kopac-in-una-grande-retrospettiva\/\" target=\"_blank\" rel=\"noopener\">Firenze e il tesoro nascosto di Slavko Kopa\u010d in una grande retrospettiva | Exibart<\/a><\/p>\n<p><a href=\"https:\/\/www.artribune.com\/mostre-evento-arte\/slavko-kopac-il-tesoro-nascosto-arte-informale-surrealismo-art-brut\/\" target=\"_blank\" rel=\"noopener\">Slavko Kopa\u010d \u2013 Il tesoro nascosto. Arte informale surrealismo art brut | Art Tribune<\/a><\/p>\n<p><a href=\"https:\/\/www.lanazione.it\/firenze\/cronaca\/il-tesoro-di-slavko-kopac-158f959e\" target=\"_blank\" rel=\"noopener\">Il tesoro di Slavko Kopa\u010d. Firenze ricorda l\u2019allievo | La Nazione<\/a><\/p>\n<p><a href=\"https:\/\/www.thedotcultura.it\/mostre-il-ritorno-a-firenze-di-slavko-kopac-un-gigante-dellarte\/\" target=\"_blank\" rel=\"noopener\">Mostre: il ritorno a Firenze di Slavko Kopa\u010d, un gigante dell\u2019arte | thedotcultura.it<\/a><\/p>\n<p><a href=\"https:\/\/www.theflorentine.net\/2025\/09\/10\/slavko-kopac-accademia-arti-disegno\/\" target=\"_blank\" rel=\"noopener\">Slavko Kopa\u010d at the Accademia delle Arti del Disegno | The Florentine<\/a><\/p>\n","protected":false},"excerpt":{"rendered":"<p>Edited by Roberta Trapani. With an essay by Bernard Blist\u00e8ne. Texts by Cristina Acidini, Luca Macchi, Tamara Flori\u010di\u0107, Roberta Trapani, Pietro Nocita, Susanna Ragionieri, Michele Amedei, Roberta Serpolli, Pauline Goutain, D\u00e9borah Lehot-Couette, Katharine Conley, Kent Mitchell Minturn, Fabrice Flahutez The volume accompanies the exhibition \u201cSlavko Kopa\u010d. Il tesoro nascosto\u201d (Accademia delle Arti del Disegno, Florence).&hellip;<\/p>\n","protected":false},"featured_media":34982,"template":"","meta":{"_acf_changed":false,"inline_featured_image":false},"product_brand":[],"product_cat":[48],"product_tag":[],"class_list":{"0":"post-34968","1":"product","2":"type-product","3":"status-publish","4":"has-post-thumbnail","6":"product_cat-outsider-art","7":"disponibilita-si","8":"description-off","10":"first","11":"instock","12":"featured","13":"shipping-taxable","14":"purchasable","15":"product-type-simple"},"acf":[],"_links":{"self":[{"href":"https:\/\/www.fivecontinentseditions.com\/en\/wp-json\/wp\/v2\/product\/34968","targetHints":{"allow":["GET"]}}],"collection":[{"href":"https:\/\/www.fivecontinentseditions.com\/en\/wp-json\/wp\/v2\/product"}],"about":[{"href":"https:\/\/www.fivecontinentseditions.com\/en\/wp-json\/wp\/v2\/types\/product"}],"wp:featuredmedia":[{"embeddable":true,"href":"https:\/\/www.fivecontinentseditions.com\/en\/wp-json\/wp\/v2\/media\/34982"}],"wp:attachment":[{"href":"https:\/\/www.fivecontinentseditions.com\/en\/wp-json\/wp\/v2\/media?parent=34968"}],"wp:term":[{"taxonomy":"product_brand","embeddable":true,"href":"https:\/\/www.fivecontinentseditions.com\/en\/wp-json\/wp\/v2\/product_brand?post=34968"},{"taxonomy":"product_cat","embeddable":true,"href":"https:\/\/www.fivecontinentseditions.com\/en\/wp-json\/wp\/v2\/product_cat?post=34968"},{"taxonomy":"product_tag","embeddable":true,"href":"https:\/\/www.fivecontinentseditions.com\/en\/wp-json\/wp\/v2\/product_tag?post=34968"}],"curies":[{"name":"wp","href":"https:\/\/api.w.org\/{rel}","templated":true}]}}