{"id":34525,"date":"2025-11-10T10:52:25","date_gmt":"2025-11-10T10:52:25","guid":{"rendered":"https:\/\/www.fivecontinentseditions.com\/?post_type=product&#038;p=34525"},"modified":"2025-11-10T10:57:07","modified_gmt":"2025-11-10T10:57:07","slug":"bruno-sassarone-paris","status":"publish","type":"product","link":"https:\/\/www.fivecontinentseditions.com\/en\/p\/bruno-sassarone-paris\/","title":{"rendered":"Bruno Sassarone, Paris"},"content":{"rendered":"<p><em>Photographs by Bruno Sassarone. Preface by Aurore Cl\u00e9ment<\/em><\/p>\n<p><em>Paris<\/em> \u2013 a photographic book with the city as its theme \u2013 takes an abstract approach to depicting the city, while retaining a direct relationship with reality. It is part of the tradition of modernist photography, but it distinguishes itself by the perfect appearance of digitally retouched images.<\/p>\n<p>Shadows play a key role in simplifying reality, dissociating locations from their classical visual representation. The economy of form thus created enables the depiction of Paris to be radically transformed, going beyond the customary descriptive task of photography. At first glance, the viewer perceives the overall contrast of the image, with only the light lines standing out against the shadows. As the eye gradually adapts, the details in the shadows become apparent, introducing a second way of reading the photograph and enriching the way it is perceived.<\/p>\n<p>Paris is thus viewed anew, moving from shadow to abstraction.<\/p>\n<p><strong>Bruno Sassarone<\/strong>, born in 1975, lives and works in Paris. He holds a master\u2019s degree in law, but interrupted his legal career after winning <em>Photo<\/em> magazine\u2019s 2005 Canon Prize and the Front Cover Prize of the January\/February 2006 issue. Since 2008, his work has been exhibited in galleries in Paris and Brussels. As a competition winner, his work was included in exhibitions in Paris, at the Maison Europ\u00e9enne de la Photographie in 2008 (SFR Jeunes Talents), and in Saint-Tropez in 2019 (Fondation M\u00e9c\u00e9nat Chirurgie Cardiaque). Studio Harcourt Paris held an exhibition featuring more than sixty of his photographs in 2022.<\/p>\n<p><strong>Aurore Cl\u00e9ment<\/strong> is a French film and theatre actress. She was discovered by Louis Malle and has posed throughout her career for some of the world\u2019s leading photographers, such as Peter Lindbergh, Richard Avedon, and David Bailey. A book of her photographs taken by Peter Wyss, <em>Une femme sans fin s\u2019enfuit<\/em>, written by Mathieu Terence, was published by the(M) \u00e9ditions in 2002. Aurore met Bruno Sassarone at one of his Paris exhibitions and kindly agreed to write the preface to his book on Paris, as a token of her friendship and interest in his work.<\/p>\n","protected":false},"excerpt":{"rendered":"<p>Photographs by Bruno Sassarone. Preface by Aurore Cl\u00e9ment Paris \u2013 a photographic book with the city as its theme \u2013 takes an abstract approach to depicting the city, while retaining a direct relationship with reality. It is part of the tradition of modernist photography, but it distinguishes itself by the perfect appearance of digitally retouched&hellip;<\/p>\n","protected":false},"featured_media":34919,"template":"","meta":{"_acf_changed":false,"inline_featured_image":false},"product_brand":[],"product_cat":[64],"product_tag":[],"class_list":{"0":"post-34525","1":"product","2":"type-product","3":"status-publish","4":"has-post-thumbnail","6":"product_cat-photography","7":"disponibilita-si","8":"description-off","10":"first","11":"instock","12":"featured","13":"shipping-taxable","14":"purchasable","15":"product-type-simple"},"acf":[],"_links":{"self":[{"href":"https:\/\/www.fivecontinentseditions.com\/en\/wp-json\/wp\/v2\/product\/34525","targetHints":{"allow":["GET"]}}],"collection":[{"href":"https:\/\/www.fivecontinentseditions.com\/en\/wp-json\/wp\/v2\/product"}],"about":[{"href":"https:\/\/www.fivecontinentseditions.com\/en\/wp-json\/wp\/v2\/types\/product"}],"wp:featuredmedia":[{"embeddable":true,"href":"https:\/\/www.fivecontinentseditions.com\/en\/wp-json\/wp\/v2\/media\/34919"}],"wp:attachment":[{"href":"https:\/\/www.fivecontinentseditions.com\/en\/wp-json\/wp\/v2\/media?parent=34525"}],"wp:term":[{"taxonomy":"product_brand","embeddable":true,"href":"https:\/\/www.fivecontinentseditions.com\/en\/wp-json\/wp\/v2\/product_brand?post=34525"},{"taxonomy":"product_cat","embeddable":true,"href":"https:\/\/www.fivecontinentseditions.com\/en\/wp-json\/wp\/v2\/product_cat?post=34525"},{"taxonomy":"product_tag","embeddable":true,"href":"https:\/\/www.fivecontinentseditions.com\/en\/wp-json\/wp\/v2\/product_tag?post=34525"}],"curies":[{"name":"wp","href":"https:\/\/api.w.org\/{rel}","templated":true}]}}