{"id":33893,"date":"2025-09-30T16:04:49","date_gmt":"2025-09-30T16:04:49","guid":{"rendered":"https:\/\/www.fivecontinentseditions.com\/?post_type=product&#038;p=33893"},"modified":"2025-12-19T17:24:27","modified_gmt":"2025-12-19T17:24:27","slug":"laure-pigeon","status":"publish","type":"product","link":"https:\/\/www.fivecontinentseditions.com\/en\/p\/laure-pigeon\/","title":{"rendered":"Laure Pigeon"},"content":{"rendered":"<p><em>Texts by Anic Zanzi, Flavie Beuvin, V\u00e2nia Vaz De Freitas<\/em><\/p>\n<p>Laure Pigeon (1882-1965) is one of the leading figures in Art Brut (Outsider Art), along with Alo\u00efse Corbaz and Adolf W\u00f6lfli. The Collection de l\u2019Art Brut in Lausanne probably possesses her entire oeuvre, amounting to over 400 works, including writings, notebooks, small-scale drawings and an extensive series of large compositions in blue ink. These are all part of the corpus of works acquired by Jean Dubuffet, the historic collection around which the museum was founded.<\/p>\n<p>In 1978, the Collection de l\u2019Art Brut held the first and only monographic exhibition dedicated to this artist. A new exhibition in 2025 has now been devoted to her exclusively. It offers a representative selection of her striking graphic work, spanning a period of thirty years.<\/p>\n<p>Like Madge Gill, Jeanne Tripier, Augustin Lesage and Rapha\u00ebl Lonn\u00e9, Laure Pigeon too was a member of the spiritualist fraternity \u2013 men and women who feel \u201cselected\u201d to receive messages from the hereafter and claim the deceased are responsible for their creations. The spiritualist\u2019s hand is therefore guided and merely executes what the spirits dictate. The catalogue, in French and English, includes essays by several authors and a large number of colour illustrations.<\/p>\n<p><strong>Anic Zanzi<\/strong> has been a curator at the Collection de l\u2019Art Brut since 2003. An art historian with a degree in Public Relations, she is in charge of editing the various works published by the institution and organises exhibitions, such as <em>People<\/em> (2016), <em>Henriette Z\u00e9phir<\/em> (2017), <em>Ernst Kolb<\/em> (2018), <em>Carlo Zinelli, recto verso<\/em> (2019) and <em>Michel Nedjar<\/em> (2023), as well as two Art Brut biennials, <em>V\u00e9hicules<\/em> (2013) and <em>Croyances<\/em> (2022).<\/p>\n<p><strong>Flavie Beuvin<\/strong> is a visual artist with a degree in Art and Aesthetics. Her art and theoretical work focus on the echoes between the creating body and the body of the work. The concept of \u201cvegetality\u201d, which she developed as part of her academic research and published by Presses Universitaires du Septentrion as<em> V\u00e9g\u00e9talit\u00e9, Art Brut et f\u00e9minins<\/em>, lies at the heart of her aesthetics. She is also extremely keen on drawing, combining it with various other media, such as embroidery and collage.<\/p>\n<p><strong>V\u00e2nia Vaz De Freitas<\/strong> holds a BA in Conservation-Restoration from the Haute \u00c9cole Arc in Neuch\u00e2tel. She is currently pursuing a master\u2019s degree in Museum Studies at the University of Neuch\u00e2tel. She has gained experience in preventive conservation through periods spent in various other institutions, notably the Cin\u00e9math\u00e8que suisse research centre and Maison d\u2019Ailleurs. V\u00e2nia also spent time at the Collection de l\u2019Art Brut from 2023 to 2024, working mainly on Laure Pigeon\u2019s oeuvre.<\/p>\n<p><a href=\"https:\/\/lausannemusees.ch\/fr_CH\/programme\/laure-pigeon-infiniment-bleu\" target=\"_blank\" rel=\"noopener\">Exhibition:\u00a0Collection de l\u2019Art Brut, Lausanne,\u00a0October 10, 2025 \u2014 February 1, 2026<\/a><\/p>\n<p><a href=\"https:\/\/www.rts.ch\/info\/culture\/arts-visuels\/2025\/article\/laure-pigeon-l-art-spirite-bleu-fascine-a-la-collection-de-l-art-brut-29087798.html\" target=\"_blank\" rel=\"noopener\">&#8220;Infiniment bleu&#8221;, l&#8217;univers envo\u00fbtant de Laure Pigeon \u00e0 la Collection de l&#8217;Art Brut | RTS<\/a><\/p>\n","protected":false},"excerpt":{"rendered":"<p>Texts by Anic Zanzi, Flavie Beuvin, V\u00e2nia Vaz De Freitas Laure Pigeon (1882-1965) is one of the leading figures in Art Brut (Outsider Art), along with Alo\u00efse Corbaz and Adolf W\u00f6lfli. The Collection de l\u2019Art Brut in Lausanne probably possesses her entire oeuvre, amounting to over 400 works, including writings, notebooks, small-scale drawings and an&hellip;<\/p>\n","protected":false},"featured_media":34494,"template":"","meta":{"_acf_changed":false,"inline_featured_image":false},"product_brand":[],"product_cat":[48],"product_tag":[],"class_list":{"0":"post-33893","1":"product","2":"type-product","3":"status-publish","4":"has-post-thumbnail","6":"product_cat-outsider-art","7":"disponibilita-si","8":"description-off","10":"first","11":"instock","12":"featured","13":"shipping-taxable","14":"purchasable","15":"product-type-simple"},"acf":[],"_links":{"self":[{"href":"https:\/\/www.fivecontinentseditions.com\/en\/wp-json\/wp\/v2\/product\/33893","targetHints":{"allow":["GET"]}}],"collection":[{"href":"https:\/\/www.fivecontinentseditions.com\/en\/wp-json\/wp\/v2\/product"}],"about":[{"href":"https:\/\/www.fivecontinentseditions.com\/en\/wp-json\/wp\/v2\/types\/product"}],"wp:featuredmedia":[{"embeddable":true,"href":"https:\/\/www.fivecontinentseditions.com\/en\/wp-json\/wp\/v2\/media\/34494"}],"wp:attachment":[{"href":"https:\/\/www.fivecontinentseditions.com\/en\/wp-json\/wp\/v2\/media?parent=33893"}],"wp:term":[{"taxonomy":"product_brand","embeddable":true,"href":"https:\/\/www.fivecontinentseditions.com\/en\/wp-json\/wp\/v2\/product_brand?post=33893"},{"taxonomy":"product_cat","embeddable":true,"href":"https:\/\/www.fivecontinentseditions.com\/en\/wp-json\/wp\/v2\/product_cat?post=33893"},{"taxonomy":"product_tag","embeddable":true,"href":"https:\/\/www.fivecontinentseditions.com\/en\/wp-json\/wp\/v2\/product_tag?post=33893"}],"curies":[{"name":"wp","href":"https:\/\/api.w.org\/{rel}","templated":true}]}}