{"id":33867,"date":"2025-08-27T10:25:34","date_gmt":"2025-08-27T10:25:34","guid":{"rendered":"https:\/\/www.fivecontinentseditions.com\/?post_type=product&#038;p=33867"},"modified":"2025-12-01T12:05:14","modified_gmt":"2025-12-01T12:05:14","slug":"peignes-dafrique-de-louest","status":"publish","type":"product","link":"https:\/\/www.fivecontinentseditions.com\/en\/p\/peignes-dafrique-de-louest\/","title":{"rendered":"Peignes d&#8217;Afrique de l&#8217;Ouest"},"content":{"rendered":"<p><em>Edited by <\/em><em>Najwa Borro, Sarah Boukamel, Faouzi Borro, and Valentine Plisnier, with an essay by Alain-Michel Boyer<\/em><\/p>\n<p>This book is put together like a jewel and contains a carefully chosen selection of around one hundred West African combs from one of the world\u2019s largest and finest private collections of sub-Saharan African art. Featuring a hitherto unseen assortment of pieces assembled over a period of more than sixty years, the book also includes an authoritative analysis by Alain-Michel Boyer, who approached this rarely addressed theme in what was his final work, begun almost ten years ago.<\/p>\n<p>As well as offering us valuable insights into the cultures that produced these miniature sculptures (Ivory Coast, Ghana, Nigeria), he explores the way the form itself is approached. These creations transform what is in principle a plain accessory and in the effort to attain pure beauty, they display an aesthetic awareness that raises the adornment of the body to the level of fine art.<\/p>\n<p><strong>Alain-Michel Boyer<\/strong> (9 May 1949 &#8211; 27 March 2025) was an anthropologist and art historian. He held an argr\u00e9gation in literature and a BA from the Institut d\u2019\u00e9tudes politiques, as well as two doctorates (Sorbonne, Paris). Following his Fulbright Scholarship (United States), he taught at several American universities. After serving as a member of the Conseil national des universit\u00e9s in Paris, Alain-Michel Boyer then became emeritus professor of African Art. In 1974, he published one of the first books on Michel Leiris. He lived for several years in Ivory Coast, particularly among the Baule and Yaure peoples. He also carried out several research missions in Mali, Liberia, Ghana, Tanzania, Malawi, the Omo Valley, southern Ethiopia, Zimbabwe, Namibia, Lesotho and South Africa. He carried out definitive research, particularly in the field of the arts of Ivory Coast. He authored around twenty books, including <em>Comment regarder les arts d\u2019Afrique<\/em> (Hazan, 2017), <em>Baule<\/em> (5 Continents Editions, 2008) and <em>Le corps africain<\/em> (Hazan, 2006). He published the only books on the masks and figurines of two peoples hitherto neglected by art historians: <em>L<\/em><em>es Yohour<\/em><em>\u00e9 <\/em><em>de C\u00f4te d&#8217;Ivoire<\/em><em>. <\/em><em>Faire danser les dieux<\/em> (Ides et calendes, 2017) and <em>Les figurines kulango<\/em><em>. Les esprits myst\u00e9rieux de la brousse de la collection Pierluigi Peroni <\/em>(5 Continents Editions, 2017). Alain-Michel Boyer was an Officier de l\u2019ordre national du M\u00e9rite de la R\u00e9publique de C\u00f4te d&#8217;Ivoire.<\/p>\n<p><strong>Najwa Borro<\/strong> is an independent researcher and exhibition organiser specialising in African art. She has worked with numerous galleries, auction houses and museums. As scientific assistant to Yves Le Fur, director of the Heritage and Collections Department at the mus\u00e9e du Quai Branly &#8211; Jacques Chirac, she worked on the design of the \u201cLes for\u00eats natales. Arts d&#8217;Afrique \u00e9quatoriale atlantique\u201d exhibition (2017).<\/p>\n<p><strong>Sarah Boukamel<\/strong> is a graduate of the \u00c9cole du Louvre, an art historian and teacher specialising in the history of African art. She has made a significant contribution to recording the works in the Marc Ladreit de Lacharri\u00e8re bequest to the mus\u00e9e du Quai Branly &#8211; Jacques Chirac.<\/p>\n<p><strong>Valentine Plisnier<\/strong> is a researcher in art history, an exhibition organiser and author. Her books include <em>Le primitivisme dans la photographie. L\u2019impact des arts extra-europ\u00e9ens sur la modernit\u00e9 photographique de 1918 \u00e0 nos jours<\/em> (Trocad\u00e9ro, 2012), <em>L\u2019Art lega. Grandeur et humilit\u00e9<\/em>, in collaboration with Michel Boulanger (Galerie Valois, 2016), <em>Arts d\u2019Afrique. Portraits d\u2019une collection<\/em> (5 Continents Editions, 2016), in collaboration with Patrick Caput and <em>Pierre Dartevelle et les arts premiers : m\u00e9moire et continuit\u00e9<\/em> (5 Continents Editions, 2020).<\/p>\n<p><a href=\"https:\/\/www.parcours-des-mondes.com\/page\/peignesdafriquedelouest.html\" target=\"_blank\" rel=\"noopener\">Peignes d&#8217;Afrique de l&#8217;Ouest Lucas Ratton | parcours-des-mondes.com<\/a><\/p>\n","protected":false},"excerpt":{"rendered":"<p>Edited by Najwa Borro, Sarah Boukamel, Faouzi Borro, and Valentine Plisnier, with an essay by Alain-Michel Boyer This book is put together like a jewel and contains a carefully chosen selection of around one hundred West African combs from one of the world\u2019s largest and finest private collections of sub-Saharan African art. Featuring a hitherto&hellip;<\/p>\n","protected":false},"featured_media":33930,"template":"","meta":{"_acf_changed":false,"inline_featured_image":false},"product_brand":[],"product_cat":[50],"product_tag":[],"class_list":{"0":"post-33867","1":"product","2":"type-product","3":"status-publish","4":"has-post-thumbnail","6":"product_cat-african-art","7":"disponibilita-si","8":"description-off","10":"first","11":"instock","12":"shipping-taxable","13":"purchasable","14":"product-type-simple"},"acf":[],"_links":{"self":[{"href":"https:\/\/www.fivecontinentseditions.com\/en\/wp-json\/wp\/v2\/product\/33867","targetHints":{"allow":["GET"]}}],"collection":[{"href":"https:\/\/www.fivecontinentseditions.com\/en\/wp-json\/wp\/v2\/product"}],"about":[{"href":"https:\/\/www.fivecontinentseditions.com\/en\/wp-json\/wp\/v2\/types\/product"}],"wp:featuredmedia":[{"embeddable":true,"href":"https:\/\/www.fivecontinentseditions.com\/en\/wp-json\/wp\/v2\/media\/33930"}],"wp:attachment":[{"href":"https:\/\/www.fivecontinentseditions.com\/en\/wp-json\/wp\/v2\/media?parent=33867"}],"wp:term":[{"taxonomy":"product_brand","embeddable":true,"href":"https:\/\/www.fivecontinentseditions.com\/en\/wp-json\/wp\/v2\/product_brand?post=33867"},{"taxonomy":"product_cat","embeddable":true,"href":"https:\/\/www.fivecontinentseditions.com\/en\/wp-json\/wp\/v2\/product_cat?post=33867"},{"taxonomy":"product_tag","embeddable":true,"href":"https:\/\/www.fivecontinentseditions.com\/en\/wp-json\/wp\/v2\/product_tag?post=33867"}],"curies":[{"name":"wp","href":"https:\/\/api.w.org\/{rel}","templated":true}]}}