{"id":33846,"date":"2025-08-25T15:40:33","date_gmt":"2025-08-25T15:40:33","guid":{"rendered":"https:\/\/www.fivecontinentseditions.com\/?post_type=product&#038;p=33846"},"modified":"2025-09-04T07:35:59","modified_gmt":"2025-09-04T07:35:59","slug":"jivya-soma-mashe","status":"publish","type":"product","link":"https:\/\/www.fivecontinentseditions.com\/en\/p\/jivya-soma-mashe\/","title":{"rendered":"Jivya Soma Mashe"},"content":{"rendered":"<p><em>Texts by Herv\u00e9 Perdriolle <\/em><\/p>\n<p>This book is the first to be devoted entirely to the artwork of Jivya Soma Mashe (1934\u20132018). This legendary figure of the Warli tribe (Maharashtra, India) was one of those artists \u2013 or authors, as Dubuffet would have said \u2013 like Bill Traylor or Fr\u00e9d\u00e9ric Bruly-Bouabr\u00e9, who open our eyes to the richness and diversity of our cultures.<\/p>\n<p>Abandoned by his family at a young age, Jivya Soma Mashe took refuge in drawing and embraced the pictorial traditions of his community, later going on to develop a personal style that would earn him the admiration first of his loved ones, then that of regional, national and international authorities.<\/p>\n<p>His work earned him a National Award, presented by Indira Gandhi in 1976. Jivya Soma Mashe\u2019s paintings were exhibited for the first time at Mumbai\u2019s historic Chemould Gallery in 1975. A number of them feature in the famous catalogue of the Centre Pompidou\u2019s <em>Magicie<\/em><em>ns <\/em><em>de la terre<\/em> exhibition in 1989, while others were shown in the Fondation Cartier\u2019s thirtieth anniversary exhibition in 2014. Some of his large paintings will be on display in the inaugural exhibition at the Fondation Cartier\u2019s new premises, opposite the Louvre Museum, from the end of October 2025.<\/p>\n<p><strong>Herv\u00e9 Perdriolle<\/strong> is an art critic and exhibition curator. He launched the first exhibitions in France of the Figuration Libre movement (Blanchard, Boisrond, Combas, Di Rosa, Viollet) and their American counterparts (Basquiat, Haring, Scharf). Herv\u00e9 Perdriolle lived in India from 1996 to 1999, and since then his passion for contemporary Indian art in all its diversity has been evident in the numerous exhibitions he has organised.<\/p>\n","protected":false},"excerpt":{"rendered":"<p>Texts by Herv\u00e9 Perdriolle This book is the first to be devoted entirely to the artwork of Jivya Soma Mashe (1934\u20132018). This legendary figure of the Warli tribe (Maharashtra, India) was one of those artists \u2013 or authors, as Dubuffet would have said \u2013 like Bill Traylor or Fr\u00e9d\u00e9ric Bruly-Bouabr\u00e9, who open our eyes to&hellip;<\/p>\n","protected":false},"featured_media":33899,"template":"","meta":{"_acf_changed":false,"inline_featured_image":false},"product_brand":[],"product_cat":[53],"product_tag":[],"class_list":{"0":"post-33846","1":"product","2":"type-product","3":"status-publish","4":"has-post-thumbnail","6":"product_cat-contemporary-art","7":"disponibilita-si","8":"description-off","10":"first","11":"instock","12":"featured","13":"shipping-taxable","14":"purchasable","15":"product-type-simple"},"acf":[],"_links":{"self":[{"href":"https:\/\/www.fivecontinentseditions.com\/en\/wp-json\/wp\/v2\/product\/33846","targetHints":{"allow":["GET"]}}],"collection":[{"href":"https:\/\/www.fivecontinentseditions.com\/en\/wp-json\/wp\/v2\/product"}],"about":[{"href":"https:\/\/www.fivecontinentseditions.com\/en\/wp-json\/wp\/v2\/types\/product"}],"wp:featuredmedia":[{"embeddable":true,"href":"https:\/\/www.fivecontinentseditions.com\/en\/wp-json\/wp\/v2\/media\/33899"}],"wp:attachment":[{"href":"https:\/\/www.fivecontinentseditions.com\/en\/wp-json\/wp\/v2\/media?parent=33846"}],"wp:term":[{"taxonomy":"product_brand","embeddable":true,"href":"https:\/\/www.fivecontinentseditions.com\/en\/wp-json\/wp\/v2\/product_brand?post=33846"},{"taxonomy":"product_cat","embeddable":true,"href":"https:\/\/www.fivecontinentseditions.com\/en\/wp-json\/wp\/v2\/product_cat?post=33846"},{"taxonomy":"product_tag","embeddable":true,"href":"https:\/\/www.fivecontinentseditions.com\/en\/wp-json\/wp\/v2\/product_tag?post=33846"}],"curies":[{"name":"wp","href":"https:\/\/api.w.org\/{rel}","templated":true}]}}