{"id":32368,"date":"2025-01-07T08:00:18","date_gmt":"2025-01-07T08:00:18","guid":{"rendered":"https:\/\/www.fivecontinentseditions.com\/?post_type=product&#038;p=32368"},"modified":"2024-12-10T16:35:17","modified_gmt":"2024-12-10T16:35:17","slug":"jean-paul-riopelle-en-mouvement-1923-2002","status":"publish","type":"product","link":"https:\/\/www.fivecontinentseditions.com\/en\/p\/jean-paul-riopelle-en-mouvement-1923-2002\/","title":{"rendered":"Jean Paul Riopelle en mouvement (1923-2002)"},"content":{"rendered":"<p><em>Text by Pierre B. Landry<\/em><\/p>\n<p><strong>An intimate, documented portrait of an iconic artist<\/strong><\/p>\n<p>Besides being a first-rate biographical chronicle, <em>Jean Paul Riopelle en mouvement (1923-2002)<\/em> is a considerable work in its own right. Pierre B. Landry paints a portrait of Riopelle the man as well as the artist in the form of a path-making chronology: photographic archives, outstanding records and quotations, and naturally the painter\u2019s seminal works, all combine to give a picture of a life revealed through unprecedentedly thorough research.<\/p>\n<p>In addition to examining Riopelle as a towering figure in the world of painting, Landry examines the period in which he was active, his friendships (mainly French and Qu\u00e9b\u00e9cois) and the various art-historical movements and topics that informed his work and its reception.<\/p>\n<p>Divided into six sections, this account follows the painter\u2019s life from his early years to his death in 2002. A preface by John Porter, founder member and secretary of the Jean Paul Riopelle Foundation, and an afterword by Guillaume Savard, content manager at Espace Riopelle (MNBAQ), round off this exhaustive and essential work on the painter\u2019s life and \u0153uvre.<\/p>\n<p><strong>Jean Paul Riopelle<\/strong> was born in Montreal on 7 October 1923. Introduced by Paul-\u00c9mile Borduas to art with an open mind, he took part in the activities of Les Automatistes and signed the <em>Refus Global<\/em> manifesto (1948). In 1947, he moved to Paris, where he associated with Andr\u00e9 Breton and the French Surrealists. He then joined the early movements that would engender Lyrical Abstraction, where he came to the attention of the critic Georges Duthuit. Riopelle\u2019s art reached its maturity in the early 1950s with his brightly coloured \u201cmosaic\u201d paintings.\u00a0Winner of the UNESCO Prize at the Venice Biennale (1962), Riopelle adopted a personal approach in which nature and abstraction are pitted against each other in a constant dynamic tension. Jean Paul Riopelle was a tireless traveller and nature lover and died at his home on \u00cele aux Grues, Quebec, on 12 March 2002.<\/p>\n<p><strong>Pierre B. Landry<\/strong> is an art historian and museologist. He has been associate curator of Canadian art at the National Gallery of Canada, Ottawa, and manager of collections and research at the Mus\u00e9e national des beaux-arts du Qu\u00e9bec.\u00a0A keen observer of the interplay between the arts, personal narratives and history, Landry is particularly interested in the evolution of museums and the development of their collections. He is the author of <em>75 ans chrono. Le Mus\u00e9e national des beaux-arts du Qu\u00e9bec, 1933-2008 <\/em>(2009);<em> Une histoire de l&#8217;art du Qu\u00e9bec, la collection du Mus\u00e9e national des beaux-arts du Qu\u00e9bec (<\/em>2004); and the catalogue of the National Gallery of Canada:<em> Canadian Art<\/em> (1988, 1994, 1997).<\/p>\n","protected":false},"excerpt":{"rendered":"<p>Text by Pierre B. Landry An intimate, documented portrait of an iconic artist Besides being a first-rate biographical chronicle, Jean Paul Riopelle en mouvement (1923-2002) is a considerable work in its own right. Pierre B. Landry paints a portrait of Riopelle the man as well as the artist in the form of a path-making chronology:&hellip;<\/p>\n","protected":false},"featured_media":32420,"template":"","meta":{"_acf_changed":false,"inline_featured_image":false},"product_brand":[],"product_cat":[53],"product_tag":[],"class_list":{"0":"post-32368","1":"product","2":"type-product","3":"status-publish","4":"has-post-thumbnail","6":"product_cat-contemporary-art","7":"disponibilita-si","8":"description-off","10":"first","11":"instock","12":"featured","13":"shipping-taxable","14":"purchasable","15":"product-type-simple"},"acf":[],"_links":{"self":[{"href":"https:\/\/www.fivecontinentseditions.com\/en\/wp-json\/wp\/v2\/product\/32368","targetHints":{"allow":["GET"]}}],"collection":[{"href":"https:\/\/www.fivecontinentseditions.com\/en\/wp-json\/wp\/v2\/product"}],"about":[{"href":"https:\/\/www.fivecontinentseditions.com\/en\/wp-json\/wp\/v2\/types\/product"}],"wp:featuredmedia":[{"embeddable":true,"href":"https:\/\/www.fivecontinentseditions.com\/en\/wp-json\/wp\/v2\/media\/32420"}],"wp:attachment":[{"href":"https:\/\/www.fivecontinentseditions.com\/en\/wp-json\/wp\/v2\/media?parent=32368"}],"wp:term":[{"taxonomy":"product_brand","embeddable":true,"href":"https:\/\/www.fivecontinentseditions.com\/en\/wp-json\/wp\/v2\/product_brand?post=32368"},{"taxonomy":"product_cat","embeddable":true,"href":"https:\/\/www.fivecontinentseditions.com\/en\/wp-json\/wp\/v2\/product_cat?post=32368"},{"taxonomy":"product_tag","embeddable":true,"href":"https:\/\/www.fivecontinentseditions.com\/en\/wp-json\/wp\/v2\/product_tag?post=32368"}],"curies":[{"name":"wp","href":"https:\/\/api.w.org\/{rel}","templated":true}]}}