{"id":27626,"date":"2022-10-17T05:00:00","date_gmt":"2022-10-17T05:00:00","guid":{"rendered":"https:\/\/www.fivecontinentseditions.com\/?post_type=product&#038;p=27626"},"modified":"2024-04-18T09:57:17","modified_gmt":"2024-04-18T09:57:17","slug":"les-antiquites-classiques","status":"publish","type":"product","link":"https:\/\/www.fivecontinentseditions.com\/en\/p\/les-antiquites-classiques\/","title":{"rendered":"Les antiquit\u00e9s classiques"},"content":{"rendered":"<p>This double volume introduces Fondation Gandur\u2019s collection of classical antiques gathered over more than forty years by Jean Claude Gandur in strict compliance with the law that regulates the buying and selling of antiques. It is a remarkable collection for the wealth, variety, and beauty of its over 400 totally unprecedented objects of material culture, 200 of which are analyzed in the present edition.<\/p>\n<p>The first volume investigates the subject of ancient religion by observing images of idols, goddesses, gods, and devotees, and through them related rituals and religious practices; while the second focuses on especially exquisite objects, luxurious trifles known since ancient times as<em> delici\u00e6<\/em>.<\/p>\n<p>However, in both cases there is a two-fold purpose: on the one hand, making these artifacts known to the broadest public possible of scholars and enthusiasts, while on the other, giving voice to these very objects, allowing them to become the means for an increasingly profound knowledge of subjects connected to archaeology, to the history of religions, to iconography, and to the many aspects peculiar to ancient history and especially to the relationship between humankind and the rest of the world.<\/p>\n<p>These two volumes interact with each other, forming a whole that offers a sparkling view of Greek-Roman antiquity, from geometric Italy to the Roman Orient of the Later Empire, through archaic Cyprus, classical Greece, and Hellenistic Egypt. Categorized by subject, origin, and date, each of these artifacts is analyzed by type and iconography, and is then placed within the historical context in which it was created.<\/p>\n<p>This set is thus an invitation to readers to take part in a wonderful journey in the company of the gods and mortals of the ancient Mediterranean.<\/p>\n<p>&nbsp;<\/p>\n<p><strong>Isabelle Tassignon<\/strong> holds a PhD in archaeology and history of religions. She has been a member of the \u00c9cole fran\u00e7aise d&#8217;Ath\u00e8nes and a professor at the University of Namur. She is now the curator of the classical archaeology and ethnology collections at the Fondation Gandur pour l&#8217;Art.<\/p>\n<p><strong>Henri Lavagne<\/strong> has a PhD in literature and was a member of the \u00c9cole fran\u00e7aise de Rome. He has taught at the \u00c9cole pratique des Hautes \u00c9tudes (Paris-Sorbonne); in 2006 he joined the Institut (Acad\u00e9mie des Inscriptions et Belles-Lettres).<\/p>\n","protected":false},"excerpt":{"rendered":"<p>This double volume introduces Fondation Gandur\u2019s collection of classical antiques gathered over more than forty years by Jean Claude Gandur in strict compliance with the law that regulates the buying and selling of antiques. It is a remarkable collection for the wealth, variety, and beauty of its over 400 totally unprecedented objects of material culture,&hellip;<\/p>\n","protected":false},"featured_media":28049,"template":"","meta":{"_acf_changed":false,"inline_featured_image":false},"product_brand":[],"product_cat":[46],"product_tag":[],"class_list":{"0":"post-27626","1":"product","2":"type-product","3":"status-publish","4":"has-post-thumbnail","6":"product_cat-archaeology","7":"disponibilita-si","8":"description-off","10":"first","11":"instock","12":"shipping-taxable","13":"purchasable","14":"product-type-simple"},"acf":[],"_links":{"self":[{"href":"https:\/\/www.fivecontinentseditions.com\/en\/wp-json\/wp\/v2\/product\/27626","targetHints":{"allow":["GET"]}}],"collection":[{"href":"https:\/\/www.fivecontinentseditions.com\/en\/wp-json\/wp\/v2\/product"}],"about":[{"href":"https:\/\/www.fivecontinentseditions.com\/en\/wp-json\/wp\/v2\/types\/product"}],"wp:featuredmedia":[{"embeddable":true,"href":"https:\/\/www.fivecontinentseditions.com\/en\/wp-json\/wp\/v2\/media\/28049"}],"wp:attachment":[{"href":"https:\/\/www.fivecontinentseditions.com\/en\/wp-json\/wp\/v2\/media?parent=27626"}],"wp:term":[{"taxonomy":"product_brand","embeddable":true,"href":"https:\/\/www.fivecontinentseditions.com\/en\/wp-json\/wp\/v2\/product_brand?post=27626"},{"taxonomy":"product_cat","embeddable":true,"href":"https:\/\/www.fivecontinentseditions.com\/en\/wp-json\/wp\/v2\/product_cat?post=27626"},{"taxonomy":"product_tag","embeddable":true,"href":"https:\/\/www.fivecontinentseditions.com\/en\/wp-json\/wp\/v2\/product_tag?post=27626"}],"curies":[{"name":"wp","href":"https:\/\/api.w.org\/{rel}","templated":true}]}}